{"id":44684,"date":"2024-08-18T09:36:41","date_gmt":"2024-08-18T09:36:41","guid":{"rendered":"https:\/\/staging.nbg.eu\/product\/mr-bulletfeeder-pro-9-38s\/"},"modified":"2024-09-10T09:12:07","modified_gmt":"2024-09-10T09:12:07","slug":"mrbulletfeeder-pro-938s","status":"publish","type":"product","link":"https:\/\/staging.nbg.eu\/et\/toode\/mrbulletfeeder-pro-938s\/","title":{"rendered":"Mr.Bulletfeeder Pro 9\/38S"},"content":{"rendered":"<div class=\"product-description\">\n<h2>Mr.Bulletfeeder Pro 9\/38S<\/h2>\n<p>T\u00f5stke oma relvalaskemoona taaslaadimine uuele tasemele Mr.Bulletfeeder Pro 9\/38S-ga, mis on parim lahendus suuremahuliseks laskemoona tootmiseks. See t\u00e4iustatud kuulis\u00f6\u00f6tur pakub:<\/p>\n<ul>\n<li>Suur mahutavus: Mahutab \u00fcle 1000 9mm 124 gr kuuli<\/li>\n<li>Muljetavaldav tootlikkus: Kuni 7200 kuuli tunnis<\/li>\n<li>Tugev konstruktsioon: Terasest langetusvorm suurema vastupidavuse tagamiseks<\/li>\n<li>Reguleeritav alus: Alumiiniumist, teleskoopne ja k\u00f5rguse reguleerimise v\u00f5imalusega optimaalseks paigutamiseks<\/li>\n<li>Parem t\u00f6\u00f6kindlus: Raskemad komponendid tagavad j\u00e4rjepideva t\u00f6\u00f6<\/li>\n<\/ul>\n<p>Mr.Bulletfeeder Pro 9\/38S on ideaalne kommertslaadijaile ja suure mahuga laskuritele, lihtsustades teie laskemoona tootmisprotsessi ning s\u00e4\u00e4stes aega ja vaeva.<\/p>\n<\/div>\n","protected":false},"excerpt":{"rendered":"<p>Mr.Bulletfeeder Pro 9\/38S: Suure mahutavusega kuulis\u00f6\u00f6tur t\u00f5sistele relvapadrunitaastajatele.<\/p>\n","protected":false},"featured_media":27533,"template":"","meta":{"_acf_changed":false},"product_brand":[11262],"product_cat":[1060,1061],"product_tag":[],"class_list":{"0":"post-44684","1":"product","2":"type-product","3":"status-publish","4":"has-post-thumbnail","6":"product_brand-doublealpha","7":"product_cat-reloading-et","8":"product_cat-reloading-machines-et","10":"first","11":"outofstock","12":"taxable","13":"shipping-taxable","14":"purchasable","15":"product-type-simple"},"acf":[],"_links":{"self":[{"href":"https:\/\/staging.nbg.eu\/et\/wp-json\/wp\/v2\/product\/44684","targetHints":{"allow":["GET"]}}],"collection":[{"href":"https:\/\/staging.nbg.eu\/et\/wp-json\/wp\/v2\/product"}],"about":[{"href":"https:\/\/staging.nbg.eu\/et\/wp-json\/wp\/v2\/types\/product"}],"wp:featuredmedia":[{"embeddable":true,"href":"https:\/\/staging.nbg.eu\/et\/wp-json\/wp\/v2\/media\/27533"}],"wp:attachment":[{"href":"https:\/\/staging.nbg.eu\/et\/wp-json\/wp\/v2\/media?parent=44684"}],"wp:term":[{"taxonomy":"product_brand","embeddable":true,"href":"https:\/\/staging.nbg.eu\/et\/wp-json\/wp\/v2\/product_brand?post=44684"},{"taxonomy":"product_cat","embeddable":true,"href":"https:\/\/staging.nbg.eu\/et\/wp-json\/wp\/v2\/product_cat?post=44684"},{"taxonomy":"product_tag","embeddable":true,"href":"https:\/\/staging.nbg.eu\/et\/wp-json\/wp\/v2\/product_tag?post=44684"}],"curies":[{"name":"wp","href":"https:\/\/api.w.org\/{rel}","templated":true}]}}