{"id":44662,"date":"2024-08-18T09:37:01","date_gmt":"2024-08-18T09:37:01","guid":{"rendered":"https:\/\/staging.nbg.eu\/product\/daa-carry-it-all-cia-backpack\/"},"modified":"2024-09-10T09:08:29","modified_gmt":"2024-09-10T09:08:29","slug":"daa-kanna-koike-cia-seljakott","status":"publish","type":"product","link":"https:\/\/staging.nbg.eu\/et\/toode\/daa-kanna-koike-cia-seljakott\/","title":{"rendered":"Daa Kanna K\u00f5ike (Cia) Seljakott"},"content":{"rendered":"<h2>DAA Carry It All (CIA) Seljakott<\/h2>\n<p>T\u00e4iuslik laskespordikaaslane p\u00fchendunud IPSC laskuritele, Double-Alpha CIA seljakott on loodud vastama ja \u00fcletama teie ootusi.<\/p>\n<h2>P\u00f5hiomadused:<\/h2>\n<ul>\n<li>Vastupidav D600 Cordura materjal vett-t\u00f5rjuvate omadustega<\/li>\n<li>Hypalon-vooderdusega p\u00f5hi lisakaitseks<\/li>\n<li>Takjaribadega sisemus kohandatavaks hoiustamiseks<\/li>\n<li>Eemaldatav keskmine vahesein<\/li>\n<li>Ruumikas \u00fclemine esitasku kuulmiskaitsevahendite jaoks<\/li>\n<li>V\u00e4line takjariba pind isikup\u00e4rastamiseks<\/li>\n<li>MOLLE rihmad lisavarustuse kinnitamiseks<\/li>\n<li>Mugavad, eemaldatavad \u00f5larihmad<\/li>\n<li>Ergonoomiline disain optimaalseks kaalu jaotuseks<\/li>\n<\/ul>\n<h2>Tehnilised andmed:<\/h2>\n<ul>\n<li>M\u00f5\u00f5tmed: 42L x 27S x 56K cm<\/li>\n<li>Maht: Umbes 37L<\/li>\n<li>Kaal: 2,8 kg<\/li>\n<li>V\u00e4rv: Must<\/li>\n<\/ul>\n<p>Koge t\u00e4iuslikku vastupidavuse, funktsionaalsuse ja mugavuse kombinatsiooni DAA CIA seljakotiga \u2013 teie h\u00e4davajalik varustus aastateks usaldusv\u00e4\u00e4rseks kasutamiseks laskespordis.<\/p>\n","protected":false},"excerpt":{"rendered":"<p>DAA CIA seljakott: Vastupidav, mitmek\u00fclgne laskekott IPSC laskuritele.<\/p>\n","protected":false},"featured_media":27763,"template":"","meta":{"_acf_changed":false},"product_brand":[11262],"product_cat":[542,1245],"product_tag":[],"class_list":{"0":"post-44662","1":"product","2":"type-product","3":"status-publish","4":"has-post-thumbnail","6":"product_brand-doublealpha","7":"product_cat-gear-et","8":"product_cat-rangebags-et","10":"first","11":"outofstock","12":"taxable","13":"shipping-taxable","14":"purchasable","15":"product-type-simple"},"acf":[],"_links":{"self":[{"href":"https:\/\/staging.nbg.eu\/et\/wp-json\/wp\/v2\/product\/44662","targetHints":{"allow":["GET"]}}],"collection":[{"href":"https:\/\/staging.nbg.eu\/et\/wp-json\/wp\/v2\/product"}],"about":[{"href":"https:\/\/staging.nbg.eu\/et\/wp-json\/wp\/v2\/types\/product"}],"wp:featuredmedia":[{"embeddable":true,"href":"https:\/\/staging.nbg.eu\/et\/wp-json\/wp\/v2\/media\/27763"}],"wp:attachment":[{"href":"https:\/\/staging.nbg.eu\/et\/wp-json\/wp\/v2\/media?parent=44662"}],"wp:term":[{"taxonomy":"product_brand","embeddable":true,"href":"https:\/\/staging.nbg.eu\/et\/wp-json\/wp\/v2\/product_brand?post=44662"},{"taxonomy":"product_cat","embeddable":true,"href":"https:\/\/staging.nbg.eu\/et\/wp-json\/wp\/v2\/product_cat?post=44662"},{"taxonomy":"product_tag","embeddable":true,"href":"https:\/\/staging.nbg.eu\/et\/wp-json\/wp\/v2\/product_tag?post=44662"}],"curies":[{"name":"wp","href":"https:\/\/api.w.org\/{rel}","templated":true}]}}