{"id":44640,"date":"2024-08-18T09:37:34","date_gmt":"2024-09-10T09:02:55","guid":{"rendered":"https:\/\/staging.nbg.eu\/product\/flex-holster-spare-slide-lock-teeth-set\/"},"modified":"2024-09-10T09:03:34","modified_gmt":"2024-09-10T09:03:34","slug":"flex-huelsikopp-varuliugluku-hammaste-komplekt","status":"publish","type":"product","link":"https:\/\/staging.nbg.eu\/et\/toode\/flex-huelsikopp-varuliugluku-hammaste-komplekt\/","title":{"rendered":"Flex H\u00fclsikopp &#8211; Varuliugluku Hammaste Komplekt"},"content":{"rendered":"<div class=\"product-description\">\n<h2>Flex V\u00f6\u00f6kott &#8211; Varuosade Komplekt Libisemiskindla Lukustuse Hammastele<\/h2>\n<p>T\u00e4iusta oma Flex v\u00f6\u00f6kotti selle punaste libisemiskindla lukustuse hammaste asendustekomplektiga. Sobib nii A-t\u00fc\u00fcpi kui ka B-t\u00fc\u00fcpi sisendplokkidega, komplekt sisaldab:<\/p>\n<ul>\n<li>Punased libisemiskindla lukustuse hambad<\/li>\n<li>Kokkupanemise riistvara (kruvid ja mutrid)<\/li>\n<\/ul>\n<p>Uuenda v\u00f5i asenda h\u00f5lpsasti olemasolevad hambad optimaalse j\u00f5udluse ja kindla istuvuse tagamiseks.<\/p>\n<\/div>\n","protected":false},"excerpt":{"rendered":"<p>Asendus punased libistusluku hambad Flex-vutlarile, koos riistvaraga.<\/p>\n","protected":false},"featured_media":30496,"template":"","meta":{"_acf_changed":false},"product_brand":[11262],"product_cat":[1002,1003,1004],"product_tag":[],"class_list":{"0":"post-44640","1":"product","2":"type-product","3":"status-publish","4":"has-post-thumbnail","6":"product_brand-doublealpha","7":"product_cat-holster-et","8":"product_cat-holster-accessories-et","9":"product_cat-sport-holster-et","11":"first","12":"instock","13":"taxable","14":"shipping-taxable","15":"purchasable","16":"product-type-simple"},"acf":[],"_links":{"self":[{"href":"https:\/\/staging.nbg.eu\/et\/wp-json\/wp\/v2\/product\/44640","targetHints":{"allow":["GET"]}}],"collection":[{"href":"https:\/\/staging.nbg.eu\/et\/wp-json\/wp\/v2\/product"}],"about":[{"href":"https:\/\/staging.nbg.eu\/et\/wp-json\/wp\/v2\/types\/product"}],"wp:featuredmedia":[{"embeddable":true,"href":"https:\/\/staging.nbg.eu\/et\/wp-json\/wp\/v2\/media\/30496"}],"wp:attachment":[{"href":"https:\/\/staging.nbg.eu\/et\/wp-json\/wp\/v2\/media?parent=44640"}],"wp:term":[{"taxonomy":"product_brand","embeddable":true,"href":"https:\/\/staging.nbg.eu\/et\/wp-json\/wp\/v2\/product_brand?post=44640"},{"taxonomy":"product_cat","embeddable":true,"href":"https:\/\/staging.nbg.eu\/et\/wp-json\/wp\/v2\/product_cat?post=44640"},{"taxonomy":"product_tag","embeddable":true,"href":"https:\/\/staging.nbg.eu\/et\/wp-json\/wp\/v2\/product_tag?post=44640"}],"curies":[{"name":"wp","href":"https:\/\/api.w.org\/{rel}","templated":true}]}}