{"id":44618,"date":"2024-08-18T09:37:54","date_gmt":"2024-08-18T09:37:54","guid":{"rendered":"https:\/\/staging.nbg.eu\/product\/daa-primer-pickup-tubes-5-pack-small\/"},"modified":"2024-09-10T08:58:40","modified_gmt":"2024-09-10T08:58:40","slug":"daa-sueuetepulbri-kogumistorus-5-pakk-vaeike","status":"publish","type":"product","link":"https:\/\/staging.nbg.eu\/et\/toode\/daa-sueuetepulbri-kogumistorus-5-pakk-vaeike\/","title":{"rendered":"Daa S\u00fc\u00fctepulbri Kogumistorus, 5-Pakk, V\u00e4ike"},"content":{"rendered":"<div class=\"product-description\">\n<h2>DAA s\u00fc\u00fctek\u00fc\u00fcnla korgid, 5 tk komplekt, v\u00e4ikesed<\/h2>\n<p>T\u00e4iusta oma relvapadrunite taaslaadimise kogemust DAA s\u00fc\u00fctek\u00fc\u00fcnla korkidega. Valmistatud k\u00f5rgekvaliteetsest alumiiniumist kasutades kohandatud pressimist\u00f6\u00f6riistu, pakuvad need korgid v\u00f5rreldamatut t\u00e4psust ja viimistlust. Punane anodeeritud viimistlus v\u00e4ikestele s\u00fc\u00fctek\u00fc\u00fcnaldele tagab lihtsa tuvastamise ja lisab elegantse v\u00e4limuse.<\/p>\n<ul>\n<li>Ergonoomiline korjamisots laiema s\u00f5rmetoe alaga v\u00e4ldib k\u00e4te v\u00e4simust<\/li>\n<li>Uuendatud otsik kahe hambaga s\u00fc\u00fctek\u00fc\u00fcnla kindlaks haaramiseks<\/li>\n<li>L\u00e4bipaistvad otsat\u00fckid s\u00fc\u00fctek\u00fc\u00fcnalde lihtsaks n\u00e4gemiseks<\/li>\n<li>Tihedalt istuvad otsad takistavad juhuslikku lahtitulekut<\/li>\n<li>\u00dchtlane sise- ja v\u00e4lisserva faasitud l\u00f5ige optimaalseks s\u00f6\u00f6tmiseks<\/li>\n<\/ul>\n<p>Koge DAA s\u00fc\u00fctek\u00fc\u00fcnla korkide mugavust ja t\u00f5husust oma taaslaadimisprotsessis. T\u00e4iusta oma varustust juba t\u00e4na!<\/p>\n<\/div>\n","protected":false},"excerpt":{"rendered":"<p>DAA s\u00fc\u00fctekapsli korjamise torukesed: 5 t\u00fckki, v\u00e4ikesed, punaseks anodeeritud alumiiniumist, ergonoomilise disainiga.<\/p>\n","protected":false},"featured_media":28039,"template":"","meta":{"_acf_changed":false},"product_brand":[11262],"product_cat":[1060,1224],"product_tag":[],"class_list":{"0":"post-44618","1":"product","2":"type-product","3":"status-publish","4":"has-post-thumbnail","6":"product_brand-doublealpha","7":"product_cat-reloading-et","8":"product_cat-reloading-accessories-et","10":"first","11":"outofstock","12":"taxable","13":"shipping-taxable","14":"purchasable","15":"product-type-simple"},"acf":[],"_links":{"self":[{"href":"https:\/\/staging.nbg.eu\/et\/wp-json\/wp\/v2\/product\/44618","targetHints":{"allow":["GET"]}}],"collection":[{"href":"https:\/\/staging.nbg.eu\/et\/wp-json\/wp\/v2\/product"}],"about":[{"href":"https:\/\/staging.nbg.eu\/et\/wp-json\/wp\/v2\/types\/product"}],"wp:featuredmedia":[{"embeddable":true,"href":"https:\/\/staging.nbg.eu\/et\/wp-json\/wp\/v2\/media\/28039"}],"wp:attachment":[{"href":"https:\/\/staging.nbg.eu\/et\/wp-json\/wp\/v2\/media?parent=44618"}],"wp:term":[{"taxonomy":"product_brand","embeddable":true,"href":"https:\/\/staging.nbg.eu\/et\/wp-json\/wp\/v2\/product_brand?post=44618"},{"taxonomy":"product_cat","embeddable":true,"href":"https:\/\/staging.nbg.eu\/et\/wp-json\/wp\/v2\/product_cat?post=44618"},{"taxonomy":"product_tag","embeddable":true,"href":"https:\/\/staging.nbg.eu\/et\/wp-json\/wp\/v2\/product_tag?post=44618"}],"curies":[{"name":"wp","href":"https:\/\/api.w.org\/{rel}","templated":true}]}}