{"id":44564,"date":"2024-08-18T09:38:38","date_gmt":"2024-08-18T09:38:38","guid":{"rendered":"https:\/\/staging.nbg.eu\/product\/daa-primer-pro-collator-small-primer\/"},"modified":"2024-09-10T08:46:57","modified_gmt":"2024-09-10T08:46:57","slug":"daa-primer-pro-kollator-vaeike-sueuetepulber","status":"publish","type":"product","link":"https:\/\/staging.nbg.eu\/et\/toode\/daa-primer-pro-kollator-vaeike-sueuetepulber\/","title":{"rendered":"Daa Primer-Pro Kollator V\u00e4ike S\u00fc\u00fctepulber"},"content":{"rendered":"<h2>Daa Primer-Pro v\u00e4ikese s\u00fctiku sorteerija<\/h2>\n<p>Revolutsioneerige oma laskemoona taaslaadimisprotsessi PRIMER-PRO-ga Double-Alphalt! See uuenduslik, patenteeritud seade pakub ainulaadset lahendust v\u00e4ikeste p\u00fcssi- ja p\u00fcstolis\u00fctikute k\u00e4sitsemiseks.<\/p>\n<ul>\n<li>T\u00f5hus sorteerimisseade 20 t\u00e4pse vormiga kanaliga<\/li>\n<li>Usaldusv\u00e4\u00e4rne tagasil\u00fckkes\u00fcsteem tagab s\u00fctikute \u00f5ige orientatsiooni<\/li>\n<li>Optiline andur loendab s\u00fctikuid ja peatub 100 juures<\/li>\n<li>Intelligentne ummistuste ennetamine ja lihtne probleemide lahendamine<\/li>\n<li>Uuenduslik v\u00e4ljundaktuaatori k\u00e4si sujuvaks s\u00fctikute paigutamiseks<\/li>\n<li>Sisaldab \u00fchte magnetkraed Dilloni s\u00fctikutorule<\/li>\n<li>12V DC toiteallikas USA\/EL adapteritega ja 2m juhtmega<\/li>\n<\/ul>\n<p>M\u00e4rkus: S\u00fctikutoru ei kuulu komplekti. T\u00e4iendavad magnetkraed on saadaval eraldi.<\/p>\n","protected":false},"excerpt":{"rendered":"<p>T\u00f5hus ja usaldusv\u00e4\u00e4rne v\u00e4ike s\u00fc\u00fctekapslite kollatsioneerija kiireks \u00fcmberlaadimiseks.<\/p>\n","protected":false},"featured_media":28200,"template":"","meta":{"_acf_changed":false},"product_brand":[11262],"product_cat":[1060,1061],"product_tag":[],"class_list":{"0":"post-44564","1":"product","2":"type-product","3":"status-publish","4":"has-post-thumbnail","6":"product_brand-doublealpha","7":"product_cat-reloading-et","8":"product_cat-reloading-machines-et","10":"first","11":"outofstock","12":"taxable","13":"shipping-taxable","14":"purchasable","15":"product-type-simple"},"acf":[],"_links":{"self":[{"href":"https:\/\/staging.nbg.eu\/et\/wp-json\/wp\/v2\/product\/44564","targetHints":{"allow":["GET"]}}],"collection":[{"href":"https:\/\/staging.nbg.eu\/et\/wp-json\/wp\/v2\/product"}],"about":[{"href":"https:\/\/staging.nbg.eu\/et\/wp-json\/wp\/v2\/types\/product"}],"wp:featuredmedia":[{"embeddable":true,"href":"https:\/\/staging.nbg.eu\/et\/wp-json\/wp\/v2\/media\/28200"}],"wp:attachment":[{"href":"https:\/\/staging.nbg.eu\/et\/wp-json\/wp\/v2\/media?parent=44564"}],"wp:term":[{"taxonomy":"product_brand","embeddable":true,"href":"https:\/\/staging.nbg.eu\/et\/wp-json\/wp\/v2\/product_brand?post=44564"},{"taxonomy":"product_cat","embeddable":true,"href":"https:\/\/staging.nbg.eu\/et\/wp-json\/wp\/v2\/product_cat?post=44564"},{"taxonomy":"product_tag","embeddable":true,"href":"https:\/\/staging.nbg.eu\/et\/wp-json\/wp\/v2\/product_tag?post=44564"}],"curies":[{"name":"wp","href":"https:\/\/api.w.org\/{rel}","templated":true}]}}