{"id":44540,"date":"2024-08-18T09:38:53","date_gmt":"2024-08-18T09:38:53","guid":{"rendered":"https:\/\/staging.nbg.eu\/product\/alpha-xi-pouch-without-inlay\/"},"modified":"2024-09-10T08:39:29","modified_gmt":"2024-09-10T08:39:29","slug":"alpha-xi-tasku-ilma-sisevoodrita","status":"publish","type":"product","link":"https:\/\/staging.nbg.eu\/et\/toode\/alpha-xi-tasku-ilma-sisevoodrita\/","title":{"rendered":"Alpha-Xi Tasku Ilma Sisevoodrita"},"content":{"rendered":"<h2>Alpha-Xi salvetasku ilma siseosata &#8211; Viimistlus<\/h2>\n<p>Tutvustame Alpha-Xi salvetaskut, revolutsioonilist disaini taktikalises varustuses. See tasku sisaldab:<\/p>\n<ul>\n<li>Suurendatud vastupidavus kohandatud laiapealise kruvikinnitusega<\/li>\n<li>8 mitmek\u00fclgset \u00fchenduspunkti optimaalseks positsioneerimiseks<\/li>\n<li>Kolm k\u00f5rguse valikut nii parema- kui vasakuk\u00e4elistele laskuritele<\/li>\n<li>Kaks k\u00f5rguse valikut kuulid-v\u00e4ljas paigalduseks<\/li>\n<li>V\u00f5tmepesa kinnitus kaljukindlaks stabiilsuseks<\/li>\n<\/ul>\n<p>Alpha-Xi t\u00e4iustatud kuulliigend\u00fchendus tagab v\u00f5rratu tugevuse isegi intensiivsetes tingimustes. Olgu siis tegemist lamades laskmise v\u00f5i takistuste \u00fcletamisega, see tasku peab vastu igale v\u00e4ljakutsele. Koge uut taset salvekanduris Alpha-Xi taskuga &#8211; vastupidavus ja paindlikkus on uuesti defineeritud.<\/p>\n<p><strong>M\u00e4rkus:<\/strong> See versioon ei sisalda siseosa.<\/p>\n","protected":false},"excerpt":{"rendered":"<p>Vastupidav salvetasku t\u00e4iustatud kuulliigendiga v\u00f6\u00f6kinnitusega.<\/p>\n","protected":false},"featured_media":28269,"template":"","meta":{"_acf_changed":false},"product_brand":[11262],"product_cat":[542,1002,1203,543,1004],"product_tag":[],"class_list":{"0":"post-44540","1":"product","2":"type-product","3":"status-publish","4":"has-post-thumbnail","6":"product_brand-doublealpha","7":"product_cat-gear-et","8":"product_cat-holster-et","9":"product_cat-magazine-holders-et","10":"product_cat-pouches-et","11":"product_cat-sport-holster-et","13":"first","14":"instock","15":"taxable","16":"shipping-taxable","17":"purchasable","18":"product-type-simple"},"acf":[],"_links":{"self":[{"href":"https:\/\/staging.nbg.eu\/et\/wp-json\/wp\/v2\/product\/44540","targetHints":{"allow":["GET"]}}],"collection":[{"href":"https:\/\/staging.nbg.eu\/et\/wp-json\/wp\/v2\/product"}],"about":[{"href":"https:\/\/staging.nbg.eu\/et\/wp-json\/wp\/v2\/types\/product"}],"wp:featuredmedia":[{"embeddable":true,"href":"https:\/\/staging.nbg.eu\/et\/wp-json\/wp\/v2\/media\/28269"}],"wp:attachment":[{"href":"https:\/\/staging.nbg.eu\/et\/wp-json\/wp\/v2\/media?parent=44540"}],"wp:term":[{"taxonomy":"product_brand","embeddable":true,"href":"https:\/\/staging.nbg.eu\/et\/wp-json\/wp\/v2\/product_brand?post=44540"},{"taxonomy":"product_cat","embeddable":true,"href":"https:\/\/staging.nbg.eu\/et\/wp-json\/wp\/v2\/product_cat?post=44540"},{"taxonomy":"product_tag","embeddable":true,"href":"https:\/\/staging.nbg.eu\/et\/wp-json\/wp\/v2\/product_tag?post=44540"}],"curies":[{"name":"wp","href":"https:\/\/api.w.org\/{rel}","templated":true}]}}