{"id":44518,"date":"2024-08-18T09:39:07","date_gmt":"2024-08-18T09:39:07","guid":{"rendered":"https:\/\/staging.nbg.eu\/product\/daa-pcc-magzine-pouch-type-glock\/"},"modified":"2024-09-10T08:33:13","modified_gmt":"2024-09-10T08:33:13","slug":"daa-pcc-salvetasku-tueuep-glock","status":"publish","type":"product","link":"https:\/\/staging.nbg.eu\/et\/toode\/daa-pcc-salvetasku-tueuep-glock\/","title":{"rendered":"Daa Pcc Salvetasku &#8211; T\u00fc\u00fcp Glock"},"content":{"rendered":"<h2>DAA PCC salvetasku &#8211; Glocki t\u00fc\u00fcp<\/h2>\n<p>T\u00f5sta oma Pistol Caliber Carbine (PCC) m\u00e4ng uuele tasemele DAA PCC salvetaskuga, mis on spetsiaalselt disainitud Glocki salvedele. See kohandatud tasku lahendab IPSC ja USPSA v\u00f5istluste ainulaadsed v\u00e4ljakutsed.<\/p>\n<ul>\n<li>Vastupidav kiudtugevdatud nailonist konstruktsioon<\/li>\n<li>Eriti pikk disain (12cm\/4,75&#8243;) 40-50 padruni salvede kindlaks hoidmiseks<\/li>\n<li>Reguleeritav hoidmisj\u00f5ud kahe kruviga<\/li>\n<li>Eesmine v\u00e4ljal\u00f5ikeaken kiiremaks v\u00e4lja t\u00f5mbamiseks<\/li>\n<li>Kaldus \u00fclemine serv kiiremateks laadimisteks<\/li>\n<li>M\u00f5lemak\u00e4eline disain mitme k\u00f5rguse asendiga<\/li>\n<li>Suur kuulliigend-kinnitus vastupidavuseks<\/li>\n<li>&#8220;Rusikahaardes&#8221; laadimiseks hoiab salved kuulid tahapoole suunatud<\/li>\n<\/ul>\n<p>Optimeeri oma PCC sooritust selle Double-Alpha eesm\u00e4rgip\u00e4raselt loodud salvetaskuga.<\/p>\n","protected":false},"excerpt":{"rendered":"<p>PCC salvehoidik Glockile: Kohandatud sobivus, turvaline, kiired salvevahetused.<\/p>\n","protected":false},"featured_media":28407,"template":"","meta":{"_acf_changed":false},"product_brand":[11262],"product_cat":[542,1203,543,1004],"product_tag":[],"class_list":{"0":"post-44518","1":"product","2":"type-product","3":"status-publish","4":"has-post-thumbnail","6":"product_brand-doublealpha","7":"product_cat-gear-et","8":"product_cat-magazine-holders-et","9":"product_cat-pouches-et","10":"product_cat-sport-holster-et","12":"first","13":"outofstock","14":"taxable","15":"shipping-taxable","16":"purchasable","17":"product-type-simple"},"acf":[],"_links":{"self":[{"href":"https:\/\/staging.nbg.eu\/et\/wp-json\/wp\/v2\/product\/44518","targetHints":{"allow":["GET"]}}],"collection":[{"href":"https:\/\/staging.nbg.eu\/et\/wp-json\/wp\/v2\/product"}],"about":[{"href":"https:\/\/staging.nbg.eu\/et\/wp-json\/wp\/v2\/types\/product"}],"wp:featuredmedia":[{"embeddable":true,"href":"https:\/\/staging.nbg.eu\/et\/wp-json\/wp\/v2\/media\/28407"}],"wp:attachment":[{"href":"https:\/\/staging.nbg.eu\/et\/wp-json\/wp\/v2\/media?parent=44518"}],"wp:term":[{"taxonomy":"product_brand","embeddable":true,"href":"https:\/\/staging.nbg.eu\/et\/wp-json\/wp\/v2\/product_brand?post=44518"},{"taxonomy":"product_cat","embeddable":true,"href":"https:\/\/staging.nbg.eu\/et\/wp-json\/wp\/v2\/product_cat?post=44518"},{"taxonomy":"product_tag","embeddable":true,"href":"https:\/\/staging.nbg.eu\/et\/wp-json\/wp\/v2\/product_tag?post=44518"}],"curies":[{"name":"wp","href":"https:\/\/api.w.org\/{rel}","templated":true}]}}