{"id":44495,"date":"2024-08-18T09:39:25","date_gmt":"2024-08-18T09:39:25","guid":{"rendered":"https:\/\/staging.nbg.eu\/product\/corn-cob-media-4kg\/"},"modified":"2024-09-10T08:26:08","modified_gmt":"2024-09-10T08:26:08","slug":"maisitolvikmeedia-4kg","status":"publish","type":"product","link":"https:\/\/staging.nbg.eu\/et\/toode\/maisitolvikmeedia-4kg\/","title":{"rendered":"Maisit\u00f5lvikmeedia 4Kg"},"content":{"rendered":"<h2>Maisit\u00f5lviku meedia 4 kg<\/h2>\n<p>T\u00f5stke oma padrunkestade puhastamise taset meie kvaliteetse 4 kg maisit\u00f5lviku meediaga. See k\u00f5rgekvaliteediline meedia on loodud selleks, et:<\/p>\n<ul>\n<li>Eemaldada teie padrunkestadelt liiv, mustus ja p\u00fcssirohuj\u00e4\u00e4gid<\/li>\n<li>Anda teie padrunkestadele kaunis l\u00e4ige<\/li>\n<li>Puhastada isegi k\u00f5ige v\u00e4iksemad kesta \u00e4\u00e4rte ja s\u00fctikupesade s\u00fcvendid<\/li>\n<\/ul>\n<p>Sobib ideaalselt kasutamiseks v\u00e4ikestes ja keskmise suurusega trummelmasinates ja vibraatorites. Meie peeneteraline meedia tagab padrunkestade p\u00f5hjaliku puhastuse. 4 kg kogus v\u00f5imaldab mitmekordset kasutamist, pakkudes suurep\u00e4rast hinna ja kvaliteedi suhet.<\/p>\n<p>Kuigi seda meediat saab kasutada korduvalt, soovitame optimaalse puhastustulemuse s\u00e4ilitamiseks seda perioodiliselt v\u00e4lja vahetada. Investeerige meie maisit\u00f5lviku meediasse juba t\u00e4na ja kogege erinevust oma taaslaadimisprotsessis!<\/p>\n","protected":false},"excerpt":{"rendered":"<p>4 kg maisit\u00f5lviku meedia: Puhastab ja l\u00e4igitab messingkestasid, korduvkasutatav.<\/p>\n","protected":false},"featured_media":28568,"template":"","meta":{"_acf_changed":false},"product_brand":[],"product_cat":[1182,1060],"product_tag":[],"class_list":{"0":"post-44495","1":"product","2":"type-product","3":"status-publish","4":"has-post-thumbnail","6":"product_cat-case-preparation-et","7":"product_cat-reloading-et","9":"first","10":"outofstock","11":"taxable","12":"shipping-taxable","13":"purchasable","14":"product-type-simple"},"acf":[],"_links":{"self":[{"href":"https:\/\/staging.nbg.eu\/et\/wp-json\/wp\/v2\/product\/44495","targetHints":{"allow":["GET"]}}],"collection":[{"href":"https:\/\/staging.nbg.eu\/et\/wp-json\/wp\/v2\/product"}],"about":[{"href":"https:\/\/staging.nbg.eu\/et\/wp-json\/wp\/v2\/types\/product"}],"wp:featuredmedia":[{"embeddable":true,"href":"https:\/\/staging.nbg.eu\/et\/wp-json\/wp\/v2\/media\/28568"}],"wp:attachment":[{"href":"https:\/\/staging.nbg.eu\/et\/wp-json\/wp\/v2\/media?parent=44495"}],"wp:term":[{"taxonomy":"product_brand","embeddable":true,"href":"https:\/\/staging.nbg.eu\/et\/wp-json\/wp\/v2\/product_brand?post=44495"},{"taxonomy":"product_cat","embeddable":true,"href":"https:\/\/staging.nbg.eu\/et\/wp-json\/wp\/v2\/product_cat?post=44495"},{"taxonomy":"product_tag","embeddable":true,"href":"https:\/\/staging.nbg.eu\/et\/wp-json\/wp\/v2\/product_tag?post=44495"}],"curies":[{"name":"wp","href":"https:\/\/api.w.org\/{rel}","templated":true}]}}