{"id":44473,"date":"2024-08-18T09:39:38","date_gmt":"2024-08-18T09:39:38","guid":{"rendered":"https:\/\/staging.nbg.eu\/product\/sordin-silicone-gel-replacement-ear-pads\/"},"modified":"2024-09-10T08:15:25","modified_gmt":"2024-09-10T08:15:25","slug":"sordin-silikoongeelist-asenduskorvapadjad","status":"publish","type":"product","link":"https:\/\/staging.nbg.eu\/et\/toode\/sordin-silikoongeelist-asenduskorvapadjad\/","title":{"rendered":"Sordin Silikoongeelist Asendusk\u00f5rvapadjad"},"content":{"rendered":"<div class=\"product-description\">\n<h2>Sordini silikoongeelist asenduspadjad k\u00f5rvaklappidele<\/h2>\n<p>T\u00e4iustage oma Sordini k\u00f5rvaklappe meie silikoongeeli asenduskomplektiga, mis sisaldab:<\/p>\n<ul>\n<li>2 silikoongeelist k\u00f5rvapatja<\/li>\n<li>2 isolatsioonipatja<\/li>\n<\/ul>\n<p>Kogege suurep\u00e4rast mugavust ja helikaitset nende innovaatiliste geelipatjadega, mis vormuvad teie pea kontuuri j\u00e4rgi. Need on ideaalsed kasutamiseks koos laskmisprillide, kohandudes \u00fcmber prillisangade parema kaitse ja mugavuse tagamiseks.<\/p>\n<p>\u00dchildub k\u00f5igi Sordini mudelitega: Supreme Pro, Pro-X ja Pro+3. Lihtne paigaldada, muudatusi pole vaja teha.<\/p>\n<p>Parandage h\u00fcgieeni ja j\u00f5udlust, vahetades k\u00f5rvapatju regulaarselt. Proovige neid geelipatju, et t\u00f5eliselt hinnata erinevust mugavuses ja heliisolatsioonis.<\/p>\n<\/div>\n","protected":false},"excerpt":{"rendered":"<p>Silikoongeelist k\u00f5rvapadjad Sordini peakomplektidele. Parem mugavus ja helikaitse.<\/p>\n","protected":false},"featured_media":28591,"template":"","meta":{"_acf_changed":false},"product_brand":[],"product_cat":[931,542],"product_tag":[],"class_list":{"0":"post-44473","1":"product","2":"type-product","3":"status-publish","4":"has-post-thumbnail","6":"product_cat-ear-protection-et","7":"product_cat-gear-et","9":"first","10":"outofstock","11":"taxable","12":"shipping-taxable","13":"purchasable","14":"product-type-simple"},"acf":[],"_links":{"self":[{"href":"https:\/\/staging.nbg.eu\/et\/wp-json\/wp\/v2\/product\/44473","targetHints":{"allow":["GET"]}}],"collection":[{"href":"https:\/\/staging.nbg.eu\/et\/wp-json\/wp\/v2\/product"}],"about":[{"href":"https:\/\/staging.nbg.eu\/et\/wp-json\/wp\/v2\/types\/product"}],"wp:featuredmedia":[{"embeddable":true,"href":"https:\/\/staging.nbg.eu\/et\/wp-json\/wp\/v2\/media\/28591"}],"wp:attachment":[{"href":"https:\/\/staging.nbg.eu\/et\/wp-json\/wp\/v2\/media?parent=44473"}],"wp:term":[{"taxonomy":"product_brand","embeddable":true,"href":"https:\/\/staging.nbg.eu\/et\/wp-json\/wp\/v2\/product_brand?post=44473"},{"taxonomy":"product_cat","embeddable":true,"href":"https:\/\/staging.nbg.eu\/et\/wp-json\/wp\/v2\/product_cat?post=44473"},{"taxonomy":"product_tag","embeddable":true,"href":"https:\/\/staging.nbg.eu\/et\/wp-json\/wp\/v2\/product_tag?post=44473"}],"curies":[{"name":"wp","href":"https:\/\/api.w.org\/{rel}","templated":true}]}}