{"id":44417,"date":"2024-08-18T19:22:32","date_gmt":"2024-09-10T08:07:46","guid":{"rendered":"https:\/\/staging.nbg.eu\/product\/flex-holster-insert-block\/"},"modified":"2024-09-10T08:08:26","modified_gmt":"2024-09-10T08:08:26","slug":"flex-huelsihoidja-sisestusplokk","status":"publish","type":"product","link":"https:\/\/staging.nbg.eu\/et\/toode\/flex-huelsihoidja-sisestusplokk\/","title":{"rendered":"Flex H\u00fclsihoidja Sisestusplokk"},"content":{"rendered":"<div class=\"product-description\">\n<h2>Flex Holstri Sisestusplokk: Kohandatav Sobivus Teie P\u00fcstolile<\/h2>\n<p>Revolutsiooniline Flex Holstri Sisestusplokk pakub v\u00f5rreldamatut kohandatavust, tagamaks t\u00e4iusliku sobivuse peaaegu igale p\u00fcstoli mudelile. Saadaval t\u00fc\u00fcbina A ja B, v\u00f5imaldab see uuenduslik disain teil peenh\u00e4\u00e4lestada oma holstri sisestust optimaalse j\u00f5udluse ja mugavuse saavutamiseks.<\/p>\n<h3>P\u00f5hiomadused:<\/h3>\n<ul>\n<li>Reguleeritavad kelgu lukustushambad t\u00e4pseks sobitamiseks<\/li>\n<li>K\u00fclgmised vahepuksid ja tihendid kohandatud joondamiseks<\/li>\n<li>Valikuline eesmine vahepuks t\u00e4iendavaks reguleerimiseks<\/li>\n<li>Alumiiniumist kelgulukk magnetilise \u00fchendusega<\/li>\n<li>Lai, lame roostevabast terasest ohutushoob lihtsaks aktiveerimiseks<\/li>\n<\/ul>\n<p>Flex Sisestusploki Koost lahendab tavalised sobivusprobleemid, mis on p\u00f5hjustatud tootmisvarieeruvustest, tagades tiheda ja turvalise sobivuse teie konkreetsele tulirelvale. T\u00e4nu kasutajas\u00f5bralikule disainile saate sisestust h\u00f5lpsalt reguleerida, et see vastaks teie p\u00fcstoli p\u00e4\u00e4stikukaitse ainulaadsetele m\u00f5\u00f5tmetele.<\/p>\n<p>Koge holstri kohandamise j\u00e4rgmist taset Flex Holstri Sisestusplokiga \u2013 parim lahendus n\u00f5udlikele laskuritele, kes n\u00f5uavad t\u00e4psust ja usaldusv\u00e4\u00e4rsust.<\/p>\n<\/div>\n","protected":false},"excerpt":{"rendered":"<p>Kohandatav kabuurisisu t\u00e4iuslikuks p\u00fcstoli sobitamiseks ja ohutuseks.<\/p>\n","protected":false},"featured_media":28614,"template":"","meta":{"_acf_changed":false},"product_brand":[11262],"product_cat":[542,1002,1003,1004],"product_tag":[],"class_list":{"0":"post-44417","1":"product","2":"type-product","3":"status-publish","4":"has-post-thumbnail","6":"product_brand-doublealpha","7":"product_cat-gear-et","8":"product_cat-holster-et","9":"product_cat-holster-accessories-et","10":"product_cat-sport-holster-et","12":"first","13":"instock","14":"taxable","15":"shipping-taxable","16":"purchasable","17":"product-type-variable","18":"wvs-archive-product-wrapper"},"acf":[],"_links":{"self":[{"href":"https:\/\/staging.nbg.eu\/et\/wp-json\/wp\/v2\/product\/44417","targetHints":{"allow":["GET"]}}],"collection":[{"href":"https:\/\/staging.nbg.eu\/et\/wp-json\/wp\/v2\/product"}],"about":[{"href":"https:\/\/staging.nbg.eu\/et\/wp-json\/wp\/v2\/types\/product"}],"wp:featuredmedia":[{"embeddable":true,"href":"https:\/\/staging.nbg.eu\/et\/wp-json\/wp\/v2\/media\/28614"}],"wp:attachment":[{"href":"https:\/\/staging.nbg.eu\/et\/wp-json\/wp\/v2\/media?parent=44417"}],"wp:term":[{"taxonomy":"product_brand","embeddable":true,"href":"https:\/\/staging.nbg.eu\/et\/wp-json\/wp\/v2\/product_brand?post=44417"},{"taxonomy":"product_cat","embeddable":true,"href":"https:\/\/staging.nbg.eu\/et\/wp-json\/wp\/v2\/product_cat?post=44417"},{"taxonomy":"product_tag","embeddable":true,"href":"https:\/\/staging.nbg.eu\/et\/wp-json\/wp\/v2\/product_tag?post=44417"}],"curies":[{"name":"wp","href":"https:\/\/api.w.org\/{rel}","templated":true}]}}