{"id":44167,"date":"2024-08-18T19:27:11","date_gmt":"2024-09-10T07:41:32","guid":{"rendered":"https:\/\/staging.nbg.eu\/product\/flex-holster-lh-rh-aluminum-assembly\/"},"modified":"2024-09-10T07:42:17","modified_gmt":"2024-09-10T07:42:17","slug":"flex-uembris-lhrh-alumiinium-komplekt","status":"publish","type":"product","link":"https:\/\/staging.nbg.eu\/et\/toode\/flex-uembris-lhrh-alumiinium-komplekt\/","title":{"rendered":"Flex \u00fcmbris Lh\/Rh alumiinium komplekt"},"content":{"rendered":"<h2>Flex vutlar vasaku\/parema k\u00e4e jaoks alumiiniumist konstruktsiooniga<\/h2>\n<p>Flex vutlar on tipptasemel v\u00f5istlusvutlar, mis on disainitud 1,5-tollise laiusega v\u00f6\u00f6dele, sobides ideaalselt DAA LYNX ja Premium v\u00f6\u00f6dega. Peamised omadused on:<\/p>\n<ul>\n<li>T\u00e4ielikult CNC-freesitud alumiiniumist konstruktsioon tagab v\u00f5rreldamatu j\u00e4ikuse ja vastupidavuse<\/li>\n<li>Eemaldatav v\u00f6\u00f6riputi lihtsaks transportimiseks ja hoiustamiseks<\/li>\n<li>Uuenduslik kalde reguleerimiss\u00fcsteem personaalseks mugavuseks<\/li>\n<li>Kaasas reiepadjake suurema stabiilsuse tagamiseks<\/li>\n<\/ul>\n<p>Unikaalsed kalde valikud v\u00f5imaldavad positsioneerida vutlari vertikaalselt v\u00f5i erinevate nurkade all, tagades optimaalse mugavuse olenemata kehat\u00fc\u00fcbist v\u00f5i v\u00f6\u00f6 asendist. Koge parimat kohandatavust ja j\u00f5udlust Flex vutlariga.<\/p>\n","protected":false},"excerpt":{"rendered":"<p>Vastupidav CNC-alumiiniumist vutlar reguleeritava kalde ja eemaldatava riputiga.<\/p>\n","protected":false},"featured_media":28867,"template":"","meta":{"_acf_changed":false},"product_brand":[11262],"product_cat":[542,1002,1003,1004],"product_tag":[],"class_list":{"0":"post-44167","1":"product","2":"type-product","3":"status-publish","4":"has-post-thumbnail","6":"product_brand-doublealpha","7":"product_cat-gear-et","8":"product_cat-holster-et","9":"product_cat-holster-accessories-et","10":"product_cat-sport-holster-et","12":"first","13":"instock","14":"taxable","15":"shipping-taxable","16":"purchasable","17":"product-type-variable","18":"wvs-archive-product-wrapper"},"acf":[],"_links":{"self":[{"href":"https:\/\/staging.nbg.eu\/et\/wp-json\/wp\/v2\/product\/44167","targetHints":{"allow":["GET"]}}],"collection":[{"href":"https:\/\/staging.nbg.eu\/et\/wp-json\/wp\/v2\/product"}],"about":[{"href":"https:\/\/staging.nbg.eu\/et\/wp-json\/wp\/v2\/types\/product"}],"wp:featuredmedia":[{"embeddable":true,"href":"https:\/\/staging.nbg.eu\/et\/wp-json\/wp\/v2\/media\/28867"}],"wp:attachment":[{"href":"https:\/\/staging.nbg.eu\/et\/wp-json\/wp\/v2\/media?parent=44167"}],"wp:term":[{"taxonomy":"product_brand","embeddable":true,"href":"https:\/\/staging.nbg.eu\/et\/wp-json\/wp\/v2\/product_brand?post=44167"},{"taxonomy":"product_cat","embeddable":true,"href":"https:\/\/staging.nbg.eu\/et\/wp-json\/wp\/v2\/product_cat?post=44167"},{"taxonomy":"product_tag","embeddable":true,"href":"https:\/\/staging.nbg.eu\/et\/wp-json\/wp\/v2\/product_tag?post=44167"}],"curies":[{"name":"wp","href":"https:\/\/api.w.org\/{rel}","templated":true}]}}