{"id":44064,"date":"2024-03-14T09:38:02","date_gmt":"2024-03-14T09:38:02","guid":{"rendered":"https:\/\/staging.nbg.eu\/product\/toode-6\/"},"modified":"2024-09-13T10:01:40","modified_gmt":"2024-09-13T10:01:40","slug":"bore-tech-puuvillased-tukutikud-100-pakk","status":"publish","type":"product","link":"https:\/\/staging.nbg.eu\/et\/toode\/bore-tech-puuvillased-tukutikud-100-pakk\/","title":{"rendered":"Bore Tech puuvillased tukutikud &#8211; 100 pakk"},"content":{"rendered":"<p>Bore Tech&#8217;i puuvillased puhastuspulgad: Sobivad t\u00e4ppispuhastuseks ja lahustite kandmiseks. Omadused:<\/p>\n<ul>\n<li>V\u00e4hese ebemega puuvillaots<\/li>\n<li>15 cm painduv bambusvarras<\/li>\n<li>Sobib AR-osadele, p\u00e4\u00e4stikumehhanismidele ja raskesti ligip\u00e4\u00e4setavatele aladele<\/li>\n<li>Kasulik m\u00e4\u00e4rdeaine pealekandmiseks ja v\u00e4ikeste s\u00fcvendite puhastamiseks<\/li>\n<\/ul>\n<p>100 tk pakend tulirelvade hoolduseks.<\/p>\n","protected":false},"excerpt":{"rendered":"<p>T\u00e4ppispuhastuspulgad tulirelvadele. 6-tolline bambusest vars, v\u00e4hese ebemega ots.<\/p>\n","protected":false},"featured_media":44065,"template":"","meta":{"_acf_changed":false},"product_brand":[11150],"product_cat":[1417,1418],"product_tag":[],"class_list":{"0":"post-44064","1":"product","2":"type-product","3":"status-publish","4":"has-post-thumbnail","6":"product_brand-boretech","7":"product_cat-brushes-et","8":"product_cat-maintenance-et","10":"first","11":"instock","12":"taxable","13":"shipping-taxable","14":"purchasable","15":"product-type-simple"},"acf":[],"_links":{"self":[{"href":"https:\/\/staging.nbg.eu\/et\/wp-json\/wp\/v2\/product\/44064","targetHints":{"allow":["GET"]}}],"collection":[{"href":"https:\/\/staging.nbg.eu\/et\/wp-json\/wp\/v2\/product"}],"about":[{"href":"https:\/\/staging.nbg.eu\/et\/wp-json\/wp\/v2\/types\/product"}],"wp:featuredmedia":[{"embeddable":true,"href":"https:\/\/staging.nbg.eu\/et\/wp-json\/wp\/v2\/media\/44065"}],"wp:attachment":[{"href":"https:\/\/staging.nbg.eu\/et\/wp-json\/wp\/v2\/media?parent=44064"}],"wp:term":[{"taxonomy":"product_brand","embeddable":true,"href":"https:\/\/staging.nbg.eu\/et\/wp-json\/wp\/v2\/product_brand?post=44064"},{"taxonomy":"product_cat","embeddable":true,"href":"https:\/\/staging.nbg.eu\/et\/wp-json\/wp\/v2\/product_cat?post=44064"},{"taxonomy":"product_tag","embeddable":true,"href":"https:\/\/staging.nbg.eu\/et\/wp-json\/wp\/v2\/product_tag?post=44064"}],"curies":[{"name":"wp","href":"https:\/\/api.w.org\/{rel}","templated":true}]}}