{"id":43945,"date":"2024-08-18T19:33:17","date_gmt":"2024-09-09T15:47:20","guid":{"rendered":"https:\/\/staging.nbg.eu\/product\/lynx-belt-single-link\/"},"modified":"2025-01-24T12:49:36","modified_gmt":"2025-01-24T12:49:36","slug":"lynx-voeoe-ueksik-lueli","status":"publish","type":"product","link":"https:\/\/staging.nbg.eu\/et\/toode\/lynx-voeoe-ueksik-lueli\/","title":{"rendered":"Lynx v\u00f6\u00f6 \u00fcksik l\u00fcli"},"content":{"rendered":"<div class=\"product-description\">\n<h2>Lynx v\u00f6\u00f6 \u00fcksik l\u00fcli<\/h2>\n<p>Kohandage oma Lynx v\u00f6\u00f6d \u00fcksikute l\u00fclidega:<\/p>\n<ul>\n<li>Valige 5 saadaoleva v\u00e4rvi hulgast<\/li>\n<li>Kujundage oma v\u00f6\u00f6 vastavalt lipule, laskeklubile v\u00f5i vormiriietusele<\/li>\n<li>Ostke \u00fcksikuid l\u00fclisid mis tahes v\u00e4rvis ja koguses<\/li>\n<\/ul>\n<h3>M\u00f5\u00f5tmed:<\/h3>\n<ul>\n<li>Pikkus: 33mm (tihvtist tihvtini)<\/li>\n<li>K\u00f5rgus: 38.7mm<\/li>\n<li>Paksus: 8.8mm (Velcro padjal), 7mm (ilma padjata)<\/li>\n<\/ul>\n<p>Lynx v\u00f6\u00f6 \u00fcksik l\u00fcli v\u00f5imaldab teil oma v\u00f6\u00f6d kohandada.<\/p>\n<\/div>\n","protected":false},"excerpt":{"rendered":"<p>Kohandatav v\u00f6\u00f6 l\u00fcli: 5 v\u00e4rvi, kombineerige ja sobitage ainulaadsete disainide loomiseks.<\/p>\n","protected":false},"featured_media":29143,"template":"","meta":{"_acf_changed":false},"product_brand":[11262],"product_cat":[542,1098],"product_tag":[],"class_list":{"0":"post-43945","1":"product","2":"type-product","3":"status-publish","4":"has-post-thumbnail","6":"product_brand-doublealpha","7":"product_cat-gear-et","8":"product_cat-sports-belts-et","10":"first","11":"instock","12":"taxable","13":"shipping-taxable","14":"purchasable","15":"product-type-variable","16":"wvs-archive-product-wrapper"},"acf":[],"_links":{"self":[{"href":"https:\/\/staging.nbg.eu\/et\/wp-json\/wp\/v2\/product\/43945","targetHints":{"allow":["GET"]}}],"collection":[{"href":"https:\/\/staging.nbg.eu\/et\/wp-json\/wp\/v2\/product"}],"about":[{"href":"https:\/\/staging.nbg.eu\/et\/wp-json\/wp\/v2\/types\/product"}],"wp:featuredmedia":[{"embeddable":true,"href":"https:\/\/staging.nbg.eu\/et\/wp-json\/wp\/v2\/media\/29143"}],"wp:attachment":[{"href":"https:\/\/staging.nbg.eu\/et\/wp-json\/wp\/v2\/media?parent=43945"}],"wp:term":[{"taxonomy":"product_brand","embeddable":true,"href":"https:\/\/staging.nbg.eu\/et\/wp-json\/wp\/v2\/product_brand?post=43945"},{"taxonomy":"product_cat","embeddable":true,"href":"https:\/\/staging.nbg.eu\/et\/wp-json\/wp\/v2\/product_cat?post=43945"},{"taxonomy":"product_tag","embeddable":true,"href":"https:\/\/staging.nbg.eu\/et\/wp-json\/wp\/v2\/product_tag?post=43945"}],"curies":[{"name":"wp","href":"https:\/\/api.w.org\/{rel}","templated":true}]}}