{"id":43762,"date":"2024-08-18T19:43:56","date_gmt":"2024-09-09T15:34:42","guid":{"rendered":"https:\/\/staging.nbg.eu\/product\/alpha-xi-pouch-inlay\/"},"modified":"2024-09-09T15:35:38","modified_gmt":"2024-09-09T15:35:38","slug":"alpha-xi-tasku-sisetuekk","status":"publish","type":"product","link":"https:\/\/staging.nbg.eu\/et\/toode\/alpha-xi-tasku-sisetuekk\/","title":{"rendered":"Alpha-Xi tasku siset\u00fckk"},"content":{"rendered":"<div class=\"product-description\">\n<h2>Alpha-Xi koti sisedetailide komplekt<\/h2>\n<p>T\u00e4ienda oma Alpha-Xi kotti meie kohandatud sisedetailide komplektiga, mis on saadaval teie valitud v\u00e4rvis. Need t\u00e4pselt l\u00f5igatud sisedetailid on disainitud sujuvalt integreeruma k\u00f5ikide Alpha-Xi koti taskutega.<\/p>\n<ul>\n<li>T\u00e4ielik komplekt k\u00f5ikidele taskutele<\/li>\n<li>Lihtne paigaldus 3M liimiga tagak\u00fcljel<\/li>\n<li>Kaitsekile esik\u00fcljel kriimustuste v\u00e4ltimiseks<\/li>\n<li>Eemaldatav (ettevaatlikult) kasutades juurdep\u00e4\u00e4suavasid<\/li>\n<\/ul>\n<p>Paigaldus on lihtne: eralda t\u00fckid, eemalda kaitsekiled ja aseta hoolikalt vastavatesse taskutesse. Parima tulemuse saavutamiseks proovi sobitada enne liimiga tagak\u00fclje eemaldamist. M\u00e4rkus: \u00c4ra paigalda taskusse, mis on m\u00f5eldud kuulliigendi kinnitamiseks.<\/p>\n<p><strong>Ettevaatust:<\/strong> Sisedetailid v\u00f5ivad eemaldamisel puruneda. Ole ettevaatlik oma Alpha-Xi koti kohandamisel.<\/p>\n<\/div>\n","protected":false},"excerpt":{"rendered":"<p>Alpha-Xi taskusisud: Kohandatud sisedetailid paremaks organiseerimiseks.<\/p>\n","protected":false},"featured_media":37424,"template":"","meta":{"_acf_changed":false},"product_brand":[11262],"product_cat":[542,1002,1003,1004],"product_tag":[],"class_list":{"0":"post-43762","1":"product","2":"type-product","3":"status-publish","4":"has-post-thumbnail","6":"product_brand-doublealpha","7":"product_cat-gear-et","8":"product_cat-holster-et","9":"product_cat-holster-accessories-et","10":"product_cat-sport-holster-et","12":"first","13":"instock","14":"taxable","15":"shipping-taxable","16":"purchasable","17":"product-type-variable","18":"wvs-archive-product-wrapper"},"acf":[],"_links":{"self":[{"href":"https:\/\/staging.nbg.eu\/et\/wp-json\/wp\/v2\/product\/43762","targetHints":{"allow":["GET"]}}],"collection":[{"href":"https:\/\/staging.nbg.eu\/et\/wp-json\/wp\/v2\/product"}],"about":[{"href":"https:\/\/staging.nbg.eu\/et\/wp-json\/wp\/v2\/types\/product"}],"wp:featuredmedia":[{"embeddable":true,"href":"https:\/\/staging.nbg.eu\/et\/wp-json\/wp\/v2\/media\/37424"}],"wp:attachment":[{"href":"https:\/\/staging.nbg.eu\/et\/wp-json\/wp\/v2\/media?parent=43762"}],"wp:term":[{"taxonomy":"product_brand","embeddable":true,"href":"https:\/\/staging.nbg.eu\/et\/wp-json\/wp\/v2\/product_brand?post=43762"},{"taxonomy":"product_cat","embeddable":true,"href":"https:\/\/staging.nbg.eu\/et\/wp-json\/wp\/v2\/product_cat?post=43762"},{"taxonomy":"product_tag","embeddable":true,"href":"https:\/\/staging.nbg.eu\/et\/wp-json\/wp\/v2\/product_tag?post=43762"}],"curies":[{"name":"wp","href":"https:\/\/api.w.org\/{rel}","templated":true}]}}