{"id":42272,"date":"2024-08-24T21:40:17","date_gmt":"2024-09-09T15:02:49","guid":{"rendered":"https:\/\/staging.nbg.eu\/product\/vanward-hunter\/"},"modified":"2024-09-09T15:05:23","modified_gmt":"2024-09-09T15:05:23","slug":"vanward-hunter","status":"publish","type":"product","link":"https:\/\/staging.nbg.eu\/et\/toode\/vanward-hunter\/","title":{"rendered":"Vanward Hunter"},"content":{"rendered":"<div class=\"product-description\">\n<h2>Vanward Hunter: T\u00e4iustatud 3D-prinditud summuti<\/h2>\n<p>Vanward Hunter esindab summutitehnoloogia tipptaset, mis on v\u00e4lja arenenud tuntud TE-Titan seeriast. See uuenduslik disain pakub:<\/p>\n<ul>\n<li>Optimeeritud summutusplaatide vahed parema r\u00f5hu \u00fchtlustamise jaoks<\/li>\n<li>Kuusnurkne v\u00e4liskujundus suurema j\u00e4ikuse ja t\u00f5husama jahutuse tagamiseks<\/li>\n<li>\u00dclimalt kerge, kaaludes vaid 258 grammi*<\/li>\n<li>\u00c4\u00e4rmuslik m\u00fcrav\u00e4hendus optimaalseks jahipidamiseks<\/li>\n<li>\u00dches t\u00fckis 3D-prinditud 5. klassi titaanist konstruktsioon<\/li>\n<li>Vahetatavad roostevabast terasest keermeosad<\/li>\n<li>Korrosioonikindel ja v\u00e4hest hooldust vajav<\/li>\n<li>Sisaldab POM-tugiv\u00f5ru optimaalse relvaraua vabak\u00e4igu jaoks<\/li>\n<\/ul>\n<p>Saadaval kaliibrites .223, .264, .30 ja .338, mitme keermevariandiga teie relvale sobivuse tagamiseks.<\/p>\n<p>Kogege v\u00f5rreldamatut summutitehnoloogiat, mis on loodud koos ekspertsnaiprite ja -k\u00fcttide panusega. Vanward Hunter pakub maksimaalset ohutust, vastupidavust ja j\u00f5udlust elegantses ja innovaatilises pakendis.<\/p>\n<\/div>\n","protected":false},"excerpt":{"rendered":"<p>3D-prinditud titaanist summuti: kerge, vastupidav ja t\u00f5hus.<\/p>\n","protected":false},"featured_media":102007,"template":"","meta":{"_acf_changed":false},"product_brand":[11933],"product_cat":[610,840,841],"product_tag":[],"class_list":{"0":"post-42272","1":"product","2":"type-product","3":"status-publish","4":"has-post-thumbnail","6":"product_brand-vanward","7":"product_cat-rifle-et","8":"product_cat-rifle-suppressors-et","9":"product_cat-suppressors-et","11":"first","12":"instock","13":"taxable","14":"shipping-taxable","15":"purchasable","16":"product-type-variable","17":"wvs-archive-product-wrapper"},"acf":[],"_links":{"self":[{"href":"https:\/\/staging.nbg.eu\/et\/wp-json\/wp\/v2\/product\/42272","targetHints":{"allow":["GET"]}}],"collection":[{"href":"https:\/\/staging.nbg.eu\/et\/wp-json\/wp\/v2\/product"}],"about":[{"href":"https:\/\/staging.nbg.eu\/et\/wp-json\/wp\/v2\/types\/product"}],"wp:featuredmedia":[{"embeddable":true,"href":"https:\/\/staging.nbg.eu\/et\/wp-json\/wp\/v2\/media\/102007"}],"wp:attachment":[{"href":"https:\/\/staging.nbg.eu\/et\/wp-json\/wp\/v2\/media?parent=42272"}],"wp:term":[{"taxonomy":"product_brand","embeddable":true,"href":"https:\/\/staging.nbg.eu\/et\/wp-json\/wp\/v2\/product_brand?post=42272"},{"taxonomy":"product_cat","embeddable":true,"href":"https:\/\/staging.nbg.eu\/et\/wp-json\/wp\/v2\/product_cat?post=42272"},{"taxonomy":"product_tag","embeddable":true,"href":"https:\/\/staging.nbg.eu\/et\/wp-json\/wp\/v2\/product_tag?post=42272"}],"curies":[{"name":"wp","href":"https:\/\/api.w.org\/{rel}","templated":true}]}}