{"id":414745,"date":"2025-05-14T22:52:38","date_gmt":"2025-05-14T19:52:38","guid":{"rendered":"https:\/\/staging.nbg.eu\/product\/grip-kmr-s-dotmatrix-ergo-black\/"},"modified":"2025-07-03T13:18:00","modified_gmt":"2025-07-03T10:18:00","slug":"kaeepide-kmr-s-dotmatrix-ergo-must","status":"publish","type":"product","link":"https:\/\/staging.nbg.eu\/et\/toode\/kaeepide-kmr-s-dotmatrix-ergo-must\/","title":{"rendered":"K\u00e4epide KMR S DOTMATRIX ERGO MUST"},"content":{"rendered":"<div class=\"product-description\">\n<h2>K\u00e4epide KMR S DOTMATRIX ERGO MUST<\/h2>\n<p>Duralumiiniumist k\u00e4epidemed golfipalli mustriga. Sobivad olemasolevate p\u00fcstolite t\u00e4iustamiseks v\u00f5i v\u00f5istlusp\u00fcstolite disainimiseks. \u00dchildub mudelitega KMR S-01 LANCE (OR), KMR S-02 (kuni 2023) ja valitud CZ mudelitega, sealhulgas Shadow 1, Shadow 2 ja SP-01.<\/p>\n<p>Viide: 0611-03001-0101<\/p>\n<p>Tootja: KMR Precision Arms<\/p>\n<\/div>\n","protected":false},"excerpt":{"rendered":"<p>Ergonoomilised duralumiiniumist k\u00e4epidemed golfipalli mustriga kindla haarde jaoks. Sobib KMR ja CZ p\u00fcstolitele.<\/p>\n","protected":false},"featured_media":359492,"template":"","meta":{"_acf_changed":false},"product_brand":[11497],"product_cat":[910,2993],"product_tag":[],"class_list":{"0":"post-414745","1":"product","2":"type-product","3":"status-publish","4":"has-post-thumbnail","6":"product_brand-kmr-precision","7":"product_cat-kmr-parts-et","8":"product_cat-pistol-parts-et","10":"first","11":"instock","12":"taxable","13":"shipping-taxable","14":"purchasable","15":"product-type-simple"},"acf":[],"_links":{"self":[{"href":"https:\/\/staging.nbg.eu\/et\/wp-json\/wp\/v2\/product\/414745","targetHints":{"allow":["GET"]}}],"collection":[{"href":"https:\/\/staging.nbg.eu\/et\/wp-json\/wp\/v2\/product"}],"about":[{"href":"https:\/\/staging.nbg.eu\/et\/wp-json\/wp\/v2\/types\/product"}],"wp:featuredmedia":[{"embeddable":true,"href":"https:\/\/staging.nbg.eu\/et\/wp-json\/wp\/v2\/media\/359492"}],"wp:attachment":[{"href":"https:\/\/staging.nbg.eu\/et\/wp-json\/wp\/v2\/media?parent=414745"}],"wp:term":[{"taxonomy":"product_brand","embeddable":true,"href":"https:\/\/staging.nbg.eu\/et\/wp-json\/wp\/v2\/product_brand?post=414745"},{"taxonomy":"product_cat","embeddable":true,"href":"https:\/\/staging.nbg.eu\/et\/wp-json\/wp\/v2\/product_cat?post=414745"},{"taxonomy":"product_tag","embeddable":true,"href":"https:\/\/staging.nbg.eu\/et\/wp-json\/wp\/v2\/product_tag?post=414745"}],"curies":[{"name":"wp","href":"https:\/\/api.w.org\/{rel}","templated":true}]}}