{"id":414604,"date":"2025-07-03T12:33:03","date_gmt":"2025-07-03T09:33:03","guid":{"rendered":"https:\/\/staging.nbg.eu\/product\/grips-kmr-w-dotmatrix-black\/"},"modified":"2025-07-03T12:35:51","modified_gmt":"2025-07-03T09:35:51","slug":"kaeepidemid-kmr-w-dotmatrix-must","status":"publish","type":"product","link":"https:\/\/staging.nbg.eu\/et\/toode\/kaeepidemid-kmr-w-dotmatrix-must\/","title":{"rendered":"K\u00c4EPIDEMID KMR W DOTMATRIX MUST"},"content":{"rendered":"<div class=\"product-description\">\n<h2>GRIPS KMR W DOTMATRIX MUST<\/h2>\n<p>KMR p\u00fcstoli jaoks duralumiinium k\u00e4epidemed. Tekstuuriga pind haarde jaoks. Sobib olemasolevate p\u00fcstolite t\u00e4iustamiseks v\u00f5i v\u00f5istlusp\u00fcstolite ehitamiseks. Omadused:<\/p>\n<ul>\n<li>Pikk suurus<\/li>\n<li>Anodeeritud duralumiinium<\/li>\n<li>Ilma salve juhikuta<\/li>\n<li>Kaasas torx kruvid<\/li>\n<li>KMR logo<\/li>\n<\/ul>\n<p>\u00dchildub KMR W-02 CUDA (kuni 2023), UMBRA ja UMBRA (OR) mudelitega.<\/p>\n<\/div>\n","protected":false},"excerpt":{"rendered":"<p>Vastupidavad duralumiinium k\u00e4epidemed golfipalli tekstuuriga KMR-p\u00fcstolitele.<\/p>\n","protected":false},"featured_media":359331,"template":"","meta":{"_acf_changed":false},"product_brand":[11497],"product_cat":[910,2993],"product_tag":[],"class_list":{"0":"post-414604","1":"product","2":"type-product","3":"status-publish","4":"has-post-thumbnail","6":"product_brand-kmr-precision","7":"product_cat-kmr-parts-et","8":"product_cat-pistol-parts-et","10":"first","11":"instock","12":"taxable","13":"shipping-taxable","14":"purchasable","15":"product-type-simple"},"acf":[],"_links":{"self":[{"href":"https:\/\/staging.nbg.eu\/et\/wp-json\/wp\/v2\/product\/414604","targetHints":{"allow":["GET"]}}],"collection":[{"href":"https:\/\/staging.nbg.eu\/et\/wp-json\/wp\/v2\/product"}],"about":[{"href":"https:\/\/staging.nbg.eu\/et\/wp-json\/wp\/v2\/types\/product"}],"wp:featuredmedia":[{"embeddable":true,"href":"https:\/\/staging.nbg.eu\/et\/wp-json\/wp\/v2\/media\/359331"}],"wp:attachment":[{"href":"https:\/\/staging.nbg.eu\/et\/wp-json\/wp\/v2\/media?parent=414604"}],"wp:term":[{"taxonomy":"product_brand","embeddable":true,"href":"https:\/\/staging.nbg.eu\/et\/wp-json\/wp\/v2\/product_brand?post=414604"},{"taxonomy":"product_cat","embeddable":true,"href":"https:\/\/staging.nbg.eu\/et\/wp-json\/wp\/v2\/product_cat?post=414604"},{"taxonomy":"product_tag","embeddable":true,"href":"https:\/\/staging.nbg.eu\/et\/wp-json\/wp\/v2\/product_tag?post=414604"}],"curies":[{"name":"wp","href":"https:\/\/api.w.org\/{rel}","templated":true}]}}