{"id":414490,"date":"2025-07-03T12:07:53","date_gmt":"2025-07-03T09:07:53","guid":{"rendered":"https:\/\/staging.nbg.eu\/product\/grips-kmr-w-dotmatrix-ergo-black\/"},"modified":"2025-07-03T12:10:38","modified_gmt":"2025-07-03T09:10:38","slug":"kaeepidemid-kmr-w-dotmatrix-ergo-must","status":"publish","type":"product","link":"https:\/\/staging.nbg.eu\/et\/toode\/kaeepidemid-kmr-w-dotmatrix-ergo-must\/","title":{"rendered":"K\u00c4EPIDEMID KMR W DOTMATRIX ERGO MUST"},"content":{"rendered":"<div class=\"product-description\">\n<h2>GRIPS KMR W DOTMATRIX ERGO MUST<\/h2>\n<p>KMR p\u00fcstoli jaoks m\u00f5eldud duralumiinium k\u00e4epidemed golfipalli mustriga. Sobivad t\u00e4ienduseks v\u00f5i v\u00f5istlusp\u00fcstoli ehitamiseks. \u00dchilduvad mudelitega KMR W-02 CUDA (kuni 2023), UMBRA ja UMBRA (OR).<\/p>\n<p><strong>Viide:<\/strong> 0611-03305-0101<\/p>\n<p><strong>Tootja:<\/strong> KMR Precision Arms<\/p>\n<\/div>\n","protected":false},"excerpt":{"rendered":"<p>Vastupidavad, golfipalli mustriga haardepinnad KMR-t\u00fc\u00fcpi p\u00fcstolitele.<\/p>\n","protected":false},"featured_media":359354,"template":"","meta":{"_acf_changed":false},"product_brand":[11497],"product_cat":[910,2993],"product_tag":[],"class_list":{"0":"post-414490","1":"product","2":"type-product","3":"status-publish","4":"has-post-thumbnail","6":"product_brand-kmr-precision","7":"product_cat-kmr-parts-et","8":"product_cat-pistol-parts-et","10":"first","11":"instock","12":"taxable","13":"shipping-taxable","14":"purchasable","15":"product-type-simple"},"acf":[],"_links":{"self":[{"href":"https:\/\/staging.nbg.eu\/et\/wp-json\/wp\/v2\/product\/414490","targetHints":{"allow":["GET"]}}],"collection":[{"href":"https:\/\/staging.nbg.eu\/et\/wp-json\/wp\/v2\/product"}],"about":[{"href":"https:\/\/staging.nbg.eu\/et\/wp-json\/wp\/v2\/types\/product"}],"wp:featuredmedia":[{"embeddable":true,"href":"https:\/\/staging.nbg.eu\/et\/wp-json\/wp\/v2\/media\/359354"}],"wp:attachment":[{"href":"https:\/\/staging.nbg.eu\/et\/wp-json\/wp\/v2\/media?parent=414490"}],"wp:term":[{"taxonomy":"product_brand","embeddable":true,"href":"https:\/\/staging.nbg.eu\/et\/wp-json\/wp\/v2\/product_brand?post=414490"},{"taxonomy":"product_cat","embeddable":true,"href":"https:\/\/staging.nbg.eu\/et\/wp-json\/wp\/v2\/product_cat?post=414490"},{"taxonomy":"product_tag","embeddable":true,"href":"https:\/\/staging.nbg.eu\/et\/wp-json\/wp\/v2\/product_tag?post=414490"}],"curies":[{"name":"wp","href":"https:\/\/api.w.org\/{rel}","templated":true}]}}