{"id":411856,"date":"2025-05-14T22:52:06","date_gmt":"2025-05-14T19:52:06","guid":{"rendered":"https:\/\/staging.nbg.eu\/product\/grips-kmr-w-dotmatrix-ergo-orange\/"},"modified":"2025-07-01T17:42:21","modified_gmt":"2025-07-01T14:42:21","slug":"kaeepidemid-kmr-w-dotmatrix-ergo-oranz","status":"publish","type":"product","link":"https:\/\/staging.nbg.eu\/et\/toode\/kaeepidemid-kmr-w-dotmatrix-ergo-oranz\/","title":{"rendered":"K\u00c4EPIDEMID KMR W DOTMATRIX ERGO ORAN\u017d"},"content":{"rendered":"<div class=\"product-description\">\n<h2>K\u00c4EPIDEMED KMR W DOTMATRIX ERGO ORAN\u017d<\/h2>\n<p>KMR p\u00fcstoli k\u00e4epidemed duralumiiniumist golfipalli mustriga. Sobivad KMR W-02 CUDA (kuni 2023), UMBRA ja UMBRA (OR) mudelitele.<\/p>\n<p><strong>Viide:<\/strong> 0611-03305-0101<\/p>\n<\/div>\n","protected":false},"excerpt":{"rendered":"<p>Ergonoomilised oran\u017eid k\u00e4epidemed t\u00e4ppmaatriksmustriga KMR-p\u00fcstolitele.<\/p>\n","protected":false},"featured_media":359377,"template":"","meta":{"_acf_changed":false},"product_brand":[11497],"product_cat":[910,2993],"product_tag":[],"class_list":{"0":"post-411856","1":"product","2":"type-product","3":"status-publish","4":"has-post-thumbnail","6":"product_brand-kmr-precision","7":"product_cat-kmr-parts-et","8":"product_cat-pistol-parts-et","10":"first","11":"outofstock","12":"taxable","13":"shipping-taxable","14":"purchasable","15":"product-type-simple"},"acf":[],"_links":{"self":[{"href":"https:\/\/staging.nbg.eu\/et\/wp-json\/wp\/v2\/product\/411856","targetHints":{"allow":["GET"]}}],"collection":[{"href":"https:\/\/staging.nbg.eu\/et\/wp-json\/wp\/v2\/product"}],"about":[{"href":"https:\/\/staging.nbg.eu\/et\/wp-json\/wp\/v2\/types\/product"}],"wp:featuredmedia":[{"embeddable":true,"href":"https:\/\/staging.nbg.eu\/et\/wp-json\/wp\/v2\/media\/359377"}],"wp:attachment":[{"href":"https:\/\/staging.nbg.eu\/et\/wp-json\/wp\/v2\/media?parent=411856"}],"wp:term":[{"taxonomy":"product_brand","embeddable":true,"href":"https:\/\/staging.nbg.eu\/et\/wp-json\/wp\/v2\/product_brand?post=411856"},{"taxonomy":"product_cat","embeddable":true,"href":"https:\/\/staging.nbg.eu\/et\/wp-json\/wp\/v2\/product_cat?post=411856"},{"taxonomy":"product_tag","embeddable":true,"href":"https:\/\/staging.nbg.eu\/et\/wp-json\/wp\/v2\/product_tag?post=411856"}],"curies":[{"name":"wp","href":"https:\/\/api.w.org\/{rel}","templated":true}]}}