{"id":411637,"date":"2025-07-01T17:24:12","date_gmt":"2025-07-01T14:24:12","guid":{"rendered":"https:\/\/staging.nbg.eu\/product\/grips-kmr-w-dotmatrix-ergo-silver\/"},"modified":"2025-07-01T17:27:03","modified_gmt":"2025-07-01T14:27:03","slug":"kaeepidemid-kmr-w-dotmatrix-ergo-hobedane","status":"publish","type":"product","link":"https:\/\/staging.nbg.eu\/et\/toode\/kaeepidemid-kmr-w-dotmatrix-ergo-hobedane\/","title":{"rendered":"K\u00c4EPIDEMID KMR W DOTMATRIX ERGO H\u00d5BEDANE"},"content":{"rendered":"<div class=\"product-description\">\n<h2>GRIPS KMR W DOTMATRIX ERGO SILVER<\/h2>\n<p>Need duralumiiniumist k\u00e4epidemed on m\u00f5eldud KMR p\u00fcstoli jaoks. Golfipalli mustriga pind aitab p\u00fcstolit kindlalt hoida. Sobivad p\u00fcstoli t\u00e4iustamiseks v\u00f5i v\u00f5istlusteks.<\/p>\n<ul>\n<li>Viide: 0611-03305-0101<\/li>\n<li>Br\u00e4nd: KMR Precision Arms<\/li>\n<li>\u00dchildub mudelitega: KMR W-02 CUDA, UMBRA ja UMBRA (OR)<\/li>\n<\/ul>\n<\/div>\n","protected":false},"excerpt":{"rendered":"<p>Ergonoomilised duralumiiniumist k\u00e4epidemed golfipalli mustriga KMR-p\u00fcstolitele. Kindel haare igas olukorras.<\/p>\n","protected":false},"featured_media":359423,"template":"","meta":{"_acf_changed":false},"product_brand":[11497],"product_cat":[910,2993],"product_tag":[],"class_list":{"0":"post-411637","1":"product","2":"type-product","3":"status-publish","4":"has-post-thumbnail","6":"product_brand-kmr-precision","7":"product_cat-kmr-parts-et","8":"product_cat-pistol-parts-et","10":"first","11":"instock","12":"taxable","13":"shipping-taxable","14":"purchasable","15":"product-type-simple"},"acf":[],"_links":{"self":[{"href":"https:\/\/staging.nbg.eu\/et\/wp-json\/wp\/v2\/product\/411637","targetHints":{"allow":["GET"]}}],"collection":[{"href":"https:\/\/staging.nbg.eu\/et\/wp-json\/wp\/v2\/product"}],"about":[{"href":"https:\/\/staging.nbg.eu\/et\/wp-json\/wp\/v2\/types\/product"}],"wp:featuredmedia":[{"embeddable":true,"href":"https:\/\/staging.nbg.eu\/et\/wp-json\/wp\/v2\/media\/359423"}],"wp:attachment":[{"href":"https:\/\/staging.nbg.eu\/et\/wp-json\/wp\/v2\/media?parent=411637"}],"wp:term":[{"taxonomy":"product_brand","embeddable":true,"href":"https:\/\/staging.nbg.eu\/et\/wp-json\/wp\/v2\/product_brand?post=411637"},{"taxonomy":"product_cat","embeddable":true,"href":"https:\/\/staging.nbg.eu\/et\/wp-json\/wp\/v2\/product_cat?post=411637"},{"taxonomy":"product_tag","embeddable":true,"href":"https:\/\/staging.nbg.eu\/et\/wp-json\/wp\/v2\/product_tag?post=411637"}],"curies":[{"name":"wp","href":"https:\/\/api.w.org\/{rel}","templated":true}]}}