{"id":411528,"date":"2025-07-01T17:17:01","date_gmt":"2025-07-01T14:17:01","guid":{"rendered":"https:\/\/staging.nbg.eu\/product\/grips-kmr-w-dotmatrix-silver\/"},"modified":"2025-07-01T17:19:49","modified_gmt":"2025-07-01T14:19:49","slug":"kaeepidemid-kmr-w-dotmatrix-hobedane","status":"publish","type":"product","link":"https:\/\/staging.nbg.eu\/et\/toode\/kaeepidemid-kmr-w-dotmatrix-hobedane\/","title":{"rendered":"K\u00c4EPIDEMID KMR W DOTMATRIX H\u00d5BEDANE"},"content":{"rendered":"<div class=\"product-description\">\n<h2>GRIPS KMR W DOTMATRIX SILVER<\/h2>\n<p>Need duralumiiniumist k\u00e4epidemed on m\u00f5eldud KMR p\u00fcstolile. Golfipalli mustriga tekstuur tagab kindla haarde. Sobib olemasoleva relva t\u00e4iustamiseks v\u00f5i v\u00f5istlusp\u00fcstoli ehitamiseks. \u00dchildub KMR W-02 CUDA (kuni 2023), UMBRA ja UMBRA (OR) mudelitega.<\/p>\n<ul>\n<li>Viide: 0611-03301-0102<\/li>\n<li>Tootja: KMR Precision Arms<\/li>\n<li>Materjal: Duraluminium<\/li>\n<\/ul>\n<\/div>\n","protected":false},"excerpt":{"rendered":"<p>Tekstuuriga duralumiinium k\u00e4epidemed KMR-i p\u00fcstolitele. Golfipalli muster tagab kindla haarde igas olukorras.<\/p>\n","protected":false},"featured_media":359446,"template":"","meta":{"_acf_changed":false},"product_brand":[11497],"product_cat":[910,2993],"product_tag":[],"class_list":{"0":"post-411528","1":"product","2":"type-product","3":"status-publish","4":"has-post-thumbnail","6":"product_brand-kmr-precision","7":"product_cat-kmr-parts-et","8":"product_cat-pistol-parts-et","10":"first","11":"instock","12":"taxable","13":"shipping-taxable","14":"purchasable","15":"product-type-simple"},"acf":[],"_links":{"self":[{"href":"https:\/\/staging.nbg.eu\/et\/wp-json\/wp\/v2\/product\/411528","targetHints":{"allow":["GET"]}}],"collection":[{"href":"https:\/\/staging.nbg.eu\/et\/wp-json\/wp\/v2\/product"}],"about":[{"href":"https:\/\/staging.nbg.eu\/et\/wp-json\/wp\/v2\/types\/product"}],"wp:featuredmedia":[{"embeddable":true,"href":"https:\/\/staging.nbg.eu\/et\/wp-json\/wp\/v2\/media\/359446"}],"wp:attachment":[{"href":"https:\/\/staging.nbg.eu\/et\/wp-json\/wp\/v2\/media?parent=411528"}],"wp:term":[{"taxonomy":"product_brand","embeddable":true,"href":"https:\/\/staging.nbg.eu\/et\/wp-json\/wp\/v2\/product_brand?post=411528"},{"taxonomy":"product_cat","embeddable":true,"href":"https:\/\/staging.nbg.eu\/et\/wp-json\/wp\/v2\/product_cat?post=411528"},{"taxonomy":"product_tag","embeddable":true,"href":"https:\/\/staging.nbg.eu\/et\/wp-json\/wp\/v2\/product_tag?post=411528"}],"curies":[{"name":"wp","href":"https:\/\/api.w.org\/{rel}","templated":true}]}}