{"id":411419,"date":"2025-07-01T17:09:14","date_gmt":"2025-07-01T14:09:14","guid":{"rendered":"https:\/\/staging.nbg.eu\/product\/grips-kmr-w-modular-sandpaper-black\/"},"modified":"2025-07-01T17:12:00","modified_gmt":"2025-07-01T14:12:00","slug":"kaeepidemed-kmr-w-modular-lihvpaber-must","status":"publish","type":"product","link":"https:\/\/staging.nbg.eu\/et\/toode\/kaeepidemed-kmr-w-modular-lihvpaber-must\/","title":{"rendered":"K\u00c4EPIDEMED KMR W MODULAR LIHVPABER MUST"},"content":{"rendered":"<h2>GRIPS KMR W MODULAARNE LIIVAPABERIGA MUST<\/h2>\n<p>KMR W modulaarne liivapaberiga must k\u00e4epide tulirelvale. See pikk, anodeeritud duralumiiniumist k\u00e4epide pakub paremat kontrolli ja mugavust ilma salve juhikuta. K\u00e4epidemel on KMR logo ja modulaarne disain v\u00f5imaldab kohandamist. Paigaldamiseks kaasas torx-kruvid.<\/p>\n<ul>\n<li>Suurus: Pikk<\/li>\n<li>Materjal: Anodeeritud duralumiinium<\/li>\n<li>Kasutus: Ilma salve juhikuta<\/li>\n<li>Komplektis: Torx-kruvid<\/li>\n<li>Logo: KMR<\/li>\n<\/ul>\n<p><strong>Viide:<\/strong> 0611-03304-0101<\/p>\n","protected":false},"excerpt":{"rendered":"<p>Pikk, vastupidav anodeeritud duralumiiniumist k\u00e4epide.<\/p>\n","protected":false},"featured_media":359267,"template":"","meta":{"_acf_changed":false},"product_brand":[11497],"product_cat":[910,2993],"product_tag":[],"class_list":{"0":"post-411419","1":"product","2":"type-product","3":"status-publish","4":"has-post-thumbnail","6":"product_brand-kmr-precision","7":"product_cat-kmr-parts-et","8":"product_cat-pistol-parts-et","10":"first","11":"instock","12":"taxable","13":"shipping-taxable","14":"purchasable","15":"product-type-simple"},"acf":[],"_links":{"self":[{"href":"https:\/\/staging.nbg.eu\/et\/wp-json\/wp\/v2\/product\/411419","targetHints":{"allow":["GET"]}}],"collection":[{"href":"https:\/\/staging.nbg.eu\/et\/wp-json\/wp\/v2\/product"}],"about":[{"href":"https:\/\/staging.nbg.eu\/et\/wp-json\/wp\/v2\/types\/product"}],"wp:featuredmedia":[{"embeddable":true,"href":"https:\/\/staging.nbg.eu\/et\/wp-json\/wp\/v2\/media\/359267"}],"wp:attachment":[{"href":"https:\/\/staging.nbg.eu\/et\/wp-json\/wp\/v2\/media?parent=411419"}],"wp:term":[{"taxonomy":"product_brand","embeddable":true,"href":"https:\/\/staging.nbg.eu\/et\/wp-json\/wp\/v2\/product_brand?post=411419"},{"taxonomy":"product_cat","embeddable":true,"href":"https:\/\/staging.nbg.eu\/et\/wp-json\/wp\/v2\/product_cat?post=411419"},{"taxonomy":"product_tag","embeddable":true,"href":"https:\/\/staging.nbg.eu\/et\/wp-json\/wp\/v2\/product_tag?post=411419"}],"curies":[{"name":"wp","href":"https:\/\/api.w.org\/{rel}","templated":true}]}}