{"id":411304,"date":"2025-07-01T17:00:05","date_gmt":"2025-07-01T14:00:05","guid":{"rendered":"https:\/\/staging.nbg.eu\/product\/grips-kmr-w-modular-sandpaper-titan\/"},"modified":"2025-07-01T17:02:53","modified_gmt":"2025-07-01T14:02:53","slug":"kaeepidemed-kmr-w-modular-lihvpaber-titaan","status":"publish","type":"product","link":"https:\/\/staging.nbg.eu\/et\/toode\/kaeepidemed-kmr-w-modular-lihvpaber-titaan\/","title":{"rendered":"K\u00c4EPIDEMED KMR W MODULAR LIHVPABER TITAAN"},"content":{"rendered":"<h2>GRIPS KMR W MODULAR LIIVAPABERIGA TITAN<\/h2>\n<p>GRIPS KMR W MODULAR LIIVAPABERIGA TITAN on pikk k\u00e4epide, mis on valmistatud anodeeritud duralumiiniumist. See on m\u00f5eldud kasutamiseks ilma salve juhikuta. Komplektis on kaasas torx-kruvid paigaldamiseks. K\u00e4epidemel on KMR logo.<\/p>\n<p><strong>Viide:<\/strong> 0611-03304-0101<\/p>\n","protected":false},"excerpt":{"rendered":"<p>Pikk, vastupidav KMR k\u00e4epide. Anodeeritud duralumiinium.<\/p>\n","protected":false},"featured_media":359291,"template":"","meta":{"_acf_changed":false},"product_brand":[11497],"product_cat":[910,2993],"product_tag":[],"class_list":{"0":"post-411304","1":"product","2":"type-product","3":"status-publish","4":"has-post-thumbnail","6":"product_brand-kmr-precision","7":"product_cat-kmr-parts-et","8":"product_cat-pistol-parts-et","10":"first","11":"instock","12":"taxable","13":"shipping-taxable","14":"purchasable","15":"product-type-simple"},"acf":[],"_links":{"self":[{"href":"https:\/\/staging.nbg.eu\/et\/wp-json\/wp\/v2\/product\/411304","targetHints":{"allow":["GET"]}}],"collection":[{"href":"https:\/\/staging.nbg.eu\/et\/wp-json\/wp\/v2\/product"}],"about":[{"href":"https:\/\/staging.nbg.eu\/et\/wp-json\/wp\/v2\/types\/product"}],"wp:featuredmedia":[{"embeddable":true,"href":"https:\/\/staging.nbg.eu\/et\/wp-json\/wp\/v2\/media\/359291"}],"wp:attachment":[{"href":"https:\/\/staging.nbg.eu\/et\/wp-json\/wp\/v2\/media?parent=411304"}],"wp:term":[{"taxonomy":"product_brand","embeddable":true,"href":"https:\/\/staging.nbg.eu\/et\/wp-json\/wp\/v2\/product_brand?post=411304"},{"taxonomy":"product_cat","embeddable":true,"href":"https:\/\/staging.nbg.eu\/et\/wp-json\/wp\/v2\/product_cat?post=411304"},{"taxonomy":"product_tag","embeddable":true,"href":"https:\/\/staging.nbg.eu\/et\/wp-json\/wp\/v2\/product_tag?post=411304"}],"curies":[{"name":"wp","href":"https:\/\/api.w.org\/{rel}","templated":true}]}}