{"id":411005,"date":"2025-07-01T16:45:29","date_gmt":"2025-07-01T13:45:29","guid":{"rendered":"https:\/\/staging.nbg.eu\/product\/surefire-ep7-bk-mpr-bulk-ear-plugs\/"},"modified":"2025-07-01T16:48:26","modified_gmt":"2025-07-01T13:48:26","slug":"surefire-ep7-bk-mpr-bulk-korvatropid","status":"publish","type":"product","link":"https:\/\/staging.nbg.eu\/et\/toode\/surefire-ep7-bk-mpr-bulk-korvatropid\/","title":{"rendered":"Surefire EP7-BK-MPR-BULK k\u00f5rvatropid"},"content":{"rendered":"<div class=\"product-description\">\n<h2>Surefire EP7-BK-MPR-BULK k\u00f5rvatropid<\/h2>\n<h2>Kuulmiskaitse<\/h2>\n<p>Surefire EP7 Sonic Defenders Ultra k\u00f5rvatropid pakuvad kuulmiskaitset, s\u00e4ilitades v\u00f5ime kuulda olulisi helisid. M\u00fcra v\u00e4hendamise tase (NRR) on 28 dB, kaitstes m\u00fcratekkelise kuulmislanguse (NIHL) eest.<\/p>\n<h3>P\u00f5hiomadused:<\/h3>\n<ul>\n<li>Patenteeritud vahtotsaga disain Comply\u2122 Canal Tips&#8217;iga<\/li>\n<li>28 dB m\u00fcra v\u00e4hendamise tase (NRR) sisestatud filtrikorkidega<\/li>\n<li>Laseb l\u00e4bi ohutud helitasemed, v\u00e4hendades kahjulikke helisid \u00fcle 85 dB<\/li>\n<li>EarLock\u00ae kinnitusr\u00f5ngad seitsme kontaktpunktiga<\/li>\n<li>Valmistatud h\u00fcpoallergeensest, meditsiinilise kvaliteediga pol\u00fcmeerist<\/li>\n<li>Madala profiiliga disain, sobib maskide, kiivrite ja k\u00f5rvaklappidega<\/li>\n<li>Kinnitatavad filtrikorgid t\u00e4iendavaks kaitseks k\u00f5rge m\u00fcraga keskkondades<\/li>\n<li>\u00dchildub erinevate raadioside s\u00fcsteemidega<\/li>\n<\/ul>\n<h3>Lisateave:<\/h3>\n<ul>\n<li>Saadaval l\u00e4bipaistvana, mustana v\u00f5i oran\u017eina<\/li>\n<li>Sisaldab 66 cm pol\u00fcmeer-paela ja lisakomplekti Comply\u2122 Canal otsakuid<\/li>\n<li>Suurused: v\u00e4ike (S), keskmine (M) ja suur (L)<\/li>\n<li>Vastavusdeklaratsioon saadaval aadressil surefire.com\/doc-ep7<\/li>\n<\/ul>\n<p>Surefire EP7 Sonic Defenders Ultra k\u00f5rvatropid sobivad nii professionaalseks kui ka vaba aja kasutamiseks, pakkudes kuulmiskaitset.<\/p>\n<\/div>\n","protected":false},"excerpt":{"rendered":"<p>Kaitsvad k\u00f5rvatropid 28dB m\u00fcrataseme v\u00e4hendamisega. Laseb l\u00e4bi ohutud helid. Mugavad vahust otsikud.<\/p>\n","protected":false},"featured_media":399762,"template":"","meta":{"_acf_changed":false},"product_brand":[11862],"product_cat":[931,542],"product_tag":[],"class_list":{"0":"post-411005","1":"product","2":"type-product","3":"status-publish","4":"has-post-thumbnail","6":"product_brand-surefire","7":"product_cat-ear-protection-et","8":"product_cat-gear-et","10":"first","11":"instock","12":"taxable","13":"shipping-taxable","14":"purchasable","15":"product-type-simple"},"acf":[],"_links":{"self":[{"href":"https:\/\/staging.nbg.eu\/et\/wp-json\/wp\/v2\/product\/411005","targetHints":{"allow":["GET"]}}],"collection":[{"href":"https:\/\/staging.nbg.eu\/et\/wp-json\/wp\/v2\/product"}],"about":[{"href":"https:\/\/staging.nbg.eu\/et\/wp-json\/wp\/v2\/types\/product"}],"wp:featuredmedia":[{"embeddable":true,"href":"https:\/\/staging.nbg.eu\/et\/wp-json\/wp\/v2\/media\/399762"}],"wp:attachment":[{"href":"https:\/\/staging.nbg.eu\/et\/wp-json\/wp\/v2\/media?parent=411005"}],"wp:term":[{"taxonomy":"product_brand","embeddable":true,"href":"https:\/\/staging.nbg.eu\/et\/wp-json\/wp\/v2\/product_brand?post=411005"},{"taxonomy":"product_cat","embeddable":true,"href":"https:\/\/staging.nbg.eu\/et\/wp-json\/wp\/v2\/product_cat?post=411005"},{"taxonomy":"product_tag","embeddable":true,"href":"https:\/\/staging.nbg.eu\/et\/wp-json\/wp\/v2\/product_tag?post=411005"}],"curies":[{"name":"wp","href":"https:\/\/api.w.org\/{rel}","templated":true}]}}