{"id":410725,"date":"2025-07-01T16:29:51","date_gmt":"2025-07-01T13:29:51","guid":{"rendered":"https:\/\/staging.nbg.eu\/product\/surefire-csm-09-push-button-switch\/"},"modified":"2025-07-01T16:32:45","modified_gmt":"2025-07-01T13:32:45","slug":"surefire-csm-09-vajutusnupu-lueliti","status":"publish","type":"product","link":"https:\/\/staging.nbg.eu\/et\/toode\/surefire-csm-09-vajutusnupu-lueliti\/","title":{"rendered":"Surefire CSM-09 vajutusnupu l\u00fcliti"},"content":{"rendered":"<div class=\"product-description\">\n<h2>Surefire CSM-09 nuppl\u00fcliti<\/h2>\n<h2>Kaugjuhtimine. Ruumi s\u00e4\u00e4stmine.<\/h2>\n<p>CSM-09 nuppl\u00fcliti on lahendus SureFire WeaponLight&#8217;i kaugjuhtimiseks, s\u00e4\u00e4stes relva siinis\u00fcsteemi ruumi. See kompaktne l\u00fcliti pakub nii hetkelist kui ka p\u00fcsivat sissel\u00fclitamist \u00fche juhtseadmega.<\/p>\n<h3>P\u00f5hiomadused:<\/h3>\n<ul>\n<li>Kaugjuhtimine SureFire WeaponLights&#8217;idele l\u00fclitipesadega<\/li>\n<li>Kompaktne disain ruumi s\u00e4\u00e4stmiseks<\/li>\n<li>Lihtne kinnitamine M-LOK siinidele<\/li>\n<li>Ilmastikukindel konstruktsioon<\/li>\n<li>9-tolline kaabel enamikule p\u00fcssi\/karabiin rakendustele<\/li>\n<\/ul>\n<h3>\u00dchilduvus:<\/h3>\n<p>CSM-09 \u00fchildub j\u00e4rgmiste SureFire WeaponLights mudelitega:<\/p>\n<ul>\n<li>Millennium Universal<\/li>\n<li>Classic Universal<\/li>\n<li>Scout Light (pesaga tagaosaga)<\/li>\n<li>X300<\/li>\n<li>X400 (XT tagaosaga)<\/li>\n<\/ul>\n<h3>Kasutamine:<\/h3>\n<p>WeaponLight&#8217;i aktiveerimine:<\/p>\n<ul>\n<li>Kerge vajutus hetkeliseks sissel\u00fclitamiseks<\/li>\n<li>L\u00e4bi kl\u00f5psamine p\u00fcsivaks sissel\u00fclitamiseks<\/li>\n<\/ul>\n<p>CSM-09 nuppl\u00fcliti on valmistatud SureFire&#8217;i standardite j\u00e4rgi, tagades WeaponLight&#8217;i t\u00f6\u00f6kindluse vajaduse korral. See on vastupidav ja t\u00e4pne taktikalise valgustuse jaoks.<\/p>\n<\/div>\n","protected":false},"excerpt":{"rendered":"<p>Kompaktne M-LOK kaugl\u00fcliti SureFire relvavalgustite jaoks. Hetkeline ja p\u00fcsiv sissel\u00fclitamine.<\/p>\n","protected":false},"featured_media":399887,"template":"","meta":{"_acf_changed":false},"product_brand":[11862],"product_cat":[1542,1543],"product_tag":[],"class_list":{"0":"post-410725","1":"product","2":"type-product","3":"status-publish","4":"has-post-thumbnail","6":"product_brand-surefire","7":"product_cat-light-accessories-et","8":"product_cat-lights-et","10":"first","11":"instock","12":"taxable","13":"shipping-taxable","14":"purchasable","15":"product-type-simple"},"acf":[],"_links":{"self":[{"href":"https:\/\/staging.nbg.eu\/et\/wp-json\/wp\/v2\/product\/410725","targetHints":{"allow":["GET"]}}],"collection":[{"href":"https:\/\/staging.nbg.eu\/et\/wp-json\/wp\/v2\/product"}],"about":[{"href":"https:\/\/staging.nbg.eu\/et\/wp-json\/wp\/v2\/types\/product"}],"wp:featuredmedia":[{"embeddable":true,"href":"https:\/\/staging.nbg.eu\/et\/wp-json\/wp\/v2\/media\/399887"}],"wp:attachment":[{"href":"https:\/\/staging.nbg.eu\/et\/wp-json\/wp\/v2\/media?parent=410725"}],"wp:term":[{"taxonomy":"product_brand","embeddable":true,"href":"https:\/\/staging.nbg.eu\/et\/wp-json\/wp\/v2\/product_brand?post=410725"},{"taxonomy":"product_cat","embeddable":true,"href":"https:\/\/staging.nbg.eu\/et\/wp-json\/wp\/v2\/product_cat?post=410725"},{"taxonomy":"product_tag","embeddable":true,"href":"https:\/\/staging.nbg.eu\/et\/wp-json\/wp\/v2\/product_tag?post=410725"}],"curies":[{"name":"wp","href":"https:\/\/api.w.org\/{rel}","templated":true}]}}