{"id":410415,"date":"2025-05-09T10:48:01","date_gmt":"2025-05-09T07:48:01","guid":{"rendered":"https:\/\/staging.nbg.eu\/product\/surefire-csp-07-push-button-switch\/"},"modified":"2025-07-01T16:09:30","modified_gmt":"2025-07-01T13:09:30","slug":"surefire-csp-07-vajutusnupu-lueliti","status":"publish","type":"product","link":"https:\/\/staging.nbg.eu\/et\/toode\/surefire-csp-07-vajutusnupu-lueliti\/","title":{"rendered":"Surefire CSP-07 vajutusnupu l\u00fcliti"},"content":{"rendered":"<div class=\"product-description\">\n<h2>Surefire CSP-07 nuppl\u00fcliti<\/h2>\n<h2>Kaugjuhtimine. Ruumi s\u00e4\u00e4stmine.<\/h2>\n<p>CSP-07 nuppl\u00fcliti on lahendus SureFire relvavalgustite kaugjuhtimiseks, s\u00e4\u00e4stes relva siinidel ruumi. See kompaktne l\u00fcliti pakub nii hetkelise kui ka p\u00fcsiva sissel\u00fclitamise v\u00f5imalust \u00fchest juhtnupust.<\/p>\n<h3>P\u00f5hiomadused:<\/h3>\n<ul>\n<li>Kaugjuhtimine SureFire relvavalgustite jaoks pistikupesadega<\/li>\n<li>Kompaktne disain siiniruumi efektiivseks kasutamiseks<\/li>\n<li>Hetkeline sissel\u00fclitus kerge vajutusega, p\u00fcsiv sissel\u00fclitus t\u00e4ieliku kl\u00f5psuga<\/li>\n<li>Vastupidav pol\u00fcmeerkorpus<\/li>\n<li>Lihtne kinnitamine Picatinny siinidele<\/li>\n<li>7-tolline kaabel sobib enamikule p\u00fcssi\/karabiin rakendustele<\/li>\n<li>Veekindel l\u00fcliti ja pistik<\/li>\n<\/ul>\n<h3>\u00dchilduvus:<\/h3>\n<p>CSP-07 \u00fchildub SureFire relvavalgustitega, millel on pistikupesad, sealhulgas:<\/p>\n<ul>\n<li>Millennium Universal<\/li>\n<li>Classic Universal<\/li>\n<li>Scout Light (pistikupesaga tagaosaga)<\/li>\n<li>X300<\/li>\n<li>X400 (XT tagaosa komplektiga)<\/li>\n<\/ul>\n<h3>Miks valida CSP-07?<\/h3>\n<p>CSP-07 tagab, et teie relvavalgusti on valmis kasutamiseks. Selle ruumi s\u00e4\u00e4stev disain ja t\u00f6\u00f6riistadeta paigaldus muudavad selle sobivaks taktikalistele professionaalidele ja entusiastidele. CSP-07 tagab kiire ja usaldusv\u00e4\u00e4rse valgustuse igas olukorras.<\/p>\n<\/div>\n","protected":false},"excerpt":{"rendered":"<p>Kaugjuhitav relvavalgustuse aktiveerimine. Kompaktne disain. Hetkelised ja p\u00fcsivad t\u00f6\u00f6re\u017eiimid.<\/p>\n","protected":false},"featured_media":399934,"template":"","meta":{"_acf_changed":false},"product_brand":[11862],"product_cat":[1542,1543],"product_tag":[],"class_list":{"0":"post-410415","1":"product","2":"type-product","3":"status-publish","4":"has-post-thumbnail","6":"product_brand-surefire","7":"product_cat-light-accessories-et","8":"product_cat-lights-et","10":"first","11":"instock","12":"taxable","13":"shipping-taxable","14":"purchasable","15":"product-type-simple"},"acf":[],"_links":{"self":[{"href":"https:\/\/staging.nbg.eu\/et\/wp-json\/wp\/v2\/product\/410415","targetHints":{"allow":["GET"]}}],"collection":[{"href":"https:\/\/staging.nbg.eu\/et\/wp-json\/wp\/v2\/product"}],"about":[{"href":"https:\/\/staging.nbg.eu\/et\/wp-json\/wp\/v2\/types\/product"}],"wp:featuredmedia":[{"embeddable":true,"href":"https:\/\/staging.nbg.eu\/et\/wp-json\/wp\/v2\/media\/399934"}],"wp:attachment":[{"href":"https:\/\/staging.nbg.eu\/et\/wp-json\/wp\/v2\/media?parent=410415"}],"wp:term":[{"taxonomy":"product_brand","embeddable":true,"href":"https:\/\/staging.nbg.eu\/et\/wp-json\/wp\/v2\/product_brand?post=410415"},{"taxonomy":"product_cat","embeddable":true,"href":"https:\/\/staging.nbg.eu\/et\/wp-json\/wp\/v2\/product_cat?post=410415"},{"taxonomy":"product_tag","embeddable":true,"href":"https:\/\/staging.nbg.eu\/et\/wp-json\/wp\/v2\/product_tag?post=410415"}],"curies":[{"name":"wp","href":"https:\/\/api.w.org\/{rel}","templated":true}]}}