{"id":410173,"date":"2025-07-01T15:37:51","date_gmt":"2025-07-01T12:37:51","guid":{"rendered":"https:\/\/staging.nbg.eu\/product\/surefire-g2x-d-tn-tactical-light-tan\/"},"modified":"2025-07-01T15:40:24","modified_gmt":"2025-07-01T12:40:24","slug":"surefire-g2x-d-tn-taktikaline-lamp-tan","status":"publish","type":"product","link":"https:\/\/staging.nbg.eu\/et\/toode\/surefire-g2x-d-tn-taktikaline-lamp-tan\/","title":{"rendered":"Surefire G2X-D-TN taktikaline lamp, tan"},"content":{"rendered":"<h2>Surefire G2X-D-TN taktikaline lamp, pruun<\/h2>\n<p>Surefire G2X-D-TN taktikaline lamp on m\u00f5eldud h\u00e4daolukordadeks. See taskulamp on loodud vastama h\u00e4daabiteenistuste ja v\u00e4litegevuste harrastajate vajadustele.<\/p>\n<h2>P\u00f5hiomadused:<\/h2>\n<ul>\n<li>Vastupidav k\u00f5rge efektiivsusega LED-valgusallikas<\/li>\n<li>Kaks valgustugevust: 600 luumenit (k\u00f5rge) ja 15 luumenit (madal)<\/li>\n<li>T\u00e4pne reflektor optimaalse valgusvihu jaoks<\/li>\n<li>Korrosioonikindel pol\u00fcmeerkorpus koos anodeeritud alumiiniumist \u00e4\u00e4risega<\/li>\n<li>Vajutus-\/kl\u00f5psl\u00fcliti ajutiseks ja p\u00fcsivaks sissel\u00fclitamiseks<\/li>\n<li>O-r\u00f5ngaste ja tihendite abil IPX7 veekindlus ja ilmastikukindlus<\/li>\n<li>T\u00f6\u00f6tab kahe kaasasoleva 123A patareiga, mille s\u00e4ilivusaeg on 10 aastat<\/li>\n<\/ul>\n<h2>J\u00f5udlus:<\/h2>\n<ul>\n<li>K\u00f5rge valgustugevus: 600 luumenit 1,5 tunni jooksul<\/li>\n<li>Madal valgustugevus: 15 luumenit 52 tunni jooksul<\/li>\n<li>Maksimaalne valgustugevus: 8700 kandelat<\/li>\n<li>Valgusvihu ulatus: 187 meetrit<\/li>\n<\/ul>\n<h2>F\u00fc\u00fcsilised omadused:<\/h2>\n<ul>\n<li>Pikkus: 13,2 cm<\/li>\n<li>\u00c4\u00e4rise l\u00e4bim\u00f5\u00f5t: 3,2 cm<\/li>\n<li>Kaal koos patareidega: 125 g<\/li>\n<\/ul>\n<p>Surefire G2X-D-TN taktikaline lamp \u00fchendab suure valgustugevuse ja vastupidavuse. K\u00f5rge valgustugevus sobib oluliste \u00fclesannete jaoks, madal valgustugevus pikendab t\u00f6\u00f6aega v\u00e4hem n\u00f5udlikes olukordades. Pol\u00fcmeerkorpus ja alumiiniumist \u00e4\u00e4ris tagavad t\u00f6\u00f6kindluse erinevates keskkondades.<\/p>\n","protected":false},"excerpt":{"rendered":"<p>Vastupidav 600-luumeniline taktikaline valgusti kahe v\u00f5imsusastme ja ilmastikukindla pol\u00fcmeerkorpusega.<\/p>\n","protected":false},"featured_media":400010,"template":"","meta":{"_acf_changed":false},"product_brand":[11862],"product_cat":[1626,1627,1543],"product_tag":[],"class_list":{"0":"post-410173","1":"product","2":"type-product","3":"status-publish","4":"has-post-thumbnail","6":"product_brand-surefire","7":"product_cat-edc-et","8":"product_cat-edc-lights-et","9":"product_cat-lights-et","11":"first","12":"instock","13":"taxable","14":"shipping-taxable","15":"purchasable","16":"product-type-simple"},"acf":[],"_links":{"self":[{"href":"https:\/\/staging.nbg.eu\/et\/wp-json\/wp\/v2\/product\/410173","targetHints":{"allow":["GET"]}}],"collection":[{"href":"https:\/\/staging.nbg.eu\/et\/wp-json\/wp\/v2\/product"}],"about":[{"href":"https:\/\/staging.nbg.eu\/et\/wp-json\/wp\/v2\/types\/product"}],"wp:featuredmedia":[{"embeddable":true,"href":"https:\/\/staging.nbg.eu\/et\/wp-json\/wp\/v2\/media\/400010"}],"wp:attachment":[{"href":"https:\/\/staging.nbg.eu\/et\/wp-json\/wp\/v2\/media?parent=410173"}],"wp:term":[{"taxonomy":"product_brand","embeddable":true,"href":"https:\/\/staging.nbg.eu\/et\/wp-json\/wp\/v2\/product_brand?post=410173"},{"taxonomy":"product_cat","embeddable":true,"href":"https:\/\/staging.nbg.eu\/et\/wp-json\/wp\/v2\/product_cat?post=410173"},{"taxonomy":"product_tag","embeddable":true,"href":"https:\/\/staging.nbg.eu\/et\/wp-json\/wp\/v2\/product_tag?post=410173"}],"curies":[{"name":"wp","href":"https:\/\/api.w.org\/{rel}","templated":true}]}}