{"id":409639,"date":"2025-07-01T13:39:49","date_gmt":"2025-07-01T10:39:49","guid":{"rendered":"https:\/\/staging.nbg.eu\/product\/surefire-m340v-tn-pro-scout-light-pro\/"},"modified":"2025-07-01T13:42:49","modified_gmt":"2025-07-01T10:42:49","slug":"surefire-m340v-tn-pro-scout-light-pro","status":"publish","type":"product","link":"https:\/\/staging.nbg.eu\/et\/toode\/surefire-m340v-tn-pro-scout-light-pro\/","title":{"rendered":"Surefire M340V-TN-PRO Scout Light Pro"},"content":{"rendered":"<h2>Surefire M340V-TN-PRO Scout Light Pro<\/h2>\n<h2>Valgusta pimedust<\/h2>\n<p>Mini infrapuna Scout Light\u00ae Pro on 3-voldine relvavalgustus, mis on loodud kasutamiseks erinevates valgustingimustes. See valgustusseade pakub:<\/p>\n<ul>\n<li>250 luumenit valget valgust<\/li>\n<li>100 mW n\u00e4htamatut infrapunavalgust \u00f6\u00f6n\u00e4gemisseadmetele<\/li>\n<li>Ei vaja IR-filtreid ega varulampe<\/li>\n<li>SureFire&#8217;i uus madala profiiliga kinnitus (LPM) mitmek\u00fclgseks kasutamiseks<\/li>\n<li>Lihtne l\u00fclitumine valge valguse, v\u00e4ljal\u00fclitatud ja infrapunare\u017eiimi vahel<\/li>\n<li>TIR-l\u00e4\u00e4ts kitsa kiire jaoks l\u00e4hikaugustel kasutamiseks<\/li>\n<\/ul>\n<h3>Vastupidav konstruktsioon<\/h3>\n<p>M340V-TN-PRO on ehitatud vastu pidama rasketes tingimustes ja sellel on:<\/p>\n<ul>\n<li>K\u00f5rgtugevusega lennundusest p\u00e4rit alumiiniumkorpus<\/li>\n<li>S\u00f5jav\u00e4e spetsifikatsioonidele vastav anodeerimine vastupidavuse ja korrosioonikindluse tagamiseks<\/li>\n<li>V\u00e4ga vastupidavad IR- ja valged LED-id<\/li>\n<li>IPX7 veekindluse tase<\/li>\n<\/ul>\n<h3>P\u00f5hilised tehnilised andmed<\/h3>\n<ul>\n<li>Valgustugevus: 250 luumenit (valge) \/ 100 mW (IR)<\/li>\n<li>T\u00f6\u00f6aeg: 1,5 tundi (valge) \/ 6,0 tundi (IR)<\/li>\n<li>Maksimaalne kiire intensiivsus: 9300 kandelat<\/li>\n<li>Valgusvihu ulatus: 190 meetrit<\/li>\n<li>Pikkus: 4,1 tolli (10,4 cm)<\/li>\n<li>Kaal: 3,4 untsi (96,4 g) koos patareiga<\/li>\n<li>Toide: \u00dcks 123A liitiumpaterei (kaasas)<\/li>\n<\/ul>\n<p>Surefire M340V-TN-PRO Scout Light Pro on mitmek\u00fclgne ja t\u00f5hus valgustusseade madala valgustusega taktikalisteks olukordadeks.<\/p>\n","protected":false},"excerpt":{"rendered":"<p>Mitmek\u00fclgne taktikaline valgusti 250 luumeni valge\/100mW infrapunavalgusega, vastupidava disaini ja relsile kinnitatav.<\/p>\n","protected":false},"featured_media":400313,"template":"","meta":{"_acf_changed":false},"product_brand":[11862],"product_cat":[1543,2190],"product_tag":[],"class_list":{"0":"post-409639","1":"product","2":"type-product","3":"status-publish","4":"has-post-thumbnail","6":"product_brand-surefire","7":"product_cat-lights-et","8":"product_cat-rifle-lights-et","10":"first","11":"instock","12":"taxable","13":"shipping-taxable","14":"purchasable","15":"product-type-simple"},"acf":[],"_links":{"self":[{"href":"https:\/\/staging.nbg.eu\/et\/wp-json\/wp\/v2\/product\/409639","targetHints":{"allow":["GET"]}}],"collection":[{"href":"https:\/\/staging.nbg.eu\/et\/wp-json\/wp\/v2\/product"}],"about":[{"href":"https:\/\/staging.nbg.eu\/et\/wp-json\/wp\/v2\/types\/product"}],"wp:featuredmedia":[{"embeddable":true,"href":"https:\/\/staging.nbg.eu\/et\/wp-json\/wp\/v2\/media\/400313"}],"wp:attachment":[{"href":"https:\/\/staging.nbg.eu\/et\/wp-json\/wp\/v2\/media?parent=409639"}],"wp:term":[{"taxonomy":"product_brand","embeddable":true,"href":"https:\/\/staging.nbg.eu\/et\/wp-json\/wp\/v2\/product_brand?post=409639"},{"taxonomy":"product_cat","embeddable":true,"href":"https:\/\/staging.nbg.eu\/et\/wp-json\/wp\/v2\/product_cat?post=409639"},{"taxonomy":"product_tag","embeddable":true,"href":"https:\/\/staging.nbg.eu\/et\/wp-json\/wp\/v2\/product_tag?post=409639"}],"curies":[{"name":"wp","href":"https:\/\/api.w.org\/{rel}","templated":true}]}}