{"id":408044,"date":"2025-07-01T12:00:35","date_gmt":"2025-07-01T09:00:35","guid":{"rendered":"https:\/\/staging.nbg.eu\/product\/surefire-m640df-bk-pro-scout-light-pro-black\/"},"modified":"2025-07-01T12:04:10","modified_gmt":"2025-07-01T09:04:10","slug":"surefire-m640df-bk-pro-scout-light-pro-must","status":"publish","type":"product","link":"https:\/\/staging.nbg.eu\/et\/toode\/surefire-m640df-bk-pro-scout-light-pro-must\/","title":{"rendered":"Surefire M640DF-BK-PRO Scout Light Pro, must"},"content":{"rendered":"<div class=\"product-description\">\n<h2>Surefire M640DF-BK-PRO Scout Light Pro, Must<\/h2>\n<p>Kahek\u00fctuseline Scout Light\u00ae Pro on relvavalgustus, mis \u00fchendab lahingus t\u00f5estatud elemendid uue tehnoloogiaga. See valgustus on m\u00f5eldud kasutamiseks taktikalistel olukordadel, p\u00e4eval v\u00f5i \u00f6\u00f6sel.<\/p>\n<h2>P\u00f5hiomadused:<\/h2>\n<ul>\n<li>Kuni 1500 luumenit valget valgust<\/li>\n<li>Kahek\u00fctuseline: Kasutab kas SF18650B taaslaetavat v\u00f5i kahte 123A liitiumpatareid<\/li>\n<li>Madala profiiliga kinnitus (LPM) optimaalseks paigutuseks<\/li>\n<li>H\u00fcbriidne valgusvihu muster kaugele identifitseerimiseks ja olukorra hindamiseks<\/li>\n<li>Vastupidav k\u00f5rge v\u00f5imsusega LED<\/li>\n<li>Mil-Spec k\u00f5vakattega alumiiniumkorpus vastupidavuse tagamiseks<\/li>\n<\/ul>\n<h2>Mitmek\u00fclgsus ja j\u00f5udlus:<\/h2>\n<p>M640DF-BK-PRO sisaldab uut madala profiiliga kinnitust (LPM), v\u00f5imaldades paindlikku paigutust. \u00dchildub nii MIL-STD-1913 kui ka M-LOK relsiinis\u00fcsteemidega. LED annab 1500 luumenit SF18650B akuga v\u00f5i 1200 luumenit 123A patareidega, pakkudes tasakaalu kauguse ja \u00fcmbritseva valguse vahel l\u00e4bi TIR-l\u00e4\u00e4tse.<\/p>\n<h2>Ehitatud karmideks tingimusteks:<\/h2>\n<p>Valmistatud kergest lennunduses kasutatavast alumiiniumist Mil-Spec k\u00f5vakattega viimistlusega. O-r\u00f5ngastihendid tagavad IPX7 veekindluse. Karastatud aken ja tugev konstruktsioon muudavad selle vastupidavaks.<\/p>\n<h2>Taktikaline \u00fcleolek:<\/h2>\n<p>Maksimaalse valgusvihu intensiivsusega 16 000 kandelat ja valgusvihu ulatusega kuni 250 meetrit. Z68 hetkel\u00fcliti\/p\u00fcsil\u00fcliti nupuga, mida kaitseb taktikaline kate.<\/p>\n<h2>Tehnilised andmed:<\/h2>\n<ul>\n<li>Pikkus: 14,1 cm<\/li>\n<li>Kaal koos patareidega: 156 g<\/li>\n<li>L\u00e4\u00e4tse diameeter: 2,9 cm<\/li>\n<li>Valgustugevus: K\u00f5rge &#8211; 1500 luumenit (SF18650B) \/ 1200 luumenit (123A)<\/li>\n<li>T\u00f6\u00f6aeg: 1,5 tundi (SF18650B) \/ 1,25 tundi (123A)<\/li>\n<\/ul>\n<p>Surefire M640DF-BK-PRO Scout Light Pro on relvale kinnitatav valgustus, mis on m\u00f5eldud kasutamiseks erinevates keskkondades.<\/p>\n<\/div>\n","protected":false},"excerpt":{"rendered":"<p>V\u00f5imas 1500-luumeniline taktikaline valgusti mitmek\u00fclgse kinnitusega l\u00e4hikasutusest kuni pika vahemaa valgustamiseni.<\/p>\n","protected":false},"featured_media":400336,"template":"","meta":{"_acf_changed":false},"product_brand":[11862],"product_cat":[1543,2190],"product_tag":[],"class_list":{"0":"post-408044","1":"product","2":"type-product","3":"status-publish","4":"has-post-thumbnail","6":"product_brand-surefire","7":"product_cat-lights-et","8":"product_cat-rifle-lights-et","10":"first","11":"instock","12":"taxable","13":"shipping-taxable","14":"purchasable","15":"product-type-variable","16":"wvs-archive-product-wrapper"},"acf":[],"_links":{"self":[{"href":"https:\/\/staging.nbg.eu\/et\/wp-json\/wp\/v2\/product\/408044","targetHints":{"allow":["GET"]}}],"collection":[{"href":"https:\/\/staging.nbg.eu\/et\/wp-json\/wp\/v2\/product"}],"about":[{"href":"https:\/\/staging.nbg.eu\/et\/wp-json\/wp\/v2\/types\/product"}],"wp:featuredmedia":[{"embeddable":true,"href":"https:\/\/staging.nbg.eu\/et\/wp-json\/wp\/v2\/media\/400336"}],"wp:attachment":[{"href":"https:\/\/staging.nbg.eu\/et\/wp-json\/wp\/v2\/media?parent=408044"}],"wp:term":[{"taxonomy":"product_brand","embeddable":true,"href":"https:\/\/staging.nbg.eu\/et\/wp-json\/wp\/v2\/product_brand?post=408044"},{"taxonomy":"product_cat","embeddable":true,"href":"https:\/\/staging.nbg.eu\/et\/wp-json\/wp\/v2\/product_cat?post=408044"},{"taxonomy":"product_tag","embeddable":true,"href":"https:\/\/staging.nbg.eu\/et\/wp-json\/wp\/v2\/product_tag?post=408044"}],"curies":[{"name":"wp","href":"https:\/\/api.w.org\/{rel}","templated":true}]}}