{"id":405843,"date":"2025-06-30T21:19:17","date_gmt":"2025-06-30T18:19:17","guid":{"rendered":"https:\/\/staging.nbg.eu\/product\/surefire-scout-infrared-light-m640v-pro-tan\/"},"modified":"2025-06-30T21:21:10","modified_gmt":"2025-06-30T18:21:10","slug":"surefire-scout-infrapunavalgus-m640v-pro-tan","status":"publish","type":"product","link":"https:\/\/staging.nbg.eu\/et\/toode\/surefire-scout-infrapunavalgus-m640v-pro-tan\/","title":{"rendered":"SureFire Scout infrapunavalgus &#8211; M640V PRO &#8211; Tan"},"content":{"rendered":"<h2>SureFire Scout infrapunavalgusti &#8211; M640V PRO &#8211; Pruun<\/h2>\n<p>M640V PRO Scout infrapunavalgusti omadused:<\/p>\n<ul>\n<li>350 luumenit valget valgust ja 120 mW infrapunavalgust<\/li>\n<li>Uus madala profiiliga kinnitus MIL-STD-1913 v\u00f5i M-LOK relsidele<\/li>\n<li>TIR-l\u00e4\u00e4ts kaugele ulatuva ja laia valgusvihu jaoks<\/li>\n<li>Kiire \u00fcmberl\u00fclitus valge ja infrapunavalguse vahel<\/li>\n<li>Valmistatud lennunduses kasutatavast alumiiniumist, s\u00f5jav\u00e4elise standardiga anodeeritud viimistlus<\/li>\n<li>IPX7 veekindlus<\/li>\n<li>Nupuga tagumise katte l\u00fcliti<\/li>\n<\/ul>\n<p>2,5 tundi t\u00f6\u00f6aega k\u00f5rgeimal v\u00f5imsusel ja 214-meetrine valgusvihu ulatus. M640V PRO on m\u00f5eldud keskmise ja pika vahemaa operatsioonideks.<\/p>\n","protected":false},"excerpt":{"rendered":"<p>Mitmek\u00fclgne IR\/valge relvavalgustus 350 luumeni ja 120 mW IR-v\u00e4ljundiga.<\/p>\n","protected":false},"featured_media":353017,"template":"","meta":{"_acf_changed":false},"product_brand":[11862],"product_cat":[1627,1543,2190],"product_tag":[],"class_list":{"0":"post-405843","1":"product","2":"type-product","3":"status-publish","4":"has-post-thumbnail","6":"product_brand-surefire","7":"product_cat-edc-lights-et","8":"product_cat-lights-et","9":"product_cat-rifle-lights-et","11":"first","12":"instock","13":"taxable","14":"shipping-taxable","15":"purchasable","16":"product-type-simple"},"acf":[],"_links":{"self":[{"href":"https:\/\/staging.nbg.eu\/et\/wp-json\/wp\/v2\/product\/405843","targetHints":{"allow":["GET"]}}],"collection":[{"href":"https:\/\/staging.nbg.eu\/et\/wp-json\/wp\/v2\/product"}],"about":[{"href":"https:\/\/staging.nbg.eu\/et\/wp-json\/wp\/v2\/types\/product"}],"wp:featuredmedia":[{"embeddable":true,"href":"https:\/\/staging.nbg.eu\/et\/wp-json\/wp\/v2\/media\/353017"}],"wp:attachment":[{"href":"https:\/\/staging.nbg.eu\/et\/wp-json\/wp\/v2\/media?parent=405843"}],"wp:term":[{"taxonomy":"product_brand","embeddable":true,"href":"https:\/\/staging.nbg.eu\/et\/wp-json\/wp\/v2\/product_brand?post=405843"},{"taxonomy":"product_cat","embeddable":true,"href":"https:\/\/staging.nbg.eu\/et\/wp-json\/wp\/v2\/product_cat?post=405843"},{"taxonomy":"product_tag","embeddable":true,"href":"https:\/\/staging.nbg.eu\/et\/wp-json\/wp\/v2\/product_tag?post=405843"}],"curies":[{"name":"wp","href":"https:\/\/api.w.org\/{rel}","templated":true}]}}