{"id":405734,"date":"2025-06-30T21:14:05","date_gmt":"2025-06-30T18:14:05","guid":{"rendered":"https:\/\/staging.nbg.eu\/product\/surefire-plr-b-edc-flashlight-stiletto-pro\/"},"modified":"2025-06-30T21:15:56","modified_gmt":"2025-06-30T18:15:56","slug":"surefire-plr-b-edc-taskulamp-stiletto-pro","status":"publish","type":"product","link":"https:\/\/staging.nbg.eu\/et\/toode\/surefire-plr-b-edc-taskulamp-stiletto-pro\/","title":{"rendered":"Surefire PLR-B EDC taskulamp &#8211; Stiletto Pro"},"content":{"rendered":"<h2>Surefire PLR-B EDC Taskulamp &#8211; Stiletto Pro<\/h2>\n<p>Stiletto Pro on kompaktne igap\u00e4evane taskulamp. See seade annab 1000 luumenit valget LED-valgust, kasutades SureFire&#8217;i MaxVision Beam\u00ae reflektorit.<\/p>\n<ul>\n<li>Kolm programmeeritavat seadet: 1000 luumenit (k\u00f5rge), 300 luumenit (keskmine) ja 25 luumenit (madal)<\/li>\n<li>\u00d5huke lennundusallumniiumist korpus<\/li>\n<li>Mil-Spec k\u00f5va anodeeritud viimistlus IPX7 veekindlusega<\/li>\n<li>Taktikaline sabal\u00fcliti kiireks k\u00f5rge v\u00e4ljundi ja valikulise stroboskoobi jaoks<\/li>\n<li>Integreeritud USB-C laetav liitium-pol\u00fcmeeraku<\/li>\n<li>LED-k\u00fctusem\u00f5\u00f5dik aku oleku j\u00e4lgimiseks<\/li>\n<li>P\u00f6\u00f6ratav Melonite\u00ae-kattega vedruterasest taskuklamber<\/li>\n<\/ul>\n<p>Stiletto Pro on 4,5 tolli pikk ja kaalub 4 untsi. See mahub taskusse ja pakub professionaalset valgustust.<\/p>\n","protected":false},"excerpt":{"rendered":"<p>Kompaktne, v\u00f5imas 1000-luumeniline igap\u00e4evakasutuseks m\u00f5eldud lamp MaxVision Beam\u00ae tehnoloogiaga.<\/p>\n","protected":false},"featured_media":352661,"template":"","meta":{"_acf_changed":false},"product_brand":[11862],"product_cat":[1626,1627,1543],"product_tag":[],"class_list":{"0":"post-405734","1":"product","2":"type-product","3":"status-publish","4":"has-post-thumbnail","6":"product_brand-surefire","7":"product_cat-edc-et","8":"product_cat-edc-lights-et","9":"product_cat-lights-et","11":"first","12":"instock","13":"taxable","14":"shipping-taxable","15":"purchasable","16":"product-type-simple"},"acf":[],"_links":{"self":[{"href":"https:\/\/staging.nbg.eu\/et\/wp-json\/wp\/v2\/product\/405734","targetHints":{"allow":["GET"]}}],"collection":[{"href":"https:\/\/staging.nbg.eu\/et\/wp-json\/wp\/v2\/product"}],"about":[{"href":"https:\/\/staging.nbg.eu\/et\/wp-json\/wp\/v2\/types\/product"}],"wp:featuredmedia":[{"embeddable":true,"href":"https:\/\/staging.nbg.eu\/et\/wp-json\/wp\/v2\/media\/352661"}],"wp:attachment":[{"href":"https:\/\/staging.nbg.eu\/et\/wp-json\/wp\/v2\/media?parent=405734"}],"wp:term":[{"taxonomy":"product_brand","embeddable":true,"href":"https:\/\/staging.nbg.eu\/et\/wp-json\/wp\/v2\/product_brand?post=405734"},{"taxonomy":"product_cat","embeddable":true,"href":"https:\/\/staging.nbg.eu\/et\/wp-json\/wp\/v2\/product_cat?post=405734"},{"taxonomy":"product_tag","embeddable":true,"href":"https:\/\/staging.nbg.eu\/et\/wp-json\/wp\/v2\/product_tag?post=405734"}],"curies":[{"name":"wp","href":"https:\/\/api.w.org\/{rel}","templated":true}]}}