{"id":405576,"date":"2025-05-05T23:43:01","date_gmt":"2025-05-05T20:43:01","guid":{"rendered":"https:\/\/staging.nbg.eu\/product\/surefire-plr-c-edc-flashlight-stiletto-pro-ii\/"},"modified":"2025-06-30T20:03:27","modified_gmt":"2025-06-30T17:03:27","slug":"surefire-plr-c-edc-taskulamp-stiletto-pro-ii","status":"publish","type":"product","link":"https:\/\/staging.nbg.eu\/et\/toode\/surefire-plr-c-edc-taskulamp-stiletto-pro-ii\/","title":{"rendered":"Surefire PLR-C EDC taskulamp &#8211; Stiletto Pro II"},"content":{"rendered":"<h2>Surefire PLR-C EDC Taskulamp &#8211; Stiletto Pro II<\/h2>\n<p>Stiletto Pro II on igap\u00e4evane taskulamp. See seade \u00fchendab \u00f5hukese profiili ja hea j\u00f5udluse, pakkudes kuni 1500 luumenit h\u00fcbriidkiirt, mis ulatub 375 meetrini.<\/p>\n<ul>\n<li>Topeltoptika tagab 35 000 kandelat kaugvalgustuseks<\/li>\n<li>Kolm programmeeritavat seadet: K\u00f5rge (1500 luumenit), Keskmine (500 luumenit) ja Madal (25 luumenit)<\/li>\n<li>Lennukialumiiniumist korpus tagab vastupidavuse<\/li>\n<li>Taktikaline sabal\u00fcliti valikulise k\u00f5rgsagedusega vilkumisega<\/li>\n<li>Integreeritud USB-C laetav liitium-pol\u00fcmeeraku<\/li>\n<li>LED-k\u00fctusem\u00f5\u00f5dik aku oleku j\u00e4lgimiseks<\/li>\n<li>P\u00f6\u00f6ratav Melonite-kattega vedruterasest taskuklamber<\/li>\n<li>IPX7 veekindel kuni 1 meetri s\u00fcgavusel 30 minutit<\/li>\n<\/ul>\n<p>Stiletto Pro II sobib pimedatel t\u00e4navatel liikumiseks v\u00f5i v\u00e4litegevusteks. Selle mitmek\u00fclgne disain ja j\u00f5udlus muudavad selle sobivaks \u00f5iguskaitseorganitele, s\u00f5jav\u00e4elastele ja tavakasutajatele.<\/p>\n","protected":false},"excerpt":{"rendered":"<p>Sale, v\u00f5imas igap\u00e4evane taskulamp 1500 luumeni ja pika ulatusega valguskiirega.<\/p>\n","protected":false},"featured_media":352337,"template":"","meta":{"_acf_changed":false},"product_brand":[11862],"product_cat":[1626,1627,1543],"product_tag":[],"class_list":{"0":"post-405576","1":"product","2":"type-product","3":"status-publish","4":"has-post-thumbnail","6":"product_brand-surefire","7":"product_cat-edc-et","8":"product_cat-edc-lights-et","9":"product_cat-lights-et","11":"first","12":"outofstock","13":"taxable","14":"shipping-taxable","15":"purchasable","16":"product-type-simple"},"acf":[],"_links":{"self":[{"href":"https:\/\/staging.nbg.eu\/et\/wp-json\/wp\/v2\/product\/405576","targetHints":{"allow":["GET"]}}],"collection":[{"href":"https:\/\/staging.nbg.eu\/et\/wp-json\/wp\/v2\/product"}],"about":[{"href":"https:\/\/staging.nbg.eu\/et\/wp-json\/wp\/v2\/types\/product"}],"wp:featuredmedia":[{"embeddable":true,"href":"https:\/\/staging.nbg.eu\/et\/wp-json\/wp\/v2\/media\/352337"}],"wp:attachment":[{"href":"https:\/\/staging.nbg.eu\/et\/wp-json\/wp\/v2\/media?parent=405576"}],"wp:term":[{"taxonomy":"product_brand","embeddable":true,"href":"https:\/\/staging.nbg.eu\/et\/wp-json\/wp\/v2\/product_brand?post=405576"},{"taxonomy":"product_cat","embeddable":true,"href":"https:\/\/staging.nbg.eu\/et\/wp-json\/wp\/v2\/product_cat?post=405576"},{"taxonomy":"product_tag","embeddable":true,"href":"https:\/\/staging.nbg.eu\/et\/wp-json\/wp\/v2\/product_tag?post=405576"}],"curies":[{"name":"wp","href":"https:\/\/api.w.org\/{rel}","templated":true}]}}