{"id":405333,"date":"2025-06-30T19:47:14","date_gmt":"2025-06-30T16:47:14","guid":{"rendered":"https:\/\/staging.nbg.eu\/product\/compensator-ase-utra-au780-borelock-223-muzzle-brake-1-2x28-unef\/"},"modified":"2025-06-30T19:49:04","modified_gmt":"2025-06-30T16:49:04","slug":"kompensaator-ase-utra-au780-borelock-223-suudmepiduv-12x28-unef","status":"publish","type":"product","link":"https:\/\/staging.nbg.eu\/et\/toode\/kompensaator-ase-utra-au780-borelock-223-suudmepiduv-12x28-unef\/","title":{"rendered":"KOMPENSAATOR ASE UTRA AU780 BoreLock .223 suudmepiduv 1\/2&#8243;x28 UNEF"},"content":{"rendered":"<h2>KOMPENSAATOR ASE UTRA AU780 BoreLock .223 Suudmepidur<\/h2>\n<p>KOMPENSAATOR ASE UTRA AU780 BoreLock .223 suudmepidur BoreLock kiirkinnituss\u00fcsteemiga. See seade on m\u00f5eldud 5,56 mm NATO r\u00fcnnakurelvadele ja kergetele kuulipildujatele, pakkudes kindlat kinnitust.<\/p>\n<h2>P\u00f5hiomadused:<\/h2>\n<ul>\n<li>Keere: 1\/2&#8243;x28 UNEF<\/li>\n<li>Sobib .223 Remington \/ 5,56 NATO-ga<\/li>\n<li>BoreLock kiirkinnituss\u00fcsteem kiireks paigaldamiseks<\/li>\n<li>Kahe avaga disain tagasil\u00f6\u00f6gi v\u00e4hendamiseks<\/li>\n<li>Kompaktne suurus v\u00f5imaldab v\u00e4iksemaid summuti m\u00f5\u00f5tmeid<\/li>\n<li>V\u00e4hendab s\u00e4hvatust ja visuaalset m\u00e4rgatavust<\/li>\n<\/ul>\n<p>AU780 BoreLock suudmepidur on osa ASE UTRA BoreLock kinnituss\u00fcsteemist, mis sisaldab erinevaid leegisummuti kinnitusi ja kinnituskraed. See suudmepidur tagab tagasil\u00f6\u00f6gi kontrolli, s\u00e4ilitades madala profiili.<\/p>\n<p>KOMPENSAATOR ASE UTRA AU780 BoreLock .223 suudmepidur on lisand teie relvale.<\/p>\n","protected":false},"excerpt":{"rendered":"<p>Kompaktne, t\u00f5hus tagasil\u00f6\u00f6gi v\u00e4hendaja .223-kaliibriliste p\u00fcsside jaoks. Kiirkinnituss\u00fcsteem.<\/p>\n","protected":false},"featured_media":359520,"template":"","meta":{"_acf_changed":false},"product_brand":[],"product_cat":[610,840,611],"product_tag":[],"class_list":{"0":"post-405333","1":"product","2":"type-product","3":"status-publish","4":"has-post-thumbnail","6":"product_cat-rifle-et","7":"product_cat-rifle-suppressors-et","8":"product_cat-rifle-parts-et","10":"first","11":"instock","12":"taxable","13":"shipping-taxable","14":"purchasable","15":"product-type-simple"},"acf":[],"_links":{"self":[{"href":"https:\/\/staging.nbg.eu\/et\/wp-json\/wp\/v2\/product\/405333","targetHints":{"allow":["GET"]}}],"collection":[{"href":"https:\/\/staging.nbg.eu\/et\/wp-json\/wp\/v2\/product"}],"about":[{"href":"https:\/\/staging.nbg.eu\/et\/wp-json\/wp\/v2\/types\/product"}],"wp:featuredmedia":[{"embeddable":true,"href":"https:\/\/staging.nbg.eu\/et\/wp-json\/wp\/v2\/media\/359520"}],"wp:attachment":[{"href":"https:\/\/staging.nbg.eu\/et\/wp-json\/wp\/v2\/media?parent=405333"}],"wp:term":[{"taxonomy":"product_brand","embeddable":true,"href":"https:\/\/staging.nbg.eu\/et\/wp-json\/wp\/v2\/product_brand?post=405333"},{"taxonomy":"product_cat","embeddable":true,"href":"https:\/\/staging.nbg.eu\/et\/wp-json\/wp\/v2\/product_cat?post=405333"},{"taxonomy":"product_tag","embeddable":true,"href":"https:\/\/staging.nbg.eu\/et\/wp-json\/wp\/v2\/product_tag?post=405333"}],"curies":[{"name":"wp","href":"https:\/\/api.w.org\/{rel}","templated":true}]}}