{"id":40402,"date":"2024-08-26T13:29:45","date_gmt":"2024-09-09T14:56:15","guid":{"rendered":"https:\/\/staging.nbg.eu\/product\/vanward-hunter-pro\/"},"modified":"2024-09-09T14:58:50","modified_gmt":"2024-09-09T14:58:50","slug":"vanward-hunter-pro","status":"publish","type":"product","link":"https:\/\/staging.nbg.eu\/et\/toode\/vanward-hunter-pro\/","title":{"rendered":"Vanward Hunter PRO"},"content":{"rendered":"<div class=\"product-description\">\n<h2>Vanward Hunter PRO<\/h2>\n<p>Koge \u00fclimat j\u00f5udlust alla 300 grammi kaaluva Vanward Hunter PRO summutiga. Optimeeritud summutussektsioonide vahekaugusega parema r\u00f5hu \u00fchtlustamiseks ja vastupidava kuusnurkse v\u00e4lisdisainiga pakub see summuti paremat ohutust, tugevust ja jahutuse efektiivsust.<\/p>\n<h2>P\u00f5hiomadused:<\/h2>\n<ul>\n<li>3D-prinditud \u00fches t\u00fckis 5. astme titaanist maksimaalse ohutuse ja j\u00f5udluse tagamiseks<\/li>\n<li>\u00c4\u00e4rmiselt vastupidav ja korrosioonikindel<\/li>\n<li>Vahetatavad roostevabast terasest keermesisendid<\/li>\n<li>POM-r\u00f5ngas optimaalseks relvaraua l\u00e4bilaskeks<\/li>\n<li>Saadaval mitme keermega: 1\/2*28&#8243;, 5\/8&#215;24&#8243; M14x1, M14x1.5, M15x1, M16x1, M18x1<\/li>\n<\/ul>\n<h2>Tehnilised andmed:<\/h2>\n<ul>\n<li>L\u00e4bim\u00f5\u00f5t: 48mm<\/li>\n<li>Pikkus: 220mm<\/li>\n<li>Kaal: 295 grammi*<\/li>\n<\/ul>\n<p>Vanward Hunter PRO uuenduslik disain ja \u00fclihead materjalid teevad sellest ideaalse valiku n\u00f5udlikele jahimeestele ja laskespordientusiastidele, kes soovivad parimat summutitehnoloogiat.<\/p>\n<\/div>\n","protected":false},"excerpt":{"rendered":"<p>\u00dclkerge, optimeeritud j\u00f5udlusega titaanist summuti.<\/p>\n","protected":false},"featured_media":102151,"template":"","meta":{"_acf_changed":false},"product_brand":[11933],"product_cat":[610,840,841],"product_tag":[],"class_list":{"0":"post-40402","1":"product","2":"type-product","3":"status-publish","4":"has-post-thumbnail","6":"product_brand-vanward","7":"product_cat-rifle-et","8":"product_cat-rifle-suppressors-et","9":"product_cat-suppressors-et","11":"first","12":"instock","13":"taxable","14":"shipping-taxable","15":"purchasable","16":"product-type-variable","17":"wvs-archive-product-wrapper"},"acf":[],"_links":{"self":[{"href":"https:\/\/staging.nbg.eu\/et\/wp-json\/wp\/v2\/product\/40402","targetHints":{"allow":["GET"]}}],"collection":[{"href":"https:\/\/staging.nbg.eu\/et\/wp-json\/wp\/v2\/product"}],"about":[{"href":"https:\/\/staging.nbg.eu\/et\/wp-json\/wp\/v2\/types\/product"}],"wp:featuredmedia":[{"embeddable":true,"href":"https:\/\/staging.nbg.eu\/et\/wp-json\/wp\/v2\/media\/102151"}],"wp:attachment":[{"href":"https:\/\/staging.nbg.eu\/et\/wp-json\/wp\/v2\/media?parent=40402"}],"wp:term":[{"taxonomy":"product_brand","embeddable":true,"href":"https:\/\/staging.nbg.eu\/et\/wp-json\/wp\/v2\/product_brand?post=40402"},{"taxonomy":"product_cat","embeddable":true,"href":"https:\/\/staging.nbg.eu\/et\/wp-json\/wp\/v2\/product_cat?post=40402"},{"taxonomy":"product_tag","embeddable":true,"href":"https:\/\/staging.nbg.eu\/et\/wp-json\/wp\/v2\/product_tag?post=40402"}],"curies":[{"name":"wp","href":"https:\/\/api.w.org\/{rel}","templated":true}]}}