{"id":39195,"date":"2024-08-26T13:35:02","date_gmt":"2024-09-09T14:48:41","guid":{"rendered":"https:\/\/staging.nbg.eu\/product\/vanward-felt\/"},"modified":"2024-09-09T14:50:20","modified_gmt":"2024-09-09T14:50:20","slug":"vanward-vilt","status":"publish","type":"product","link":"https:\/\/staging.nbg.eu\/et\/toode\/vanward-vilt\/","title":{"rendered":"Vanward vilt"},"content":{"rendered":"<div class=\"product-description\">\n<h2>Vanward Felt Summuti<\/h2>\n<p>Koge summutitehnoloogia j\u00e4rgmist arengut Vanward Felt&#8217;iga, mis on v\u00e4lja t\u00f6\u00f6tatud TE-Titan&#8217;i 3D-prinditud summutitest.<\/p>\n<h2>P\u00f5hiomadused:<\/h2>\n<ul>\n<li>Optimeeritud summutusplaatide vahekaugus \u00fchtlasemaks r\u00f5hu tasakaalustamiseks<\/li>\n<li>Kuusnurkne v\u00e4liskujundus suurema tugevuse ja t\u00f5husama jahutuse tagamiseks<\/li>\n<li>Uskumatult kerge, kaaludes vaid 171 grammi*<\/li>\n<li>3D-prinditud \u00fches t\u00fckis 5. astme titaanist<\/li>\n<li>Roostevabast terasest keermestatud osa<\/li>\n<li>Vastupidav veele, soolalahustele ja p\u00fcssigaasidele<\/li>\n<li>Minimaalne p\u00fcssirohu j\u00e4\u00e4kide kinnitumine<\/li>\n<\/ul>\n<h2>Tehnilised andmed:<\/h2>\n<ul>\n<li>Saadaval kaliibrid: .223, .264, .30<\/li>\n<li>Keermet\u00fc\u00fcbid: M18x1, M15x1, M14x1, 1\/2*28<\/li>\n<li>M\u00f5\u00f5tmed: \u00d842mm x 130mm pikkus<\/li>\n<\/ul>\n<p>Vanward Felt on v\u00e4lja t\u00f6\u00f6tatud koost\u00f6\u00f6s parimate v\u00e4lilaskuritega ning pakub enneolematut ohutust, tugevust ja j\u00f5udlust. Selle integreeritud jahutusribid ja kerge disain muudavad selle ideaalseks v\u00e4lilaskmise rakendusteks.<\/p>\n<p><em>*Kaal M14x1 keermet\u00fc\u00fcbile<\/em><\/p>\n<\/div>\n","protected":false},"excerpt":{"rendered":"<p>Kerge, 3D-prinditud titaanist summuti optimeeritud disainiga.<\/p>\n","protected":false},"featured_media":32220,"template":"","meta":{"_acf_changed":false},"product_brand":[11933],"product_cat":[610,840,841],"product_tag":[],"class_list":{"0":"post-39195","1":"product","2":"type-product","3":"status-publish","4":"has-post-thumbnail","6":"product_brand-vanward","7":"product_cat-rifle-et","8":"product_cat-rifle-suppressors-et","9":"product_cat-suppressors-et","11":"first","12":"instock","13":"taxable","14":"shipping-taxable","15":"purchasable","16":"product-type-variable","17":"wvs-archive-product-wrapper"},"acf":[],"_links":{"self":[{"href":"https:\/\/staging.nbg.eu\/et\/wp-json\/wp\/v2\/product\/39195","targetHints":{"allow":["GET"]}}],"collection":[{"href":"https:\/\/staging.nbg.eu\/et\/wp-json\/wp\/v2\/product"}],"about":[{"href":"https:\/\/staging.nbg.eu\/et\/wp-json\/wp\/v2\/types\/product"}],"wp:featuredmedia":[{"embeddable":true,"href":"https:\/\/staging.nbg.eu\/et\/wp-json\/wp\/v2\/media\/32220"}],"wp:attachment":[{"href":"https:\/\/staging.nbg.eu\/et\/wp-json\/wp\/v2\/media?parent=39195"}],"wp:term":[{"taxonomy":"product_brand","embeddable":true,"href":"https:\/\/staging.nbg.eu\/et\/wp-json\/wp\/v2\/product_brand?post=39195"},{"taxonomy":"product_cat","embeddable":true,"href":"https:\/\/staging.nbg.eu\/et\/wp-json\/wp\/v2\/product_cat?post=39195"},{"taxonomy":"product_tag","embeddable":true,"href":"https:\/\/staging.nbg.eu\/et\/wp-json\/wp\/v2\/product_tag?post=39195"}],"curies":[{"name":"wp","href":"https:\/\/api.w.org\/{rel}","templated":true}]}}