{"id":37928,"date":"2024-08-26T13:54:16","date_gmt":"2024-09-09T14:38:04","guid":{"rendered":"https:\/\/staging.nbg.eu\/product\/vanward-ultra-light\/"},"modified":"2025-05-01T17:52:08","modified_gmt":"2025-05-01T17:52:08","slug":"vanward-ueliker","status":"publish","type":"product","link":"https:\/\/staging.nbg.eu\/et\/toode\/vanward-ueliker\/","title":{"rendered":"Vanward \u00fcliker"},"content":{"rendered":"<h2>Vanwardi \u00fclkerge summuti<\/h2>\n<p>Koge v\u00f5rreldamatut kergust ja j\u00f5udlust Vanwardi \u00fclkerge summutiga. Kaaludes vaid 137 grammi*, on see oma klassi kergeim, ilma et funktsioonides oleks tehtud j\u00e4releandmisi.<\/p>\n<h2>Peamised omadused:<\/h2>\n<ul>\n<li>Optimeeritud summutusplaatide vahed \u00fcliheaks r\u00f5hu \u00fchtlustamiseks<\/li>\n<li>Kuusnurkne v\u00e4liskujundus suurendatud tugevuse ja jahutuse jaoks<\/li>\n<li>3D-prinditud \u00fches t\u00fckis 5. klassi titaanist<\/li>\n<li>\u00c4\u00e4rmiselt vastupidav ja korrosioonikindel<\/li>\n<li>Saadaval kaliibritele .223, .264 ja .30<\/li>\n<li>Keermet\u00fc\u00fcbid: M18x1, M15x1, M14x1, 1\/2*28<\/li>\n<\/ul>\n<h2>Tehnilised andmed:<\/h2>\n<ul>\n<li>L\u00e4bim\u00f5\u00f5t: 42mm<\/li>\n<li>Pikkus: 130mm<\/li>\n<li>Kaal: 137 grammi* (M18 mudel)<\/li>\n<\/ul>\n<p>T\u00f5sta oma laskekogemus uuele tasemele Vanwardi \u00fclkerge summutiga &#8211; kus innovatsioon kohtub j\u00f5udlusega.<\/p>\n","protected":false},"excerpt":{"rendered":"<p>\u00dclkerge titaanist summuti, 137g. 3D-prinditud, vastupidav, t\u00f5husa jahutusega.<\/p>\n","protected":false},"featured_media":32428,"template":"","meta":{"_acf_changed":false},"product_brand":[11933],"product_cat":[610,840,841],"product_tag":[],"class_list":{"0":"post-37928","1":"product","2":"type-product","3":"status-publish","4":"has-post-thumbnail","6":"product_brand-vanward","7":"product_cat-rifle-et","8":"product_cat-rifle-suppressors-et","9":"product_cat-suppressors-et","11":"first","12":"instock","13":"taxable","14":"shipping-taxable","15":"purchasable","16":"product-type-variable","17":"wvs-archive-product-wrapper"},"acf":[],"_links":{"self":[{"href":"https:\/\/staging.nbg.eu\/et\/wp-json\/wp\/v2\/product\/37928","targetHints":{"allow":["GET"]}}],"collection":[{"href":"https:\/\/staging.nbg.eu\/et\/wp-json\/wp\/v2\/product"}],"about":[{"href":"https:\/\/staging.nbg.eu\/et\/wp-json\/wp\/v2\/types\/product"}],"wp:featuredmedia":[{"embeddable":true,"href":"https:\/\/staging.nbg.eu\/et\/wp-json\/wp\/v2\/media\/32428"}],"wp:attachment":[{"href":"https:\/\/staging.nbg.eu\/et\/wp-json\/wp\/v2\/media?parent=37928"}],"wp:term":[{"taxonomy":"product_brand","embeddable":true,"href":"https:\/\/staging.nbg.eu\/et\/wp-json\/wp\/v2\/product_brand?post=37928"},{"taxonomy":"product_cat","embeddable":true,"href":"https:\/\/staging.nbg.eu\/et\/wp-json\/wp\/v2\/product_cat?post=37928"},{"taxonomy":"product_tag","embeddable":true,"href":"https:\/\/staging.nbg.eu\/et\/wp-json\/wp\/v2\/product_tag?post=37928"}],"curies":[{"name":"wp","href":"https:\/\/api.w.org\/{rel}","templated":true}]}}