{"id":37606,"date":"2024-09-02T10:54:46","date_gmt":"2024-09-02T10:54:46","guid":{"rendered":"https:\/\/staging.nbg.eu\/product\/bcm-quick-detach-sling-swivel-heavy-duty-design\/"},"modified":"2024-09-09T14:28:44","modified_gmt":"2024-09-09T14:28:44","slug":"bcm-kiiresti-eemaldatav-rihma-poeoerel-tugevdatud-disain","status":"publish","type":"product","link":"https:\/\/staging.nbg.eu\/et\/toode\/bcm-kiiresti-eemaldatav-rihma-poeoerel-tugevdatud-disain\/","title":{"rendered":"BCM kiiresti eemaldatav rihma p\u00f6\u00f6rel (tugevdatud disain)"},"content":{"rendered":"<div class=\"product-description\">\n<h2>BCM\u00ae Kiirkinnitusega Rihmakinnitusaas (Tugevdatud Disain)<\/h2>\n<p>T\u00e4iustage oma tulirelva funktsionaalsust BCM\u00ae kiirkinnitusega rihmakinnitusaasaga, mis on loodud vastupidavuseks ja usaldusv\u00e4\u00e4rsuseks.<\/p>\n<ul>\n<li>Peitpistiku disain v\u00e4ldib juhuslikku vabanemist, tagades rihma kindla kinnituse<\/li>\n<li>T\u00e4ppistoodetud s\u00fcsinikterasest mangaanfosfaadi viimistlusega, tagades suurep\u00e4rase korrosioonikindluse<\/li>\n<li>Trummelkraaditud ja liivapritsitud enne katmist, et saavutada sile, takistustevaba pind<\/li>\n<li>\u00dchildub 1-1\/4&#8243; rihmadega, pakkudes mitmek\u00fclgsust erinevateks seadistusteks<\/li>\n<li>Tugevdatud konstruktsioon talub intensiivset kasutamist n\u00f5udlikes keskkondades<\/li>\n<\/ul>\n<p>Usaldage BCM-i p\u00fchendumust kvaliteedile ja j\u00f5udlusele. See kiirkinnitusega rihmakinnitusaas on t\u00e4iuslik lisa teie taktikalisele varustusele, v\u00f5imaldades kiiret kinnitamist ja eemaldamist ilma turvalisust ohtu seadmata.<\/p>\n<\/div>\n","protected":false},"excerpt":{"rendered":"<p>Kiir\u00fchendusega tugevdatud rihmakinnitusp\u00f6\u00f6r. Turvaline, vastupidav, sobib 1-1\/4-tolliste kinnitustega.<\/p>\n","protected":false},"featured_media":36977,"template":"","meta":{"_acf_changed":false},"product_brand":[11065],"product_cat":[610,611,743],"product_tag":[],"class_list":{"0":"post-37606","1":"product","2":"type-product","3":"status-publish","4":"has-post-thumbnail","6":"product_brand-bcm","7":"product_cat-rifle-et","8":"product_cat-rifle-parts-et","9":"product_cat-slings-et","11":"first","12":"instock","13":"taxable","14":"shipping-taxable","15":"purchasable","16":"product-type-simple"},"acf":[],"_links":{"self":[{"href":"https:\/\/staging.nbg.eu\/et\/wp-json\/wp\/v2\/product\/37606","targetHints":{"allow":["GET"]}}],"collection":[{"href":"https:\/\/staging.nbg.eu\/et\/wp-json\/wp\/v2\/product"}],"about":[{"href":"https:\/\/staging.nbg.eu\/et\/wp-json\/wp\/v2\/types\/product"}],"wp:featuredmedia":[{"embeddable":true,"href":"https:\/\/staging.nbg.eu\/et\/wp-json\/wp\/v2\/media\/36977"}],"wp:attachment":[{"href":"https:\/\/staging.nbg.eu\/et\/wp-json\/wp\/v2\/media?parent=37606"}],"wp:term":[{"taxonomy":"product_brand","embeddable":true,"href":"https:\/\/staging.nbg.eu\/et\/wp-json\/wp\/v2\/product_brand?post=37606"},{"taxonomy":"product_cat","embeddable":true,"href":"https:\/\/staging.nbg.eu\/et\/wp-json\/wp\/v2\/product_cat?post=37606"},{"taxonomy":"product_tag","embeddable":true,"href":"https:\/\/staging.nbg.eu\/et\/wp-json\/wp\/v2\/product_tag?post=37606"}],"curies":[{"name":"wp","href":"https:\/\/api.w.org\/{rel}","templated":true}]}}