{"id":37583,"date":"2024-09-02T16:31:14","date_gmt":"2024-09-02T16:31:14","guid":{"rendered":"https:\/\/staging.nbg.eu\/product\/bcm-mcmr-sm-quick-detachable-sling-mount-m-lok-compatible\/"},"modified":"2024-09-09T14:21:47","modified_gmt":"2024-09-09T14:21:47","slug":"bcm-mcmr-sm-kiiresti-eemaldatav-rihma-kinnitus-m-lok-uehilduv","status":"publish","type":"product","link":"https:\/\/staging.nbg.eu\/et\/toode\/bcm-mcmr-sm-kiiresti-eemaldatav-rihma-kinnitus-m-lok-uehilduv\/","title":{"rendered":"BCM MCMR-SM kiiresti eemaldatav rihma kinnitus (M-LOK \u00fchilduv)"},"content":{"rendered":"<div class=\"product-description\">\n<h2>BCM\u00ae MCMR-SM Kiirkinnitusega Rihmakinnitusseade (M-LOK\u00ae \u00fchilduv*)<\/h2>\n<p>Suurendage oma tulirelva mitmek\u00fclgsust BCM\u00ae MCMR-SM kiirkinnitusega rihmakinnitusseadmega. See madala profiiliga lisavarustus on loodud suurendatud liikuvuse ja v\u00e4hendatud takerdumise potentsiaaliga, muutes selle oluliseks lisandiks teie M-LOK\u00ae \u00fchilduvale seadistusele.<\/p>\n<ul>\n<li>M-LOK\u00ae \u00fchilduv lihtsaks paigaldamiseks<\/li>\n<li>Sobib standardsetele nupuvajutusega kiirkinnitusega rihmap\u00f6\u00f6rdele (ei kuulu komplekti)<\/li>\n<li>8-positsiooniline (360\u00b0) mittep\u00f6\u00f6rlev lukustusliides optimaalseks rihma paigutamiseks<\/li>\n<li>Vastupidav t\u00e4isteraskonstruktsioon tagab pikaajalise j\u00f5udluse<\/li>\n<\/ul>\n<p>Kogege paremat man\u00f6\u00f6verdamisv\u00f5imet ja kiiret rihma kinnitamist selle tugeva, madala profiiliga kinnitusega. M\u00e4rkus: Kiirkinnitusega rihmap\u00f6\u00f6rel m\u00fc\u00fcakse eraldi.<\/p>\n<\/div>\n","protected":false},"excerpt":{"rendered":"<p>BCM\u00ae MCMR-SM QD rihmakinnitusmehhanism: Madala profiiliga, M-LOK-\u00fchilduv.<\/p>\n","protected":false},"featured_media":37047,"template":"","meta":{"_acf_changed":false},"product_brand":[11065],"product_cat":[610,611,743],"product_tag":[],"class_list":{"0":"post-37583","1":"product","2":"type-product","3":"status-publish","4":"has-post-thumbnail","6":"product_brand-bcm","7":"product_cat-rifle-et","8":"product_cat-rifle-parts-et","9":"product_cat-slings-et","11":"first","12":"instock","13":"taxable","14":"shipping-taxable","15":"purchasable","16":"product-type-simple"},"acf":[],"_links":{"self":[{"href":"https:\/\/staging.nbg.eu\/et\/wp-json\/wp\/v2\/product\/37583","targetHints":{"allow":["GET"]}}],"collection":[{"href":"https:\/\/staging.nbg.eu\/et\/wp-json\/wp\/v2\/product"}],"about":[{"href":"https:\/\/staging.nbg.eu\/et\/wp-json\/wp\/v2\/types\/product"}],"wp:featuredmedia":[{"embeddable":true,"href":"https:\/\/staging.nbg.eu\/et\/wp-json\/wp\/v2\/media\/37047"}],"wp:attachment":[{"href":"https:\/\/staging.nbg.eu\/et\/wp-json\/wp\/v2\/media?parent=37583"}],"wp:term":[{"taxonomy":"product_brand","embeddable":true,"href":"https:\/\/staging.nbg.eu\/et\/wp-json\/wp\/v2\/product_brand?post=37583"},{"taxonomy":"product_cat","embeddable":true,"href":"https:\/\/staging.nbg.eu\/et\/wp-json\/wp\/v2\/product_cat?post=37583"},{"taxonomy":"product_tag","embeddable":true,"href":"https:\/\/staging.nbg.eu\/et\/wp-json\/wp\/v2\/product_tag?post=37583"}],"curies":[{"name":"wp","href":"https:\/\/api.w.org\/{rel}","templated":true}]}}