{"id":37558,"date":"2024-09-02T16:34:30","date_gmt":"2024-09-02T16:34:30","guid":{"rendered":"https:\/\/staging.nbg.eu\/product\/bcm-3-inch-picatinny-rail-section-aluminum-m-lok-compatible\/"},"modified":"2024-09-09T14:09:51","modified_gmt":"2024-09-09T14:09:51","slug":"bcm-3-tolli-picatinny-raudtee-sektsioon-alumiinium-m-lok-uehilduv","status":"publish","type":"product","link":"https:\/\/staging.nbg.eu\/et\/toode\/bcm-3-tolli-picatinny-raudtee-sektsioon-alumiinium-m-lok-uehilduv\/","title":{"rendered":"BCM 3 tolli Picatinny raudtee sektsioon, alumiinium (M-LOK \u00fchilduv)"},"content":{"rendered":"<div class=\"product-description\">\n<h2>BCM\u00ae 3-tolline Picatinny r\u00f6\u00f6pasektsioon, alumiinium (M-LOK\u00ae \u00fchilduv*)<\/h2>\n<p>Suurendage oma tulirelva mitmek\u00fclgsust BCM\u00ae 3-tollise Picatinny r\u00f6\u00f6pasektsiooniga. See kvaliteetne lisatarvik on valmistatud tugevdatud lennukite alumiiniumsulamist, tagades vastupidavuse ja pika eluea n\u00f5udlikes keskkondades.<\/p>\n<ul>\n<li>Toodetud vastavalt Mil-Standard 1913 Picatinny Arsenali spetsifikatsioonidele<\/li>\n<li>Takerdumiskindel disain sujuvaks k\u00e4sitsemiseks<\/li>\n<li>M-LOK\u00ae \u00fchilduv lihtsaks paigaldamiseks ja eemaldamiseks<\/li>\n<li>Kerge, kuid tugev konstruktsioon<\/li>\n<li>Ideaalne erinevate lisatarvikute, sealhulgas valgustite, laserite ja k\u00e4epidemete kinnitamiseks<\/li>\n<\/ul>\n<p>See r\u00f6\u00f6pasektsioon \u00fchendab funktsionaalsuse taktikalise esteetikaga, v\u00f5imaldades teil kohandada oma tulirelva vastavalt konkreetsetele vajadustele. Olgu te professionaalne operaator v\u00f5i entusiast, BCM\u00ae 3-tolline Picatinny r\u00f6\u00f6pasektsioon on oluline t\u00e4iendus teie varustusele.<\/p>\n<\/div>\n","protected":false},"excerpt":{"rendered":"<p>BCM\u00ae 3&#8243; Picatinny relss: Mil-Spec standardile vastav, M-LOK-iga \u00fchilduv, takerdumiskindel<\/p>\n","protected":false},"featured_media":37186,"template":"","meta":{"_acf_changed":false},"product_brand":[11065],"product_cat":[722,610,611],"product_tag":[],"class_list":{"0":"post-37558","1":"product","2":"type-product","3":"status-publish","4":"has-post-thumbnail","6":"product_brand-bcm","7":"product_cat-rails-et","8":"product_cat-rifle-et","9":"product_cat-rifle-parts-et","11":"first","12":"instock","13":"taxable","14":"shipping-taxable","15":"purchasable","16":"product-type-simple"},"acf":[],"_links":{"self":[{"href":"https:\/\/staging.nbg.eu\/et\/wp-json\/wp\/v2\/product\/37558","targetHints":{"allow":["GET"]}}],"collection":[{"href":"https:\/\/staging.nbg.eu\/et\/wp-json\/wp\/v2\/product"}],"about":[{"href":"https:\/\/staging.nbg.eu\/et\/wp-json\/wp\/v2\/types\/product"}],"wp:featuredmedia":[{"embeddable":true,"href":"https:\/\/staging.nbg.eu\/et\/wp-json\/wp\/v2\/media\/37186"}],"wp:attachment":[{"href":"https:\/\/staging.nbg.eu\/et\/wp-json\/wp\/v2\/media?parent=37558"}],"wp:term":[{"taxonomy":"product_brand","embeddable":true,"href":"https:\/\/staging.nbg.eu\/et\/wp-json\/wp\/v2\/product_brand?post=37558"},{"taxonomy":"product_cat","embeddable":true,"href":"https:\/\/staging.nbg.eu\/et\/wp-json\/wp\/v2\/product_cat?post=37558"},{"taxonomy":"product_tag","embeddable":true,"href":"https:\/\/staging.nbg.eu\/et\/wp-json\/wp\/v2\/product_tag?post=37558"}],"curies":[{"name":"wp","href":"https:\/\/api.w.org\/{rel}","templated":true}]}}