{"id":37502,"date":"2024-09-02T16:37:54","date_gmt":"2024-09-02T16:37:54","guid":{"rendered":"https:\/\/staging.nbg.eu\/product\/bcm-kag-m-lok-compatible\/"},"modified":"2024-09-09T14:01:14","modified_gmt":"2024-09-09T14:01:14","slug":"bcm-kag-m-lok-uehilduv","status":"publish","type":"product","link":"https:\/\/staging.nbg.eu\/et\/toode\/bcm-kag-m-lok-uehilduv\/","title":{"rendered":"BCM KAG &#8211; (M-LOK \u00fchilduv)"},"content":{"rendered":"<div class=\"product-description\">\n<h2>BCM\u00ae KAG &#8211; Kinesteetiline Nurga Haardepide (M-LOK\u00ae \u00fchilduv*)<\/h2>\n<p>T\u00e4iustage oma laskekogemust BCM\u00ae KAG-ga, mis on BCM\u00ae ja Travis Haley (Haley Strategic Partners) koost\u00f6\u00f6 tulemus. See uuenduslik haardepide sisaldab j\u00e4rgmisi omadusi:<\/p>\n<ul>\n<li>Biomehhaaniliselt efektiivne ettepoole kalle positiivseks hoidmiseks<\/li>\n<li>Liigesstressi leevendus randmele, k\u00fc\u00fcnarnukile ja \u00f5lale<\/li>\n<li>Tekstureeritud esi- ja tagaosa \u00fchtlaseks haardeks<\/li>\n<li>&#8220;C-klambri&#8221; haarde ja toetatud laskeasendite jaoks ideaalne<\/li>\n<li>Kompaktne disain relva paremaks k\u00e4sitsemiseks<\/li>\n<li>Valmistatud USA-s kvaliteetsetest l\u00f6\u00f6gikindlatest pol\u00fcmeeridest<\/li>\n<\/ul>\n<p>KAG-i ergonoomiline disain t\u00e4iendab kaasaegseid laskegraafikuid, v\u00f5imaldades sujuvaid \u00fcleminekuid ja paremat efektiivsust ilma relvas\u00fcsteemile lisamahtu lisamata.<\/p>\n<\/div>\n","protected":false},"excerpt":{"rendered":"<p>BCM\u00ae KAG: Ergonoomiline M-LOK\u00ae k\u00e4epide parema relva kontrolli saavutamiseks.<\/p>\n","protected":false},"featured_media":37350,"template":"","meta":{"_acf_changed":false},"product_brand":[11065],"product_cat":[489],"product_tag":[],"class_list":{"0":"post-37502","1":"product","2":"type-product","3":"status-publish","4":"has-post-thumbnail","6":"product_brand-bcm","7":"product_cat-uncategorized-et","9":"first","10":"instock","11":"taxable","12":"shipping-taxable","13":"purchasable","14":"product-type-variable","15":"wvs-archive-product-wrapper"},"acf":[],"_links":{"self":[{"href":"https:\/\/staging.nbg.eu\/et\/wp-json\/wp\/v2\/product\/37502","targetHints":{"allow":["GET"]}}],"collection":[{"href":"https:\/\/staging.nbg.eu\/et\/wp-json\/wp\/v2\/product"}],"about":[{"href":"https:\/\/staging.nbg.eu\/et\/wp-json\/wp\/v2\/types\/product"}],"wp:featuredmedia":[{"embeddable":true,"href":"https:\/\/staging.nbg.eu\/et\/wp-json\/wp\/v2\/media\/37350"}],"wp:attachment":[{"href":"https:\/\/staging.nbg.eu\/et\/wp-json\/wp\/v2\/media?parent=37502"}],"wp:term":[{"taxonomy":"product_brand","embeddable":true,"href":"https:\/\/staging.nbg.eu\/et\/wp-json\/wp\/v2\/product_brand?post=37502"},{"taxonomy":"product_cat","embeddable":true,"href":"https:\/\/staging.nbg.eu\/et\/wp-json\/wp\/v2\/product_cat?post=37502"},{"taxonomy":"product_tag","embeddable":true,"href":"https:\/\/staging.nbg.eu\/et\/wp-json\/wp\/v2\/product_tag?post=37502"}],"curies":[{"name":"wp","href":"https:\/\/api.w.org\/{rel}","templated":true}]}}