{"id":37446,"date":"2024-09-02T10:45:09","date_gmt":"2024-09-09T13:25:00","guid":{"rendered":"https:\/\/staging.nbg.eu\/product\/condition-one-j-arm-45-1-70\/"},"modified":"2024-09-09T13:25:33","modified_gmt":"2024-09-09T13:25:33","slug":"condition-one-j-varras-45-170","status":"publish","type":"product","link":"https:\/\/staging.nbg.eu\/et\/toode\/condition-one-j-varras-45-170\/","title":{"rendered":"Condition One J-varras 45\u00b0 1.70"},"content":{"rendered":"<div class=\"product-description\">\n<h2>Condition One J-Arm 45\u00b0 1,70<\/h2>\n<p>T\u00e4iendage oma Condition One modulaarset kinnitust (C.O.M.M.) mitmek\u00fclgse Condition One J-Arm-iga. See oluline lisatarvik pakub v\u00f5rreldamatut paindlikkust erinevate lisaseadmete kinnitamiseks teie seadmestikule.<\/p>\n<ul>\n<li>45\u00b0 nurk optimaalseks positsioneerimiseks<\/li>\n<li>1,70&#8243; pikkus t\u00e4pseks lisaseadmete paigutamiseks<\/li>\n<li>Ambidekstroosne disain &#8211; kinnitage vasakule v\u00f5i paremale<\/li>\n<li>Reguleeritav ette- ja tahapoole paigutus<\/li>\n<li>Valmistatud vastupidavast 7075-T6 alumiiniumist<\/li>\n<li>III t\u00fc\u00fcpi k\u00f5va anooditud viimistlus<\/li>\n<li>Saadaval pruuni ja musta v\u00e4rvi<\/li>\n<\/ul>\n<p>Kohandage oma varustuse paigutust lihtsalt ja t\u00f5husalt. J-Arm-i kohanemisv\u00f5ime v\u00f5imaldab operaatoritel optimeerida oma seadmestikku iga missiooni v\u00f5i eelistuse jaoks. Koge \u00fclimat kvaliteeti ja funktsionaalsust Condition One J-Arm 45\u00b0 1,70-ga.<\/p>\n<\/div>\n","protected":false},"excerpt":{"rendered":"<p>Mitmek\u00fclgne 45\u00b0 J-kujuline kinnitus C.O.M.M.-ile. Vastupidavast alumiiniumist, reguleeritav.<\/p>\n","protected":false},"featured_media":35358,"template":"","meta":{"_acf_changed":false},"product_brand":[11086],"product_cat":[772,774,610,611],"product_tag":[],"class_list":{"0":"post-37446","1":"product","2":"type-product","3":"status-publish","4":"has-post-thumbnail","6":"product_brand-badger-ordnance","7":"product_cat-aiming-et","8":"product_cat-red-dots-et","9":"product_cat-rifle-et","10":"product_cat-rifle-parts-et","12":"first","13":"instock","14":"taxable","15":"shipping-taxable","16":"purchasable","17":"product-type-simple"},"acf":[],"_links":{"self":[{"href":"https:\/\/staging.nbg.eu\/et\/wp-json\/wp\/v2\/product\/37446","targetHints":{"allow":["GET"]}}],"collection":[{"href":"https:\/\/staging.nbg.eu\/et\/wp-json\/wp\/v2\/product"}],"about":[{"href":"https:\/\/staging.nbg.eu\/et\/wp-json\/wp\/v2\/types\/product"}],"wp:featuredmedia":[{"embeddable":true,"href":"https:\/\/staging.nbg.eu\/et\/wp-json\/wp\/v2\/media\/35358"}],"wp:attachment":[{"href":"https:\/\/staging.nbg.eu\/et\/wp-json\/wp\/v2\/media?parent=37446"}],"wp:term":[{"taxonomy":"product_brand","embeddable":true,"href":"https:\/\/staging.nbg.eu\/et\/wp-json\/wp\/v2\/product_brand?post=37446"},{"taxonomy":"product_cat","embeddable":true,"href":"https:\/\/staging.nbg.eu\/et\/wp-json\/wp\/v2\/product_cat?post=37446"},{"taxonomy":"product_tag","embeddable":true,"href":"https:\/\/staging.nbg.eu\/et\/wp-json\/wp\/v2\/product_tag?post=37446"}],"curies":[{"name":"wp","href":"https:\/\/api.w.org\/{rel}","templated":true}]}}