{"id":36668,"date":"2024-07-29T19:05:32","date_gmt":"2024-09-02T14:41:37","guid":{"rendered":"https:\/\/staging.nbg.eu\/product\/medium-tkn-refill-advanced\/"},"modified":"2024-09-02T14:42:31","modified_gmt":"2024-09-02T14:42:31","slug":"keskmine-tkn-taeide-advanced","status":"publish","type":"product","link":"https:\/\/staging.nbg.eu\/et\/toode\/keskmine-tkn-taeide-advanced\/","title":{"rendered":"Keskmine TKN t\u00e4ide &#8211; ADVANCED"},"content":{"rendered":"<div class=\"product-description\">\n<h2>Keskmine TKN!\u2122 T\u00e4itekomplekt &#8211; EDASIJ\u00d5UDNUD, tootja BlueForceGear<\/h2>\n<p>T\u00e4iendage oma traumakomplekti BlueForceGeari keskmise TKN!\u2122 t\u00e4itekomplektiga &#8211; EDASIJ\u00d5UDNUD. See p\u00f5hjalik t\u00e4itepakk on m\u00f5eldud teie olemasoleva TKN!\u2122 (Trauma Kit NOW!) t\u00e4iendamiseks v\u00f5i uue, t\u00e4ielikult varustatud traumakomplekti loomiseks h\u00e4daolukordadeks.<\/p>\n<h2>P\u00f5hiomadused:<\/h2>\n<ul>\n<li>T\u00e4ielik komplekt edasij\u00f5udnud meditsiinilisi tarvikuid traumahoolduseks<\/li>\n<li>Sisaldab olulisi esemeid raskete vigastuste raviks<\/li>\n<li>Kompaktne ja organiseeritud kiireks juurdep\u00e4\u00e4suks h\u00e4daolukordades<\/li>\n<li>K\u00f5rgekvaliteedilised, s\u00f5jav\u00e4elise kvaliteediga komponendid<\/li>\n<li>Sobib \u00f5iguskaitseorganitele, s\u00f5jav\u00e4ele ja tsiviilkasutuseks<\/li>\n<\/ul>\n<h2>Komplekti sisu:<\/h2>\n<ul>\n<li>Edasij\u00f5udnute t\u00e4itepakk sisaldab:\n<li>1. Traumakindad (rullitud 1x paar)<\/li>\n<li>2. Quikclot lahingusidemematerjal (1x)<\/li>\n<li>3. H\u00e4daolukorra traumaside 6&#8243; (1x)<\/li>\n<li>4. H\u00fcpotermia tekk<\/li>\n<li>5. Lametasku teip (1x)<\/li>\n<li>6. Kokkusurutud marlitampoonid (1x)<\/li>\n<li>7. Traumak\u00e4\u00e4rid (1x)<\/li>\n<li>8. T\u00e4issuuruses rindkereplaaster (1x kaksikpakk)<\/li>\n<li>9. Ninaneelutoru (1x)<\/li>\n<li>10. Dekompressioonin\u00f5el (1x)<\/li>\n<\/ul>\n<p>Keskmine TKN!\u2122 t\u00e4itepakk &#8211; EDASIJ\u00d5UDNUD on oskuslikult koostatud, et pakkuda teile vahendeid tugeva verejooksu, pingepneumotooraksi ja hingamisteede takistuste lahendamiseks. Iga komponent on hoolikalt valitud oma t\u00f5hususe ja kasutamislihtsuse j\u00e4rgi k\u00f5rge stressiga olukordades.<\/p>\n<p>Olgu te esmaabi andja, matkaja v\u00f5i lihtsalt valmistumas ootamatuteks h\u00e4daolukordadeks, see t\u00e4itepakk tagab, et olete varustatud kriitiliste vigastustega toimetulekuks, kuni saabub professionaalne meditsiiniline abi. \u00c4rge tehke ohutuses j\u00e4releandmisi &#8211; valige BlueForceGeari keskmine TKN!\u2122 t\u00e4itepakk &#8211; EDASIJ\u00d5UDNUD usaldusv\u00e4\u00e4rse, elusid p\u00e4\u00e4stev varustuse jaoks.<\/p>\n<p><strong>M\u00e4rkus:<\/strong> Nende meditsiiniliste tarvikute kasutamise kohta on soovitatav l\u00e4bida vastav koolitus, et tagada optimaalne t\u00f5husus h\u00e4daolukordades.<\/p>\n<\/div>\n","protected":false},"excerpt":{"rendered":"<p>Kompaktne, t\u00e4iustatud traumakomplekti t\u00e4itepakk kriitiliseks esmaabiks v\u00e4litingimustes.<\/p>\n","protected":false},"featured_media":36677,"template":"","meta":{"_acf_changed":false},"product_brand":[11132],"product_cat":[542,1830],"product_tag":[],"class_list":{"0":"post-36668","1":"product","2":"type-product","3":"status-publish","4":"has-post-thumbnail","6":"product_brand-blue-force-gear","7":"product_cat-gear-et","8":"product_cat-medical-et","10":"first","11":"instock","12":"taxable","13":"shipping-taxable","14":"purchasable","15":"product-type-simple"},"acf":[],"_links":{"self":[{"href":"https:\/\/staging.nbg.eu\/et\/wp-json\/wp\/v2\/product\/36668","targetHints":{"allow":["GET"]}}],"collection":[{"href":"https:\/\/staging.nbg.eu\/et\/wp-json\/wp\/v2\/product"}],"about":[{"href":"https:\/\/staging.nbg.eu\/et\/wp-json\/wp\/v2\/types\/product"}],"wp:featuredmedia":[{"embeddable":true,"href":"https:\/\/staging.nbg.eu\/et\/wp-json\/wp\/v2\/media\/36677"}],"wp:attachment":[{"href":"https:\/\/staging.nbg.eu\/et\/wp-json\/wp\/v2\/media?parent=36668"}],"wp:term":[{"taxonomy":"product_brand","embeddable":true,"href":"https:\/\/staging.nbg.eu\/et\/wp-json\/wp\/v2\/product_brand?post=36668"},{"taxonomy":"product_cat","embeddable":true,"href":"https:\/\/staging.nbg.eu\/et\/wp-json\/wp\/v2\/product_cat?post=36668"},{"taxonomy":"product_tag","embeddable":true,"href":"https:\/\/staging.nbg.eu\/et\/wp-json\/wp\/v2\/product_tag?post=36668"}],"curies":[{"name":"wp","href":"https:\/\/api.w.org\/{rel}","templated":true}]}}