{"id":36370,"date":"2024-07-29T19:14:09","date_gmt":"2024-09-02T14:16:53","guid":{"rendered":"https:\/\/staging.nbg.eu\/product\/ten-speed-cummerbund-flap-triple-m4\/"},"modified":"2025-02-16T15:59:56","modified_gmt":"2025-02-16T15:59:56","slug":"ten-speed-kummerbund-klapp-kolmekordne-m4","status":"publish","type":"product","link":"https:\/\/staging.nbg.eu\/et\/toode\/ten-speed-kummerbund-klapp-kolmekordne-m4\/","title":{"rendered":"Ten-Speed kummerbund klapp &#8211; kolmekordne M4"},"content":{"rendered":"<div class=\"product-description\">\n<h2>Ten-Speed\u00ae kolmekordne \u00fcksteise peale asetatav salveplatvorm Crye Precision\u00ae AVS \/ JPC \/ AirLite jaoks, tootja BlueForceGear<\/h2>\n<p>Ten-Speed\u00ae kolmekordne \u00fcksteise peale asetatav salveplatvorm on m\u00f5eldud Crye Precision\u00ae AVS, JPC ja AirLite platvormidele. Platvormi omadused:<\/p>\n<ul>\n<li>Kerge ja vastupidav konstruktsioon<\/li>\n<li>Hoiab kindlalt kolme p\u00fcstolisalve<\/li>\n<li>Ten-Speed\u00ae elastne materjal kiireks juurdep\u00e4\u00e4suks ja hoidmiseks<\/li>\n<li>\u00dcksteise peale asetatav disain kohandatavaks paigutuseks<\/li>\n<li>\u00dchildub MOLLE\/PALS kinnituss\u00fcsteemiga<\/li>\n<li>Valmistatud USA-s<\/li>\n<\/ul>\n<p>BlueForceGear&#8217;i salveplatvorm parandab t\u00f5husust ja kohanemisv\u00f5imet v\u00e4litingimustes.<\/p>\n<\/div>\n","protected":false},"excerpt":{"rendered":"<p>Mitmek\u00fclgne kolmekordne salvetasku Crye Precision\u00ae varustusele. Kiire juurdep\u00e4\u00e4s, \u00fcksteise peale laotav disain.<\/p>\n","protected":false},"featured_media":0,"template":"","meta":{"_acf_changed":false},"product_brand":[11132],"product_cat":[542,1203,543],"product_tag":[],"class_list":{"0":"post-36370","1":"product","2":"type-product","3":"status-publish","5":"product_brand-blue-force-gear","6":"product_cat-gear-et","7":"product_cat-magazine-holders-et","8":"product_cat-pouches-et","10":"first","11":"instock","12":"taxable","13":"shipping-taxable","14":"purchasable","15":"product-type-variable","16":"wvs-archive-product-wrapper"},"acf":[],"_links":{"self":[{"href":"https:\/\/staging.nbg.eu\/et\/wp-json\/wp\/v2\/product\/36370","targetHints":{"allow":["GET"]}}],"collection":[{"href":"https:\/\/staging.nbg.eu\/et\/wp-json\/wp\/v2\/product"}],"about":[{"href":"https:\/\/staging.nbg.eu\/et\/wp-json\/wp\/v2\/types\/product"}],"wp:attachment":[{"href":"https:\/\/staging.nbg.eu\/et\/wp-json\/wp\/v2\/media?parent=36370"}],"wp:term":[{"taxonomy":"product_brand","embeddable":true,"href":"https:\/\/staging.nbg.eu\/et\/wp-json\/wp\/v2\/product_brand?post=36370"},{"taxonomy":"product_cat","embeddable":true,"href":"https:\/\/staging.nbg.eu\/et\/wp-json\/wp\/v2\/product_cat?post=36370"},{"taxonomy":"product_tag","embeddable":true,"href":"https:\/\/staging.nbg.eu\/et\/wp-json\/wp\/v2\/product_tag?post=36370"}],"curies":[{"name":"wp","href":"https:\/\/api.w.org\/{rel}","templated":true}]}}