{"id":36338,"date":"2024-07-30T18:54:40","date_gmt":"2024-09-02T13:54:30","guid":{"rendered":"https:\/\/staging.nbg.eu\/product\/mag-now-single-m4-pouch\/"},"modified":"2024-09-02T13:55:15","modified_gmt":"2024-09-02T13:55:15","slug":"mag-now-ueksik-m4-tasku","status":"publish","type":"product","link":"https:\/\/staging.nbg.eu\/et\/toode\/mag-now-ueksik-m4-tasku\/","title":{"rendered":"MAG NOW \u00fcksik M4 tasku"},"content":{"rendered":"<div class=\"product-description\">\n<h2>MAG NOW! \u00dcKSIK M4 SALVETASKU BlueForceGear&#8217;ilt<\/h2>\n<p>MAG NOW! \u00dcKSIK M4 SALVETASKU on mitmek\u00fclgne ja vastupidav salve kandja, mis on loodud kiireks juurdep\u00e4\u00e4suks ja kindlaks kinnituseks. Omadused on j\u00e4rgmised:<\/p>\n<ul>\n<li>\u00dclkerge konstruktsioon, kasutades patenteeritud ULTRAcomp materjali<\/li>\n<li>Reguleeritav kinnitus erinevatele salvet\u00fc\u00fcpidele<\/li>\n<li>MOLLE-\u00fchilduv kinnituss\u00fcsteem<\/li>\n<li>Ambidekstrine disain kasutamiseks nii vasaku- kui paremak\u00e4elistele<\/li>\n<li>Madala profiiliga vorm v\u00e4hendatud kogukuse jaoks<\/li>\n<\/ul>\n<p>Ideaalne s\u00f5jav\u00e4elastele, \u00f5iguskaitseorganitele ja v\u00f5istluslaskuritele, kes n\u00f5uavad kiireid salvevahetusi ja usaldusv\u00e4\u00e4rset varustust.<\/p>\n<\/div>\n","protected":false},"excerpt":{"rendered":"<p>Turvaline, kiire juurdep\u00e4\u00e4suga M4 salvekott. Vastupidav, kerge disain.<\/p>\n","protected":false},"featured_media":34631,"template":"","meta":{"_acf_changed":false},"product_brand":[11132],"product_cat":[542,1203,543],"product_tag":[],"class_list":{"0":"post-36338","1":"product","2":"type-product","3":"status-publish","4":"has-post-thumbnail","6":"product_brand-blue-force-gear","7":"product_cat-gear-et","8":"product_cat-magazine-holders-et","9":"product_cat-pouches-et","11":"first","12":"instock","13":"taxable","14":"shipping-taxable","15":"purchasable","16":"product-type-variable","17":"wvs-archive-product-wrapper"},"acf":[],"_links":{"self":[{"href":"https:\/\/staging.nbg.eu\/et\/wp-json\/wp\/v2\/product\/36338","targetHints":{"allow":["GET"]}}],"collection":[{"href":"https:\/\/staging.nbg.eu\/et\/wp-json\/wp\/v2\/product"}],"about":[{"href":"https:\/\/staging.nbg.eu\/et\/wp-json\/wp\/v2\/types\/product"}],"wp:featuredmedia":[{"embeddable":true,"href":"https:\/\/staging.nbg.eu\/et\/wp-json\/wp\/v2\/media\/34631"}],"wp:attachment":[{"href":"https:\/\/staging.nbg.eu\/et\/wp-json\/wp\/v2\/media?parent=36338"}],"wp:term":[{"taxonomy":"product_brand","embeddable":true,"href":"https:\/\/staging.nbg.eu\/et\/wp-json\/wp\/v2\/product_brand?post=36338"},{"taxonomy":"product_cat","embeddable":true,"href":"https:\/\/staging.nbg.eu\/et\/wp-json\/wp\/v2\/product_cat?post=36338"},{"taxonomy":"product_tag","embeddable":true,"href":"https:\/\/staging.nbg.eu\/et\/wp-json\/wp\/v2\/product_tag?post=36338"}],"curies":[{"name":"wp","href":"https:\/\/api.w.org\/{rel}","templated":true}]}}