{"id":35541,"date":"2024-07-30T14:27:38","date_gmt":"2024-09-02T13:33:12","guid":{"rendered":"https:\/\/staging.nbg.eu\/product\/blueforcegear-grid-belt\/"},"modified":"2024-09-02T13:34:05","modified_gmt":"2024-09-02T13:34:05","slug":"blueforcegear-grid-voeoe","status":"publish","type":"product","link":"https:\/\/staging.nbg.eu\/et\/toode\/blueforcegear-grid-voeoe\/","title":{"rendered":"BlueForceGear GRID v\u00f6\u00f6"},"content":{"rendered":"<p>BlueForceGear GRID\u2122 v\u00f6\u00f6 on mitmek\u00fclgne ja vastupidav taktikaline v\u00f6\u00f6, mis on disainitud pakkuma maksimaalset mugavust ja funktsionaalsust. Innovaatilise MOLLE-\u00fchilduva GRID\u2122 s\u00fcsteemiga varustatud v\u00f6\u00f6 v\u00f5imaldab kohandatavat taskute ja tarvikute kinnitamist. Valmistatud vastupidavatest materjalidest, pakub see erakordset tugevust ja pikaealisust.<\/p>\n<ul>\n<li>Kerge, kuid tugev disain<\/li>\n<li>Kiirvabastatav cobra-pannal lihtsaks pealepanekuks ja eemaldamiseks<\/li>\n<li>Reguleeritav t\u00e4iusliku istuvuse saavutamiseks<\/li>\n<li>\u00dchildub ametlike ja varjatud kandmise kabuuridega<\/li>\n<li>Saadaval mitmes v\u00e4rvitoonis ja suuruses<\/li>\n<\/ul>\n<p>Koge v\u00f5rreldamatut tuge ja paindlikkust BlueForceGear GRID\u2122 v\u00f6\u00f6ga, mis on ideaalne \u00f5iguskaitseorganitele, s\u00f5jav\u00e4elastele ja taktikahuvilistele.<\/p>\n","protected":false},"excerpt":{"rendered":"<p>Vastupidav, madala profiiliga taktikaline v\u00f6\u00f6 mitmek\u00fclgseks varustuse kinnitamiseks.<\/p>\n","protected":false},"featured_media":35542,"template":"","meta":{"_acf_changed":false},"product_brand":[11132],"product_cat":[542,1809],"product_tag":[],"class_list":{"0":"post-35541","1":"product","2":"type-product","3":"status-publish","4":"has-post-thumbnail","6":"product_brand-blue-force-gear","7":"product_cat-gear-et","8":"product_cat-tactical-belts-et","10":"first","11":"instock","12":"taxable","13":"shipping-taxable","14":"purchasable","15":"product-type-variable","16":"wvs-archive-product-wrapper"},"acf":[],"_links":{"self":[{"href":"https:\/\/staging.nbg.eu\/et\/wp-json\/wp\/v2\/product\/35541","targetHints":{"allow":["GET"]}}],"collection":[{"href":"https:\/\/staging.nbg.eu\/et\/wp-json\/wp\/v2\/product"}],"about":[{"href":"https:\/\/staging.nbg.eu\/et\/wp-json\/wp\/v2\/types\/product"}],"wp:featuredmedia":[{"embeddable":true,"href":"https:\/\/staging.nbg.eu\/et\/wp-json\/wp\/v2\/media\/35542"}],"wp:attachment":[{"href":"https:\/\/staging.nbg.eu\/et\/wp-json\/wp\/v2\/media?parent=35541"}],"wp:term":[{"taxonomy":"product_brand","embeddable":true,"href":"https:\/\/staging.nbg.eu\/et\/wp-json\/wp\/v2\/product_brand?post=35541"},{"taxonomy":"product_cat","embeddable":true,"href":"https:\/\/staging.nbg.eu\/et\/wp-json\/wp\/v2\/product_cat?post=35541"},{"taxonomy":"product_tag","embeddable":true,"href":"https:\/\/staging.nbg.eu\/et\/wp-json\/wp\/v2\/product_tag?post=35541"}],"curies":[{"name":"wp","href":"https:\/\/api.w.org\/{rel}","templated":true}]}}