{"id":34795,"date":"2024-07-30T19:21:28","date_gmt":"2024-08-27T14:43:32","guid":{"rendered":"https:\/\/staging.nbg.eu\/product\/leg-strap-for-holster-adapter\/"},"modified":"2024-08-27T14:44:19","modified_gmt":"2024-08-27T14:44:19","slug":"jalariihm-tupiadapteri-jaoks","status":"publish","type":"product","link":"https:\/\/staging.nbg.eu\/et\/toode\/jalariihm-tupiadapteri-jaoks\/","title":{"rendered":"Jalariihm tupiadapteri jaoks"},"content":{"rendered":"<div class=\"product-description\">\n<h2>BlueForceGear reiekinnitusrihm kabuuriadapterile<\/h2>\n<p>Parandage oma kabuuri stabiilsust ja mugavust BlueForceGeari reiekinnitusrihmaga kabuuriadapterile. See vastupidav, reguleeritav rihm on loodud kinnitama teie kabuuri reie k\u00fclge, tagades usaldusv\u00e4\u00e4rse ja \u00fchtlase t\u00f5mbe.<\/p>\n<ul>\n<h3>Omadused:<\/h3>\n<li>\u00dchildub enamike kabuuriadapteritega<\/li>\n<li>Reguleeritav t\u00e4iuslikuks sobivuseks<\/li>\n<li>Valmistatud kvaliteetsetest, hingavatest materjalidest<\/li>\n<li>Libisemiskindel disain maksimaalse stabiilsuse tagamiseks<\/li>\n<li>Kiirvabastuspannal lihtsaks pealepanekuks ja eemaldamiseks<\/li>\n<\/ul>\n<p>Ideaalne \u00f5iguskaitseorganitele, s\u00f5jav\u00e4ele ja tsiviilkasutuseks, see reierihm tagab, et teie kabuur p\u00fcsib paigal ka intensiivse tegevuse ajal.<\/p>\n<\/div>\n","protected":false},"excerpt":{"rendered":"<p>Turvaline jalarihmik parandab kabuurikindlust sujuvaks relvahaaramiseks.<\/p>\n","protected":false},"featured_media":34796,"template":"","meta":{"_acf_changed":false},"product_brand":[11132],"product_cat":[542,1002,1003],"product_tag":[],"class_list":{"0":"post-34795","1":"product","2":"type-product","3":"status-publish","4":"has-post-thumbnail","6":"product_brand-blue-force-gear","7":"product_cat-gear-et","8":"product_cat-holster-et","9":"product_cat-holster-accessories-et","11":"first","12":"instock","13":"taxable","14":"shipping-taxable","15":"purchasable","16":"product-type-variable","17":"wvs-archive-product-wrapper"},"acf":[],"_links":{"self":[{"href":"https:\/\/staging.nbg.eu\/et\/wp-json\/wp\/v2\/product\/34795","targetHints":{"allow":["GET"]}}],"collection":[{"href":"https:\/\/staging.nbg.eu\/et\/wp-json\/wp\/v2\/product"}],"about":[{"href":"https:\/\/staging.nbg.eu\/et\/wp-json\/wp\/v2\/types\/product"}],"wp:featuredmedia":[{"embeddable":true,"href":"https:\/\/staging.nbg.eu\/et\/wp-json\/wp\/v2\/media\/34796"}],"wp:attachment":[{"href":"https:\/\/staging.nbg.eu\/et\/wp-json\/wp\/v2\/media?parent=34795"}],"wp:term":[{"taxonomy":"product_brand","embeddable":true,"href":"https:\/\/staging.nbg.eu\/et\/wp-json\/wp\/v2\/product_brand?post=34795"},{"taxonomy":"product_cat","embeddable":true,"href":"https:\/\/staging.nbg.eu\/et\/wp-json\/wp\/v2\/product_cat?post=34795"},{"taxonomy":"product_tag","embeddable":true,"href":"https:\/\/staging.nbg.eu\/et\/wp-json\/wp\/v2\/product_tag?post=34795"}],"curies":[{"name":"wp","href":"https:\/\/api.w.org\/{rel}","templated":true}]}}