{"id":34629,"date":"2024-07-30T19:26:43","date_gmt":"2024-08-27T14:29:57","guid":{"rendered":"https:\/\/staging.nbg.eu\/product\/mag-now-triple-m4-pouch\/"},"modified":"2024-08-27T14:30:48","modified_gmt":"2024-08-27T14:30:48","slug":"mag-now-kolmekordne-m4-tasku","status":"publish","type":"product","link":"https:\/\/staging.nbg.eu\/et\/toode\/mag-now-kolmekordne-m4-tasku\/","title":{"rendered":"MAG NOW kolmekordne M4 tasku"},"content":{"rendered":"<p><strong>MAG NOW! TRIPLE M4 POUCH<\/strong> BlueForceGear&#8217;ilt on k\u00f5rge j\u00f5udlusega salvelaekas, mis on loodud taktikalistele professionaalidele ja entusiastidele. Omadused h\u00f5lmavad:<\/p>\n<ul>\n<li>Mahutab turvaliselt kolm 30-lasulist M4\/AR-15 salve<\/li>\n<li>Vastupidav 500D Cordura nailonist konstruktsioon<\/li>\n<li>Helium Whisper kinnituss\u00fcsteem kerge MOLLE \u00fchilduvuse jaoks<\/li>\n<li>Kiirjuurdep\u00e4\u00e4suga kummipaelast kinnitusrihmad<\/li>\n<li>Madala profiiliga disain v\u00e4hendatud mahu jaoks<\/li>\n<li>Saadaval mitmes v\u00e4rvitoonis, et sobituda teie varustusega<\/li>\n<\/ul>\n<p>T\u00e4iendage oma varustust selle mitmek\u00fclgse ja usaldusv\u00e4\u00e4rse taskuga, mis tagab kiire salvevahetus, kui iga sekund loeb.<\/p>\n","protected":false},"excerpt":{"rendered":"<p>Turvaline kolmekordne M4 salvetasku. Kiire juurdep\u00e4\u00e4s. Vastupidav disain.<\/p>\n","protected":false},"featured_media":34630,"template":"","meta":{"_acf_changed":false},"product_brand":[11132],"product_cat":[542,1203,543],"product_tag":[],"class_list":{"0":"post-34629","1":"product","2":"type-product","3":"status-publish","4":"has-post-thumbnail","6":"product_brand-blue-force-gear","7":"product_cat-gear-et","8":"product_cat-magazine-holders-et","9":"product_cat-pouches-et","11":"first","12":"instock","13":"taxable","14":"shipping-taxable","15":"purchasable","16":"product-type-variable","17":"wvs-archive-product-wrapper"},"acf":[],"_links":{"self":[{"href":"https:\/\/staging.nbg.eu\/et\/wp-json\/wp\/v2\/product\/34629","targetHints":{"allow":["GET"]}}],"collection":[{"href":"https:\/\/staging.nbg.eu\/et\/wp-json\/wp\/v2\/product"}],"about":[{"href":"https:\/\/staging.nbg.eu\/et\/wp-json\/wp\/v2\/types\/product"}],"wp:featuredmedia":[{"embeddable":true,"href":"https:\/\/staging.nbg.eu\/et\/wp-json\/wp\/v2\/media\/34630"}],"wp:attachment":[{"href":"https:\/\/staging.nbg.eu\/et\/wp-json\/wp\/v2\/media?parent=34629"}],"wp:term":[{"taxonomy":"product_brand","embeddable":true,"href":"https:\/\/staging.nbg.eu\/et\/wp-json\/wp\/v2\/product_brand?post=34629"},{"taxonomy":"product_cat","embeddable":true,"href":"https:\/\/staging.nbg.eu\/et\/wp-json\/wp\/v2\/product_cat?post=34629"},{"taxonomy":"product_tag","embeddable":true,"href":"https:\/\/staging.nbg.eu\/et\/wp-json\/wp\/v2\/product_tag?post=34629"}],"curies":[{"name":"wp","href":"https:\/\/api.w.org\/{rel}","templated":true}]}}