{"id":34431,"date":"2024-07-30T19:30:06","date_gmt":"2024-08-27T14:17:52","guid":{"rendered":"https:\/\/staging.nbg.eu\/product\/admin-pouch\/"},"modified":"2024-08-27T14:18:54","modified_gmt":"2024-08-27T14:18:54","slug":"haldustasku","status":"publish","type":"product","link":"https:\/\/staging.nbg.eu\/et\/toode\/haldustasku\/","title":{"rendered":"Haldustasku"},"content":{"rendered":"<div class=\"product-description\">\n<h2>BlueForceGear Administratiivtasku<\/h2>\n<p>P\u00fcsi v\u00e4litingimustes organiseerituna BlueForceGear administratiivtaskuga. See mitmek\u00fclgne tasku on ideaalne olulise varustuse hoidmiseks ja ligip\u00e4\u00e4suks:<\/p>\n<ul>\n<li>Vastupidav 500D Cordura konstruktsioon<\/li>\n<li>MOLLE-\u00fchilduv lihtsaks kinnitamiseks<\/li>\n<li>Mitu sisemist taskut ja elastset aasa<\/li>\n<li>Turvaline t\u00f5mblukuga sulgemine<\/li>\n<li>Saadaval mitmes v\u00e4rvitoonis<\/li>\n<\/ul>\n<p>Ideaalne s\u00f5jav\u00e4elastele, korrakaitsjatele ja looduses\u00f5pradele. Hoia oma administratiivsed esemed organiseerituna ja lihtsasti ligip\u00e4\u00e4setavana selle tugeva ja funktsionaalse taskuga.<\/p>\n<\/div>\n","protected":false},"excerpt":{"rendered":"<p>Kompaktne ja mitmek\u00fclgne administratiivkott oluliste varustuste organiseerimiseks liikvel olles.<\/p>\n","protected":false},"featured_media":34438,"template":"","meta":{"_acf_changed":false},"product_brand":[11132],"product_cat":[542,543],"product_tag":[],"class_list":{"0":"post-34431","1":"product","2":"type-product","3":"status-publish","4":"has-post-thumbnail","6":"product_brand-blue-force-gear","7":"product_cat-gear-et","8":"product_cat-pouches-et","10":"first","11":"instock","12":"taxable","13":"shipping-taxable","14":"purchasable","15":"product-type-variable","16":"wvs-archive-product-wrapper"},"acf":[],"_links":{"self":[{"href":"https:\/\/staging.nbg.eu\/et\/wp-json\/wp\/v2\/product\/34431","targetHints":{"allow":["GET"]}}],"collection":[{"href":"https:\/\/staging.nbg.eu\/et\/wp-json\/wp\/v2\/product"}],"about":[{"href":"https:\/\/staging.nbg.eu\/et\/wp-json\/wp\/v2\/types\/product"}],"wp:featuredmedia":[{"embeddable":true,"href":"https:\/\/staging.nbg.eu\/et\/wp-json\/wp\/v2\/media\/34438"}],"wp:attachment":[{"href":"https:\/\/staging.nbg.eu\/et\/wp-json\/wp\/v2\/media?parent=34431"}],"wp:term":[{"taxonomy":"product_brand","embeddable":true,"href":"https:\/\/staging.nbg.eu\/et\/wp-json\/wp\/v2\/product_brand?post=34431"},{"taxonomy":"product_cat","embeddable":true,"href":"https:\/\/staging.nbg.eu\/et\/wp-json\/wp\/v2\/product_cat?post=34431"},{"taxonomy":"product_tag","embeddable":true,"href":"https:\/\/staging.nbg.eu\/et\/wp-json\/wp\/v2\/product_tag?post=34431"}],"curies":[{"name":"wp","href":"https:\/\/api.w.org\/{rel}","templated":true}]}}