{"id":34084,"date":"2024-07-30T19:31:05","date_gmt":"2024-08-27T14:08:49","guid":{"rendered":"https:\/\/staging.nbg.eu\/product\/boo-boo-pouch\/"},"modified":"2024-08-27T14:10:02","modified_gmt":"2024-08-27T14:10:02","slug":"boo-boo-tasku","status":"publish","type":"product","link":"https:\/\/staging.nbg.eu\/et\/toode\/boo-boo-tasku\/","title":{"rendered":"Boo Boo tasku"},"content":{"rendered":"<p>Blue Force Geari Boo Boo kott on kompaktne, mitmek\u00fclgne meditsiiniline komplekt, mis on m\u00f5eldud igap\u00e4evaseks kaasaskandmiseks. See kerge kott kinnitub h\u00f5lpsasti teie varustuse k\u00fclge, kasutades MOLLE\/PALS-s\u00fcsteemi v\u00f5i v\u00f6\u00f6aasasid. Valmistatud vastupidavast 500D Cordura nailonist, on see loodud taluma karmides tingimustes.<\/p>\n<ul>\n<li>M\u00f5\u00f5tmed: 10,16 cm x 10,16 cm x 5,08 cm<\/li>\n<li>Mitu kinnitusviisi<\/li>\n<li>Sisemised elastsed aasad korrastamiseks<\/li>\n<li>Saadaval erinevates v\u00e4rvides<\/li>\n<li>Ideaalne p\u00f5hiliste esmaabivahendite hoidmiseks<\/li>\n<\/ul>\n<p>Olgu te matkamas, telkimas v\u00f5i t\u00f6\u00f6postil, Boo Boo kott tagab, et olete valmis v\u00e4iksemate vigastuste ja h\u00e4daolukordade jaoks. Kompaktne, kuid ruumikas, on see h\u00e4davajalik lisa teie igap\u00e4evasele varustusele.<\/p>\n","protected":false},"excerpt":{"rendered":"<p>Kompaktne meditsiiniline kott esmat\u00e4htsate esmaabivahendite kaasaskandmiseks.<\/p>\n","protected":false},"featured_media":34090,"template":"","meta":{"_acf_changed":false},"product_brand":[11132],"product_cat":[542,543],"product_tag":[],"class_list":{"0":"post-34084","1":"product","2":"type-product","3":"status-publish","4":"has-post-thumbnail","6":"product_brand-blue-force-gear","7":"product_cat-gear-et","8":"product_cat-pouches-et","10":"first","11":"instock","12":"taxable","13":"shipping-taxable","14":"purchasable","15":"product-type-variable","16":"wvs-archive-product-wrapper"},"acf":[],"_links":{"self":[{"href":"https:\/\/staging.nbg.eu\/et\/wp-json\/wp\/v2\/product\/34084","targetHints":{"allow":["GET"]}}],"collection":[{"href":"https:\/\/staging.nbg.eu\/et\/wp-json\/wp\/v2\/product"}],"about":[{"href":"https:\/\/staging.nbg.eu\/et\/wp-json\/wp\/v2\/types\/product"}],"wp:featuredmedia":[{"embeddable":true,"href":"https:\/\/staging.nbg.eu\/et\/wp-json\/wp\/v2\/media\/34090"}],"wp:attachment":[{"href":"https:\/\/staging.nbg.eu\/et\/wp-json\/wp\/v2\/media?parent=34084"}],"wp:term":[{"taxonomy":"product_brand","embeddable":true,"href":"https:\/\/staging.nbg.eu\/et\/wp-json\/wp\/v2\/product_brand?post=34084"},{"taxonomy":"product_cat","embeddable":true,"href":"https:\/\/staging.nbg.eu\/et\/wp-json\/wp\/v2\/product_cat?post=34084"},{"taxonomy":"product_tag","embeddable":true,"href":"https:\/\/staging.nbg.eu\/et\/wp-json\/wp\/v2\/product_tag?post=34084"}],"curies":[{"name":"wp","href":"https:\/\/api.w.org\/{rel}","templated":true}]}}