{"id":33671,"date":"2024-07-30T19:33:04","date_gmt":"2024-08-27T13:14:10","guid":{"rendered":"https:\/\/staging.nbg.eu\/product\/mag-now-single-pistol-pouch-bullets-flat\/"},"modified":"2024-08-27T13:15:08","modified_gmt":"2024-08-27T13:15:08","slug":"mag-now-ueksik-puestolitasku-padrunitega-lameda-kueljes","status":"publish","type":"product","link":"https:\/\/staging.nbg.eu\/et\/toode\/mag-now-ueksik-puestolitasku-padrunitega-lameda-kueljes\/","title":{"rendered":"MAG NOW \u00fcksik p\u00fcstolitasku padrunitega lameda k\u00fcljes"},"content":{"rendered":"<p>\nBlue Force Gear&#8217;i <strong>MAG NOW! \u00dcKSIKU P\u00dcSTOLI SALVETASKU (KUULID LAMEDALT)<\/strong> on mitmek\u00fclgne ja vastupidav lahendus p\u00fcstoli salve kandmiseks. Omadused:<\/p>\n<ul>\n<li>Madala profiiliga disain diskreetseks kandmiseks<\/li>\n<li>Kindel kinnitus kiirvabastusv\u00f5imalusega<\/li>\n<li>\u00dchildub enamiku topeltrealiste p\u00fcstolisalvedega<\/li>\n<li>Kerge ULTRAcomp konstruktsioon<\/li>\n<li>MOLLE\/PALS-\u00fchilduv<\/li>\n<li>Saadaval mitmes v\u00e4rvitoonis<\/li>\n<\/ul>\n<p>Sobib suurep\u00e4raselt s\u00f5jav\u00e4e, \u00f5iguskaitseorganite ja tsiviilisikute kasutamiseks, pakkudes kiiret juurdep\u00e4\u00e4su ja usaldusv\u00e4\u00e4rset toimivust igas olukorras. T\u00e4iendage oma varustust Blue Force Gear&#8217;i innovaatilise disainiga.<\/p>\n","protected":false},"excerpt":{"rendered":"<p>\u00d5huke, turvaline p\u00fcstolimagasini tasku. Lamedad padrunid. Kiire juurdep\u00e4\u00e4suga disain.<\/p>\n","protected":false},"featured_media":33672,"template":"","meta":{"_acf_changed":false},"product_brand":[11132],"product_cat":[542,543],"product_tag":[],"class_list":{"0":"post-33671","1":"product","2":"type-product","3":"status-publish","4":"has-post-thumbnail","6":"product_brand-blue-force-gear","7":"product_cat-gear-et","8":"product_cat-pouches-et","10":"first","11":"instock","12":"taxable","13":"shipping-taxable","14":"purchasable","15":"product-type-variable","16":"wvs-archive-product-wrapper"},"acf":[],"_links":{"self":[{"href":"https:\/\/staging.nbg.eu\/et\/wp-json\/wp\/v2\/product\/33671","targetHints":{"allow":["GET"]}}],"collection":[{"href":"https:\/\/staging.nbg.eu\/et\/wp-json\/wp\/v2\/product"}],"about":[{"href":"https:\/\/staging.nbg.eu\/et\/wp-json\/wp\/v2\/types\/product"}],"wp:featuredmedia":[{"embeddable":true,"href":"https:\/\/staging.nbg.eu\/et\/wp-json\/wp\/v2\/media\/33672"}],"wp:attachment":[{"href":"https:\/\/staging.nbg.eu\/et\/wp-json\/wp\/v2\/media?parent=33671"}],"wp:term":[{"taxonomy":"product_brand","embeddable":true,"href":"https:\/\/staging.nbg.eu\/et\/wp-json\/wp\/v2\/product_brand?post=33671"},{"taxonomy":"product_cat","embeddable":true,"href":"https:\/\/staging.nbg.eu\/et\/wp-json\/wp\/v2\/product_cat?post=33671"},{"taxonomy":"product_tag","embeddable":true,"href":"https:\/\/staging.nbg.eu\/et\/wp-json\/wp\/v2\/product_tag?post=33671"}],"curies":[{"name":"wp","href":"https:\/\/api.w.org\/{rel}","templated":true}]}}